{"id":192,"date":"2026-01-01T01:45:38","date_gmt":"2026-01-01T00:45:38","guid":{"rendered":"https:\/\/wolnemotyle.pl\/?page_id=192"},"modified":"2026-01-01T01:46:46","modified_gmt":"2026-01-01T00:46:46","slug":"rozdzial-22-jeden-wielki-hologram","status":"publish","type":"page","link":"https:\/\/wolnemotyle.pl\/?page_id=192","title":{"rendered":"ROZDZIA\u0141 22 &#8211; Jeden wielki hologram?"},"content":{"rendered":"\n<p>&nbsp;&nbsp;&nbsp;&nbsp;&nbsp;&nbsp;&nbsp;&nbsp;&nbsp;&nbsp;&nbsp;Pytanie: My\u015bla\u0142em, \u017ce gdy m\u00f3wimy o wszech\u015bwiecie holograficznym, oznacza to, \u017ce wszyscy jeste\u015bmy cz\u0119\u015bci\u0105 jednego du\u017cego hologramu.<\/p>\n\n\n\n<p>&nbsp;&nbsp;&nbsp;&nbsp;&nbsp;&nbsp;&nbsp;&nbsp;&nbsp;&nbsp;&nbsp;Odpowied\u017a: To bardzo powszechne nieporozumienie, ale po prostu nie mo\u017ce by\u0107 prawdziwe.<\/p>\n\n\n\n<p>Je\u015bli neurofizjolog Karl Pribram ma racj\u0119, m\u00f3wi\u0105c, \u017ce ludzki m\u00f3zg jest odbiornikiem i t\u0142umaczem holograficznym\u2026<\/p>\n\n\n\n<blockquote class=\"wp-block-quote is-layout-flow wp-block-quote-is-layout-flow\">\n<p>&nbsp;&nbsp;&nbsp;&nbsp;&nbsp;&nbsp;&nbsp;&nbsp;<em>&nbsp;&nbsp;&nbsp;&#8220;M\u00f3zg sam w sobie jest hologramem&#8230; kt\u00f3ry matematycznie konstruuje \u201etward\u0105\u201d rzeczywisto\u015b\u0107, polegaj\u0105c na danych wej\u015bciowych z odpowiednich cz\u0119stotliwo\u015bci.&#8221;<\/em><\/p>\n<\/blockquote>\n\n\n\n<p class=\"has-text-align-right\" style=\"font-size:14px\"><em>Michael Talbot <\/em><a href=\"https:\/\/ksiegarniainternetowa.co.uk\/pl\/holograficzny_wszechswiat-9788381716062\"><em>The Holographic Universe<\/em><\/a><\/p>\n\n\n\n<p>&nbsp;&nbsp;&nbsp;&nbsp;&nbsp;&nbsp;&nbsp;&nbsp;&nbsp;&nbsp;&nbsp;&nbsp;&#8230;to znaczy, \u017ce nie mo\u017ce istnie\u0107 jeden wielki hologram.<\/p>\n\n\n\n<p>&nbsp;&nbsp;&nbsp;&nbsp;&nbsp;&nbsp;&nbsp;&nbsp;&nbsp;&nbsp;&nbsp;Je\u017celi fizyczny wszech\u015bwiat, w kt\u00f3rym \u017cyjemy, by\u0142by jednym ogromnym hologramem, kt\u00f3ry jest wsp\u00f3\u0142dzielony przez nas wszystkich, musia\u0142by istnie\u0107 jeden gigantyczny m\u00f3zg, kt\u00f3ry by go odbiera\u0142 w momencie, gdy by\u0142 on pobierany z Pola i przekszta\u0142ca\u0142 go z naturalnego stanu falowego na cz\u0105stki, kt\u00f3re mogliby\u015bmy postrzega\u0107; a my wszyscy postrzegali by\u015bmy te cz\u0105stki dok\u0142adnie w ten sam spos\u00f3b.Widzieliby\u015bmy wszyscy t\u0119 sam\u0105 rzeczywisto\u015b\u0107.<\/p>\n\n\n\n<p>&nbsp;&nbsp;&nbsp;&nbsp;&nbsp;&nbsp;&nbsp;&nbsp;&nbsp;&nbsp;&nbsp;To oczywi\u015bcie si\u0119 nie dzieje. Faktycznie ka\u017cda osoba wydaje si\u0119 widzie\u0107 nieco inn\u0105 rzeczywisto\u015b\u0107 ni\u017c ktokolwiek inny. W rzeczywisto\u015bci nasze szpitale psychiatryczne s\u0105 pe\u0142ne ludzi, kt\u00f3rych nazywamy &#8220;psychotycznymi&#8221;, poniewa\u017c widz\u0105 zupe\u0142nie inn\u0105 rzeczywisto\u015b\u0107 ni\u017c reszta z nas.<\/p>\n\n\n\n<p>\u00a0\u00a0\u00a0\u00a0\u00a0\u00a0\u00a0\u00a0\u00a0\u00a0\u00a0(&#8220;<a href=\"https:\/\/pl.wikipedia.org\/wiki\/Psychoza\">Psychoza <\/a>oznacza nieprawid\u0142owy stan umys\u0142u i jest og\u00f3lnym terminem psychiatrycznym okre\u015blaj\u0105cym stan psychiczny cz\u0119sto opisany jako \u201eutrata kontaktu z rzeczywisto\u015bci\u0105\u201d&#8230;. Osoby prze\u017cywaj\u0105ce psychoz\u0119 mog\u0105 zg\u0142asza\u0107 halucynacje lub urojeniowe przekonania.&#8221;)<\/p>\n\n\n\n<p>&nbsp;&nbsp;&nbsp;&nbsp;&nbsp;&nbsp;&nbsp;&nbsp;&nbsp;&nbsp;&nbsp;Stoj\u0105c w pokoju obok kogo\u015b, kto jest psychotyczny, mo\u017cesz widzie\u0107 przyjemn\u0105, bezpieczn\u0105 atmosfer\u0119. Psychotyk natomiast mo\u017ce widzie\u0107 komor\u0119 tortur. To po prostu nie by\u0142oby mo\u017cliwe, gdyby istnia\u0142 jeden ogromny hologram, kt\u00f3ry postrzegali by\u015bcie oboje .<\/p>\n\n\n\n<p>&nbsp;&nbsp;&nbsp;&nbsp;&nbsp;&nbsp;&nbsp;&nbsp;&nbsp;&nbsp;&nbsp;Jest to jednak mo\u017cliwe, je\u015bli ka\u017cdy postrzega swoj\u0105 w\u0142asn\u0105 rzeczywisto\u015b\u0107 &#8211; oddzielny hologram pobrany do ka\u017cdego oddzielnego m\u00f3zgu.<\/p>\n\n\n\n<p>&nbsp;&nbsp;&nbsp;&nbsp;&nbsp;&nbsp;&nbsp;&nbsp;&nbsp;&nbsp;&nbsp;Prosty wypadek samochodowy, widziany przez dziesi\u0119\u0107 r\u00f3\u017cnych os\u00f3b, mo\u017ce mie\u0107 dziesi\u0119\u0107 r\u00f3\u017cnych &#8220;rzeczywisto\u015bci&#8221; tego, co si\u0119 wydarzy\u0142o. Mo\u017cesz wyj\u015b\u0107 z restauracji, a Tw\u00f3j przyjaciel mo\u017ce skomentowa\u0107, jak niegrzeczna by\u0142a kelnerka i chocia\u017c us\u0142ysza\u0142e\u015b te same s\u0142owa od kelnerki, my\u015bla\u0142e\u015b, \u017ce by\u0142a w porz\u0105dku i pomocna.<\/p>\n\n\n\n<p>&nbsp;&nbsp;&nbsp;&nbsp;&nbsp;&nbsp;&nbsp;&nbsp;&nbsp;&nbsp;&nbsp;Albo\u2026<\/p>\n\n\n\n<p>&nbsp;&nbsp;&nbsp;&nbsp;&nbsp;&nbsp;&nbsp;&nbsp;&nbsp;&nbsp;&nbsp;\u201cJak\u0105 firm\u0119 wybierzesz \u017ceby prowadzi\u0142a Twoj\u0105 stron\u0119 internetow\u0105?\u201d<\/p>\n\n\n\n<p><em>&nbsp;&nbsp;&nbsp;&nbsp;&nbsp;&nbsp;&nbsp;&nbsp;&nbsp;&nbsp;&nbsp;\u201cXYZ Company\u201d<\/em><\/p>\n\n\n\n<p>&nbsp;&nbsp;&nbsp;&nbsp;&nbsp;&nbsp;&nbsp;&nbsp;&nbsp;&nbsp;&nbsp;\u201cCo! Ich?\u201d<\/p>\n\n\n\n<p><em>&nbsp;&nbsp;&nbsp;&nbsp;&nbsp;&nbsp;&nbsp;&nbsp;&nbsp;&nbsp;&nbsp;\u201cTak, a co?\u201d<\/em><\/p>\n\n\n\n<p>&nbsp;&nbsp;&nbsp;&nbsp;&nbsp;&nbsp;&nbsp;&nbsp;&nbsp;&nbsp;&nbsp;\u201cJu\u017c kiedy\u015b korzysta\u0142em z ich us\u0142ug. Okropne do\u015bwiadczenie. Zawiedli mnie na ca\u0142ej linii.\u201d<\/p>\n\n\n\n<p><em>&nbsp;&nbsp;&nbsp;&nbsp;&nbsp;&nbsp;&nbsp;&nbsp;&nbsp;&nbsp;&nbsp;\u201cJestem z nimi od 10 lat, nigdy mnie nie zawiedli.\u201d<\/em><\/p>\n\n\n\n<p>&nbsp;&nbsp;&nbsp;&nbsp;&nbsp;&nbsp;&nbsp;&nbsp;&nbsp;&nbsp;&nbsp;Jest nawet lepszy przyk\u0142ad, kt\u00f3ry, jak przypuszczam, zdarzy\u0142 si\u0119 ka\u017cdemu z nas wcze\u015bniej czy p\u00f3\u017aniej. Widzisz kogo\u015b id\u0105cego ulic\u0105 i zwracasz si\u0119 do przyjaciela, m\u00f3wi\u0105c: \u201eWow! To jest Brad Pitt?\u201d A Tw\u00f3j przyjaciel patrzy i m\u00f3wi: \u201eW og\u00f3le nie przypomina Brada Pitta!\u201d A Ty nalegasz: \u201eTak! Wygl\u0105da dok\u0142adnie jak Brad Pitt!\u201d<\/p>\n\n\n\n<p>&nbsp;&nbsp;&nbsp;&nbsp;&nbsp;&nbsp;&nbsp;&nbsp;&nbsp;&nbsp;&nbsp;Co tu si\u0119 sta\u0142o? Kiedy patrzysz na filmy lub zdj\u0119cia w magazynie, widzisz Brada Pitta w pewien spos\u00f3b, a osoba, kt\u00f3r\u0105 zobaczy\u0142e\u015b id\u0105c\u0105 ulic\u0105, wygl\u0105da\u0142a dok\u0142adnie tak, dla Ciebie. Tw\u00f3j przyjaciel z kolei widzi Brada Pitta w filmach lub magazynach inaczej, a tak\u017ce widzi osob\u0119 na ulicy inaczej, wi\u0119c nie zgadza si\u0119 z Tob\u0105. Gdyby\u015bmy wszyscy \u017cyli w ogromnym wsp\u00f3lnym hologramie &#8211; jednym wielkim &#8220;holograficznym wszech\u015bwiecie&#8221; &#8211; wszyscy widzieliby\u015bmy zar\u00f3wno Brada Pitta, jak i osob\u0119 id\u0105c\u0105 ulic\u0105 w ten sam spos\u00f3b i by\u0142oby powszechne porozumienie co do ich wygl\u0105du.<\/p>\n\n\n\n<p>\u00a0\u00a0\u00a0\u00a0\u00a0\u00a0\u00a0\u00a0\u00a0\u00a0\u00a0Wi\u0119c ka\u017cdy indywidualny ludzki m\u00f3zg odbiera i t\u0142umaczy swoj\u0105 osobn\u0105 projekcj\u0119 holograficzn\u0105 pobran\u0105 przez swoje w\u0142asne <em>Niesko\u0144czone Ja<\/em> z Pola. Oczywi\u015bcie jest to zawarte w prawdzie &#8220;tworzysz swoj\u0105 w\u0142asn\u0105 rzeczywisto\u015b\u0107&#8221;, je\u015bli tylko zwr\u00f3cimy uwag\u0119 na to, co te s\u0142owa naprawd\u0119 m\u00f3wi\u0105 i oznaczaj\u0105.<\/p>\n\n\n\n<p><\/p>\n\n\n\n<p><em><a href=\"https:\/\/wolnemotyle.pl\/?page_id=9\">Powr\u00f3t do spisu tre\u015bci<\/a><\/em><\/p>\n\n\n\n<p><\/p>\n","protected":false},"excerpt":{"rendered":"<p>&nbsp;&nbsp;&nbsp;&nbsp;&nbsp;&nbsp;&nbsp;&nbsp;&nbsp;&nbsp;&nbsp;Pytanie: My\u015bla\u0142em, \u017ce gdy m\u00f3wimy o wszech\u015bwiecie holograficznym, oznacza to, \u017ce wszyscy jeste\u015bmy cz\u0119\u015bci\u0105 jednego du\u017cego hologramu. &nbsp;&nbsp;&nbsp;&nbsp;&nbsp;&nbsp;&nbsp;&nbsp;&nbsp;&nbsp;&nbsp;Odpowied\u017a: To bardzo powszechne nieporozumienie, ale po prostu nie mo\u017ce by\u0107 prawdziwe. Je\u015bli neurofizjolog Karl Pribram ma racj\u0119, m\u00f3wi\u0105c, \u017ce ludzki m\u00f3zg jest odbiornikiem i t\u0142umaczem holograficznym\u2026 &nbsp;&nbsp;&nbsp;&nbsp;&nbsp;&nbsp;&nbsp;&nbsp;&nbsp;&nbsp;&nbsp;&#8220;M\u00f3zg sam w sobie jest hologramem&#8230; kt\u00f3ry matematycznie konstruuje \u201etward\u0105\u201d rzeczywisto\u015b\u0107,&#8230;<\/p>\n","protected":false},"author":1,"featured_media":0,"parent":0,"menu_order":0,"comment_status":"closed","ping_status":"closed","template":"","meta":{"_kad_post_transparent":"","_kad_post_title":"","_kad_post_layout":"narrow","_kad_post_sidebar_id":"","_kad_post_content_style":"","_kad_post_vertical_padding":"","_kad_post_feature":"","_kad_post_feature_position":"","_kad_post_header":false,"_kad_post_footer":false,"_kad_post_classname":"","footnotes":""},"class_list":["post-192","page","type-page","status-publish","hentry"],"_links":{"self":[{"href":"https:\/\/wolnemotyle.pl\/index.php?rest_route=\/wp\/v2\/pages\/192","targetHints":{"allow":["GET"]}}],"collection":[{"href":"https:\/\/wolnemotyle.pl\/index.php?rest_route=\/wp\/v2\/pages"}],"about":[{"href":"https:\/\/wolnemotyle.pl\/index.php?rest_route=\/wp\/v2\/types\/page"}],"author":[{"embeddable":true,"href":"https:\/\/wolnemotyle.pl\/index.php?rest_route=\/wp\/v2\/users\/1"}],"replies":[{"embeddable":true,"href":"https:\/\/wolnemotyle.pl\/index.php?rest_route=%2Fwp%2Fv2%2Fcomments&post=192"}],"version-history":[{"count":2,"href":"https:\/\/wolnemotyle.pl\/index.php?rest_route=\/wp\/v2\/pages\/192\/revisions"}],"predecessor-version":[{"id":195,"href":"https:\/\/wolnemotyle.pl\/index.php?rest_route=\/wp\/v2\/pages\/192\/revisions\/195"}],"wp:attachment":[{"href":"https:\/\/wolnemotyle.pl\/index.php?rest_route=%2Fwp%2Fv2%2Fmedia&parent=192"}],"curies":[{"name":"wp","href":"https:\/\/api.w.org\/{rel}","templated":true}]}}