{"id":196,"date":"2026-01-01T10:17:26","date_gmt":"2026-01-01T09:17:26","guid":{"rendered":"https:\/\/wolnemotyle.pl\/?page_id=196"},"modified":"2026-01-01T10:17:26","modified_gmt":"2026-01-01T09:17:26","slug":"rozdzial-23-inni-ludzie","status":"publish","type":"page","link":"https:\/\/wolnemotyle.pl\/?page_id=196","title":{"rendered":"ROZDZIA\u0141 23 &#8211; Inni ludzie"},"content":{"rendered":"\n<p><strong>&nbsp;&nbsp;&nbsp;&nbsp;<\/strong><strong>&nbsp;&nbsp;&nbsp;&nbsp;&nbsp;&nbsp;&nbsp;<\/strong><strong><em>Pytanie<\/em><\/strong>: Je\u015bli nie dzielimy jednego du\u017cego wsp\u00f3lnego hologramu, jak mo\u017cemy wsp\u00f3lnie wyj\u015b\u0107 wieczorem i ogl\u0105da\u0107 te same gwiazdy, czy obejrze\u0107 ten sam film, albo dostrzec te same osoby? Jak kto\u015b inny mia\u0142by si\u0119 ze mn\u0105 tak zgodzi\u0107 co do tego, co nazywamy &#8220;rzeczywisto\u015bci\u0105&#8221;, chyba \u017ce faktycznie widzieliby\u015bmy to samo?<\/p>\n\n\n\n<p>&nbsp;&nbsp;&nbsp;&nbsp;&nbsp;&nbsp;&nbsp;&nbsp;&nbsp;&nbsp;&nbsp;<em>Odpowied\u017a<\/em>: Zanim zajmiemy si\u0119 pytaniem, czy Ty i ten &#8220;kto\u015b inny&#8221; postrzegacie t\u0119 sam\u0105 rzeczywisto\u015b\u0107, musz\u0119 dowiedzie\u0107 si\u0119, kim, wed\u0142ug Ciebie, ten &#8220;kto\u015b inny&#8221;, kt\u00f3ry zgadza sie z Toba, tak naprawd\u0119 jest. Uwa\u017casz, \u017ce oni rzeczywi\u015bcie istniej\u0105?<\/p>\n\n\n\n<p>&nbsp;&nbsp;&nbsp;&nbsp;&nbsp;&nbsp;&nbsp;&nbsp;&nbsp;&nbsp;&nbsp;Pytanie: No c\u00f3\u017c\u2026 Dobra. A co z innymi lud\u017ami, kt\u00f3rzy pojawiaj\u0105 si\u0119 w moim hologramie? Czy s\u0105 &#8220;prawdziwi&#8221;, czy te\u017c moje <em>Niesko\u0144czone Ja<\/em> je tworzy?<\/p>\n\n\n\n<p>&nbsp;&nbsp;&nbsp;&nbsp;&nbsp;&nbsp;&nbsp;&nbsp;&nbsp;&nbsp;&nbsp;&nbsp;Odpowied\u017a: Pierwsz\u0105 rzecz\u0105, kt\u00f3r\u0105 musisz pami\u0119ta\u0107, jest to, \u017ce nic w Twoim hologramie nie jest &#8220;rzeczywiste&#8221; \u2013 ani ludzie, ani ta ksi\u0105\u017cka, kt\u00f3r\u0105 czytasz, ani nawet oczy, przez kt\u00f3re czytasz t\u0119&nbsp; ksi\u0105\u017ck\u0119. To wszystko hologram i z definicji hologram nie jest rzeczywisty \u2013 przynajmniej nie w spos\u00f3b, w jaki tradycyjnie my\u015blimy o rzeczach jako &#8220;rzeczywistych&#8221;.<\/p>\n\n\n\n<p>&nbsp;&nbsp;&nbsp;&nbsp;&nbsp;&nbsp;&nbsp;&nbsp;&nbsp;&nbsp;&nbsp;Zmie\u0144my wi\u0119c troch\u0119 pytanie, bo wiem, o co pr\u00f3bujesz zapyta\u0107&#8230; &#8220;Czy inni ludzie, kt\u00f3rych widz\u0119 w moim hologramie, istniej\u0105 jako osobne jednostki? Czy s\u0105 Graczami na w\u0142asne \u017cyczenie, tak jak ja, z w\u0142asnymi <em>Niesko\u0144czonymi Ja<\/em>? Czy s\u0105 po prostu stworzeni przez moje <em>Niesko\u0144czone Ja<\/em> dla mojego osobistego hologramu i nie maj\u0105 w\u0142asnego \u017cycia?&#8221; Czy o to chodzi?<\/p>\n\n\n\n<p>&nbsp;&nbsp;&nbsp;&nbsp;&nbsp;&nbsp;&nbsp;&nbsp;&nbsp;&nbsp;&nbsp;Nawet w\u015br\u00f3d rosn\u0105cej liczby ludzi, kt\u00f3rzy rozumiej\u0105, jak funkcjonuje \u017cycie w uniwersum holograficznym, nie ma og\u00f3lnego porozumienia co do odpowiedzi na to pytanie. Brak zgody to dobry przyk\u0142ad na to, dlaczego niekt\u00f3re z tych pyta\u0144 mog\u0105 nie by\u0107 istotne i nie wp\u0142ywaj\u0105 znacz\u0105co na codzienn\u0105 u\u017cyteczno\u015b\u0107 tych koncepcji.<\/p>\n\n\n\n<p>&nbsp;&nbsp;&nbsp;&nbsp;&nbsp;&nbsp;&nbsp;&nbsp;&nbsp;&nbsp;&nbsp;Niekt\u00f3rzy ludzie doszli do wniosku, \u017ce ich <em>Niesko\u0144czone Ja<\/em> tworzy wszystko i wszystkich, kt\u00f3rych widz\u0105 w swoich hologramach i \u017ce nikt inny nie istnieje niezale\u017cnie od nich. To mo\u017ce by\u0107 prawda, by\u0107 mo\u017ce kiedy\u015b si\u0119 przekonamy, albo i nie.<\/p>\n\n\n\n<p>&nbsp;&nbsp;&nbsp;&nbsp;&nbsp;&nbsp;&nbsp;&nbsp;&nbsp;&nbsp;&nbsp;Z jednej strony istotne jest zrozumienie i zapami\u0119tanie, \u017ce wszystko, co do\u015bwiadczamy \u2013 i wszyscy w tych do\u015bwiadczeniach \u2013 jest stworzone przez nasze w\u0142asne <em>Niesko\u0144czone Ja<\/em>. \u0141atwo zapomnie\u0107 o tym i przypisa\u0107 niezale\u017cn\u0105 moc tym, kt\u00f3rych widzimy &#8220;tam na zewn\u0105trz&#8221;, aby uczyni\u0107 ich rzeczywistymi. Dlatego warto podkre\u015bli\u0107, \u017ce nic i nikt nie mo\u017ce pojawi\u0107 si\u0119 w Twoim holograficznym wszech\u015bwiecie, czego Twoje <em>Niesko\u0144czone Ja <\/em>nie stworzy\u0142o lub nie zgodzi\u0142o si\u0119 na to. Mo\u017ce by\u0107 wi\u0119c przydatne zaakceptowanie przekonania, \u017ce to Ty tworzysz &#8220;innych ludzi&#8221;, kt\u00f3rych spotykasz w swoim \u017cyciu i \u017ce nie istniej\u0105 poza Twoim hologramem.<\/p>\n\n\n\n<p>&nbsp;&nbsp;&nbsp;&nbsp;&nbsp;&nbsp;&nbsp;&nbsp;&nbsp;&nbsp;&nbsp;Ale dla mnie to zbyt mocno pachnie &#8220;solipsyzmem&#8221;, co ma odcie\u0144, z kt\u00f3rym ja nie rezonuj\u0119\u2026<\/p>\n\n\n\n<blockquote class=\"wp-block-quote is-layout-flow wp-block-quote-is-layout-flow\">\n<p>&nbsp;&nbsp;&nbsp;&nbsp;&nbsp;&nbsp;&nbsp;&nbsp;&nbsp;&nbsp;<em>&nbsp;\u201cGdybym tylko ja mia\u0142 znaczenie, to inni ludzie, zwierz\u0119ta, \u015brodowiska mia\u0142yby znaczenie jedynie w takim stopniu, w jakim wp\u0142ywaj\u0105 na mnie. Ta filozofia mo\u017ce by\u0107 antyspo\u0142eczna.<\/em> \u201c<\/p>\n<\/blockquote>\n\n\n\n<p class=\"has-text-align-right\" style=\"font-size:14px\"><a href=\"https:\/\/pl.wikipedia.org\/wiki\/Solipsyzm\">Wikipedia, Solipcyzym<\/a><\/p>\n\n\n\n<p>\u00a0\u00a0\u00a0\u00a0\u00a0\u00a0\u00a0\u00a0\u00a0\u00a0\u00a0Wi\u0119c oto co dla mnie ma najwi\u0119kszy sens i co jest dla mnie najbardziej komfortowe&#8230; Je\u015bli wszech\u015bwiat holograficzny jest jak film totalnej immersji, to kto\u015b musia\u0142 napisa\u0107 scenariusz dla wszystkiego, co dzieje si\u0119 w tym holograficznym filmie. Tym &#8220;kim\u015b&#8221; jest Twoje <em>Niesko\u0144czone Ja<\/em>.\u00a0<\/p>\n\n\n\n<p>\u00a0\u00a0\u00a0\u00a0\u00a0\u00a0\u00a0\u00a0\u00a0\u00a0\u00a0Ale ten scenariusz by\u0142by bardzo ograniczony i samotny, gdyby\u015b by\u0142 w nim jedynym aktorem; a istnieje b\u00f3g-wie-ilu innych <em>Niesko\u0144czonych Ja<\/em> w Wielkim Metropolitalnym Infinite &#8211; Landzie, kt\u00f3rzy r\u00f3wnie\u017c maj\u0105 graczy, reprezentuj\u0105cych ich.\u00a0<\/p>\n\n\n\n<p>\u00a0\u00a0\u00a0\u00a0\u00a0\u00a0\u00a0\u00a0\u00a0\u00a0\u00a0Wi\u0119c powiedzmy, \u017ce moje <em>Niesko\u0144czone Ja<\/em> chce, \u017cebym do\u015bwiadczy\u0142 wypadku samochodowego, z jakiego\u015b powodu (co dok\u0142adnie zrobi\u0142o!). Mog\u0142oby stworzy\u0107 hologram, w kt\u00f3rym mia\u0142bym ten wypadek sam, bez uczestnictwa innych w wypadku (co mi si\u0119 przydarzy\u0142o); i to w porz\u0105dku.\u00a0<\/p>\n\n\n\n<p>&nbsp;&nbsp;&nbsp;&nbsp;&nbsp;&nbsp;&nbsp;&nbsp;&nbsp;&nbsp;&nbsp;Ale powiedzmy, \u017ce z jakiego\u015b powodu moje <em>Niesko\u0144czone Ja<\/em> wola\u0142oby, \u017cebym do\u015bwiadczy\u0142 wypadku samochodowego z udzia\u0142em innych os\u00f3b, a nie tylko mnie. Moje <em>Niesko\u0144czone Ja<\/em> mog\u0142oby wys\u0142a\u0107 Infimail dooko\u0142a Infinite-Landu, pytaj\u0105c, czy jest kto\u015b, kto chce, \u017ceby jego Gracz bra\u0142 r\u00f3wnie\u017c udzia\u0142 w tym wypadku samochodowym.&nbsp;<\/p>\n\n\n\n<p>&nbsp;&nbsp;&nbsp;&nbsp;&nbsp;&nbsp;&nbsp;&nbsp;&nbsp;&nbsp;&nbsp;Wi\u0119kszo\u015b\u0107 wypadk\u00f3w samochodowych dzisiaj dotyczy wi\u0119cej ni\u017c jednej osoby, wi\u0119c najwyra\u017aniej jest du\u017ce zainteresowanie w Infinite-Landzie tego rodzaju do\u015bwiadczeniem holograficznym. Dlatego moje <em>Niesko\u0144czone Ja<\/em> otrzymuje pozytywne odpowiedzi na Infimail od innych <em>Niesko\u0144czonych Ja<\/em> i razem te <em>Niesko\u0144czone Ja<\/em> opracowuj\u0105 szczeg\u00f3\u0142y i pisz\u0105 wsp\u00f3lny scenariusz dla tego &#8220;filmu&#8221; wypadku. Ale jest jeden haczyk&#8230;&nbsp;<\/p>\n\n\n\n<p>&nbsp;&nbsp;&nbsp;&nbsp;&nbsp;&nbsp;&nbsp;&nbsp;&nbsp;&nbsp;&nbsp;\u017baden Gracz nie mo\u017ce powiedzie\u0107 ani zrobi\u0107 niczego w hologramie innego Gracza, czego jego w\u0142asne <em>Niesko\u0144czone Ja<\/em> nie zatwierdzi\u0142o. Innymi s\u0142owy, cokolwiek zrobi lub powie jeden Gracz do innego Gracza, zosta\u0142o to zatwierdzone przez jego <em>Niesko\u0144czone Ja<\/em>.&nbsp;<\/p>\n\n\n\n<p>&nbsp;&nbsp;&nbsp;&nbsp;&nbsp;&nbsp;&nbsp;&nbsp;&nbsp;&nbsp;&nbsp;Oznacza to, \u017ce nikt nie mo\u017ce by\u0107 ofiar\u0105 niczego, co zosta\u0142o powiedziane lub zrobione w dowolnym hologramie, kt\u00f3rego do\u015bwiadcza, poniewa\u017c jego w\u0142asne <em>Niesko\u0144czone Ja<\/em> albo napisa\u0142o scenariusz samodzielnie, albo mia\u0142o 100% zatwierdzenia scenariusza przed tym, jak hologram zosta\u0142 pobrany dla jego Gracza.<\/p>\n\n\n\n<p>&nbsp;&nbsp;&nbsp;&nbsp;&nbsp;&nbsp;&nbsp;&nbsp;&nbsp;&nbsp;&nbsp;\u017badnych ofiar, \u017cadnych sprawc\u00f3w, koniec. Wi\u0119c teraz ci Gracze maj\u0105 wypadek samochodowy. Ka\u017cdy Gracz mo\u017ce i prawdopodobnie b\u0119dzie, do\u015bwiadcza\u0142 tego wypadku nieco inaczej ni\u017c inny gracz, poniewa\u017c ka\u017cdy Gracz ma sw\u00f3j w\u0142asny indywidualny hologram jako swoj\u0105 rzeczywisto\u015b\u0107. W rzeczywisto\u015bci dw\u00f3ch Graczy cz\u0119sto nie&nbsp; b\u0119dzie si\u0119 zgadza\u0142o &#8211; uczciwie i szczerze &#8211; co tak naprawd\u0119 wydarzy\u0142o si\u0119 w tym wypadku. Wiemy ju\u017c, \u017ce praktycznie ka\u017cdy, kto by\u0142 \u015bwiadkiem wypadku samochodowego, b\u0119dzie mia\u0142 inn\u0105 histori\u0119 tego, co si\u0119 sta\u0142o.&nbsp;<\/p>\n\n\n\n<p>&nbsp;&nbsp;&nbsp;&nbsp;&nbsp;&nbsp;&nbsp;&nbsp;&nbsp;&nbsp;&nbsp;Ale &#8220;inna osoba&#8221;, z kt\u00f3r\u0105 mam wypadek samochodowy, prawdopodobnie b\u0119dzie innym Graczem, reprezentuj\u0105cym inne<em> Niesko\u0144czone Ja<\/em>, jak ja to widz\u0119. Wi\u0119c podczas gdy moje <em>Niesko\u0144czone Ja<\/em> &#8220;stworzy\u0142o&#8221; ich w moim hologramie, oni faktycznie &#8220;istniej\u0105&#8221; jako oddzielny Gracz ze swoj\u0105 w\u0142asn\u0105 samo\u015bwiadomo\u015bci\u0105 i swoim w\u0142asnym <em>Niesko\u0144czonym Ja<\/em>.&nbsp;<\/p>\n\n\n\n<p>&nbsp;&nbsp;&nbsp;&nbsp;&nbsp;&nbsp;&nbsp;&nbsp;&nbsp;&nbsp;Wydaje mi si\u0119, \u017ce to prawda dla wszystkich &#8220;innych os\u00f3b&#8221;, kt\u00f3re maj\u0105 wp\u0142yw na nasze \u017cycia. Powiedzia\u0142bym, \u017ce prawie ka\u017cdy, kto ma &#8220;m\u00f3wi\u0105c\u0105 rol\u0119&#8221; w Twoim holograficznym filmie totalnej immersji, jest innym Graczem, kt\u00f3rego <em>Niesko\u0144czone Ja<\/em> zgodzi\u0142o si\u0119 na przeczytanie scenariusza, kt\u00f3ry Twoje w\u0142asne <em>Niesko\u0144czone Ja<\/em> napisa\u0142o dla do\u015bwiadczenia, jakiego chcia\u0142o, \u017ceby\u015b do\u015bwiadczy\u0142.&nbsp;<\/p>\n\n\n\n<p>&nbsp;&nbsp;&nbsp;&nbsp;&nbsp;&nbsp;&nbsp;&nbsp;&nbsp;&nbsp;&nbsp;Wed\u0142ug Roberta Scheinfelda, &#8220;inne osoby&#8221; pe\u0142ni\u0105 trzy g\u0142\u00f3wne cele w Twoim holograficznym do\u015bwiadczeniu:<\/p>\n\n\n\n<ol class=\"wp-block-list\">\n<li>Odzwierciedli\u0107 co\u015b, co my\u015blisz lub czujesz o sobie<\/li>\n\n\n\n<li>Podarowa\u0107 Ci dar informacji lub wgl\u0105du<\/li>\n\n\n\n<li>Uruchomi\u0107 co\u015b, aby Ci\u0119 wspiera\u0107<\/li>\n<\/ol>\n\n\n\n<p>&nbsp;&nbsp;&nbsp;&nbsp;&nbsp;&nbsp;&nbsp;&nbsp;&nbsp;&nbsp;&nbsp;&nbsp;&nbsp;&nbsp;&nbsp;&nbsp;&nbsp;&nbsp;&nbsp;&nbsp;&nbsp;&nbsp;&nbsp;&nbsp;&nbsp;&nbsp;&nbsp;&nbsp;&nbsp;&nbsp;&nbsp;&nbsp;&nbsp;&nbsp;&nbsp;&nbsp;&nbsp;&nbsp;&nbsp;&nbsp;&nbsp;&nbsp;&nbsp;&nbsp;&nbsp;&nbsp;&nbsp;&nbsp;&nbsp;&nbsp;<strong>* * *&nbsp;<\/strong><\/p>\n\n\n\n<p>&nbsp;&nbsp;&nbsp;&nbsp;&nbsp;&nbsp;&nbsp;&nbsp;&nbsp;&nbsp;&nbsp;Z drugiej strony, w Twoim holograficznym immersyjnym filmie jest wiele &#8220;statyst\u00f3w&#8221;, kt\u00f3rzy maj\u0105 niewielki lub \u017caden wp\u0142yw na Twoje \u017cycie. S\u0105 tam, aby Tw\u00f3j film wydawa\u0142 si\u0119 bardziej &#8220;rzeczywisty&#8221;. By\u0142oby bardzo dziwne chodzi\u0107 po Pi\u0105tej Alei w Nowym Jorku i nie widzie\u0107 nikogo, podobnie jak by\u0142oby bardzo dziwne ogl\u0105da\u0107 film o Nowym Jorku bez ludzi. (&#8220;Mo\u017cesz obejrze\u0107 Toma Cruise&#8217;a w dok\u0142adnie takiej sytuacji w filmie <a href=\"https:\/\/drive.google.com\/file\/d\/0By9X7CaHqt8NT0VXWUFydG9UVkk\/view?resourcekey=0-Q7X2ODVOu1G9Pr4pDKCgIA\">Vanilla Sky<\/a>.&#8221;) &#8220;Staty\u015bci&#8221; odgrywaj\u0105 wa\u017cn\u0105 rol\u0119 w naszych hologramach; ale jak w Hollywood, Ci &#8220;staty\u015bci&#8221; mog\u0105 by\u0107 generowani komputerowo &#8211; produktem efekt\u00f3w specjalnych &#8211; i niekoniecznie potrzebuj\u0105 w\u0142asnego \u017cycia.<\/p>\n\n\n\n<p>&nbsp;&nbsp;&nbsp;&nbsp;&nbsp;&nbsp;&nbsp;&nbsp;&nbsp;&nbsp;&nbsp;W niedawnym serialu na HBO zatytu\u0142owanym John Adams. (Genialny!) Wyemitowano r\u00f3wnie\u017c kr\u00f3tki fragment na temat jak ten serial zosta\u0142 wykonany, kt\u00f3ry mo\u017cesz obejrze\u0107 na YouTube.<\/p>\n\n\n\n<p>&nbsp;&nbsp;&nbsp;&nbsp;&nbsp;&nbsp;&nbsp;&nbsp;&nbsp;&nbsp;&nbsp;To nie tylko \u015bwietny przyk\u0142ad na to, jak t\u0142o jest tworzone, aby dostarczy\u0107 sceneriii dla do\u015bwiadczenia holograficznego filmu, ale jest te\u017c segment tego filmu, kt\u00f3ry zaczyna si\u0119 oko\u0142o trzeciej minuty i wyja\u015bnia oraz pokazuje, jak t\u0142um 10 000 os\u00f3b zosta\u0142 stworzony przy u\u017cyciu zaledwie 15 statyst\u00f3w. Je\u015bli uda\u0142o nam si\u0119 to zrobi\u0107 w naszym fizycznym wszech\u015bwiecie, wyobra\u017a sobie, co mo\u017ce zrobi\u0107 Twoje <em>Niesko\u0144czone Ja<\/em> w Twoim holograficznym wszech\u015bwiecie ! (obejrzyj <a href=\"https:\/\/drive.google.com\/file\/d\/0By9X7CaHqt8NT1RoQ2pWRGRPems\/view?resourcekey=0-DBh_Fs_KWffWtY9w3adfMw\">tutaj<\/a>)<\/p>\n\n\n\n<p>&nbsp;&nbsp;&nbsp;&nbsp;&nbsp;&nbsp;&nbsp;&nbsp;&nbsp;&nbsp;&nbsp;&nbsp;Wi\u0119c &#8220;inni ludzie&#8221;, kt\u00f3rych widzisz w swoim hologramie, to Gracze, kt\u00f3rych <em>Niesko\u0144czone Ja<\/em> zgodzi\u0142y si\u0119, \u017ce ich Gracze odegraj\u0105 dla Ciebie rol\u0119 i przeczytaj\u0105 scenariusz, kt\u00f3ry napisa\u0142o Twoje <em>Niesko\u0144czone Ja<\/em>; albo s\u0105 to &#8220;staty\u015bci&#8221; stworzeni przez Twoje <em>Niesko\u0144czone Ja<\/em>, aby wype\u0142ni\u0107 Twoj\u0105 &#8220;rzeczywisto\u015b\u0107&#8221;.<\/p>\n\n\n\n<p>&nbsp;&nbsp;&nbsp;&nbsp;&nbsp;&nbsp;&nbsp;&nbsp;&nbsp;&nbsp;&nbsp;<em>Pytanie<\/em>: Ale je\u015bli to nie s\u0105 tylko komputerowo generowani &#8220;staty\u015bci&#8221;, jak moje <em>Niesko\u0144czone Ja <\/em>wie, jak stworzy\u0107 tego istotnego &#8220;innego cz\u0142owieka&#8221; w moim hologramie, aby wygl\u0105da\u0142 i zachowywa\u0142 si\u0119 tak, jak to robi?<\/p>\n\n\n\n<p>&nbsp;&nbsp;&nbsp;&nbsp;&nbsp;&nbsp;&nbsp;&nbsp;&nbsp;&nbsp;&nbsp;<em>Odpowied\u017a<\/em>: Korzystaj\u0105c z szablonu dost\u0119pnego w Polu dla tej &#8220;inne osoby&#8221;, oznaczonego jej imieniem.<\/p>\n\n\n\n<p>&nbsp;&nbsp;&nbsp;&nbsp;&nbsp;&nbsp;&nbsp;&nbsp;&nbsp;&nbsp;&nbsp;Innymi s\u0142owy, jest szablon w Polu z imieniem &#8220;Stephen Davis&#8221;, kt\u00f3ry zawiera cz\u0119stotliwo\u015bci fal u\u017cywanych do stworzenia mnie w hologramie i jest r\u00f3wnie\u017c szablon w Polu z Twoim imieniem. Wszyscy inni Gracze, kt\u00f3rzy zostali stworzeni przez swoje <em>Niesko\u0144czone Ja<\/em>, maj\u0105 tak\u017ce szablony.<\/p>\n\n\n\n<p>&nbsp;&nbsp;&nbsp;&nbsp;&nbsp;&nbsp;&nbsp;&nbsp;&nbsp;&nbsp;&nbsp;Gdy <em>Niesko\u0144czone Ja<\/em> innego Gracza zgadza si\u0119 zagra\u0107 rol\u0119 w Twoim hologramie, udziela zgody Twojemu <em>Niesko\u0144czonemu Ja<\/em> na dost\u0119p do szablonu w Polu, kt\u00f3ry opisuje inn\u0105 osob\u0119 &#8211; jej imi\u0119, wzrost, wag\u0119, kolor oczu, postawy, itp. &#8211; a nast\u0119pnie Twoje <em>Niesko\u0144czone Ja<\/em> wpina ten szablon do holograficznego do\u015bwiadczenia, kt\u00f3re tworzy dla Ciebie. Ale ta &#8220;inna osoba&#8221; musi przeczyta\u0107 scenariusz s\u0142owo po s\u0142owie, kt\u00f3ry napisa\u0142o Twoje <em>Niesko\u0144czone Ja<\/em> dla Ciebie.&nbsp;<\/p>\n\n\n\n<p>&nbsp;&nbsp;&nbsp;&nbsp;&nbsp;&nbsp;&nbsp;&nbsp;&nbsp;&nbsp;&nbsp;Patrz\u0105c z innej strony, Twoje <em>Niesko\u0144czone Ja<\/em> zgodzi\u0142o si\u0119 i zg\u0142osi\u0142o Ci\u0119 do odegrania roli w do\u015bwiadczeniach innych Graczy, a oni uzyskuj\u0105 dost\u0119p do szablonu z Twoim imieniem i wpinaj\u0105 Ci\u0119 do hologramu, kt\u00f3ry tworz\u0105 dla swojego w\u0142asnego Gracza. Ale wtedy zawsze czytasz scenariusz, kt\u00f3ry napisa\u0142o ich <em>Niesko\u0144czone Ja<\/em>.<\/p>\n\n\n\n<p class=\"has-text-align-center\"><strong>* * *&nbsp;<\/strong><\/p>\n\n\n\n<p><strong>&nbsp;&nbsp;&nbsp;&nbsp;&nbsp;&nbsp;&nbsp;&nbsp;&nbsp;&nbsp;&nbsp;<\/strong>By\u0107 mo\u017ce mia\u0142e\u015b to szcz\u0119\u015bcie aby do\u015bwiadczy\u0107 \u201cwirtualnej rzeczywisto\u015bci\u201d&#8230;<\/p>\n\n\n\n<figure class=\"wp-block-image size-full\"><img loading=\"lazy\" decoding=\"async\" width=\"456\" height=\"310\" src=\"https:\/\/wolnemotyle.pl\/wp-content\/uploads\/2026\/01\/image.png\" alt=\"\" class=\"wp-image-197\" srcset=\"https:\/\/wolnemotyle.pl\/wp-content\/uploads\/2026\/01\/image.png 456w, https:\/\/wolnemotyle.pl\/wp-content\/uploads\/2026\/01\/image-300x204.png 300w\" sizes=\"auto, (max-width: 456px) 100vw, 456px\" \/><\/figure>\n\n\n\n<p>&nbsp;&nbsp;&nbsp;&nbsp;&nbsp;&nbsp;&nbsp;&nbsp;&nbsp;&nbsp;&nbsp;&nbsp;&nbsp;Oczywi\u015bcie, wygl\u0105da i czuje si\u0119 to bardzo realnie. Zgodnie z fizyk\u0105 kwantow\u0105, samo \u017cycie jest do\u015bwiadczeniem &#8220;wirtualnej rzeczywisto\u015bci&#8221;, holograficznym wszech\u015bwiatem stworzonym dla nas przez nasze <em>Niesko\u0144czone Ja<\/em>.&nbsp;<\/p>\n\n\n\n<p>&nbsp;&nbsp;&nbsp;&nbsp;&nbsp;&nbsp;&nbsp;&nbsp;&nbsp;&nbsp;&nbsp;Ale co z lud\u017ami, kt\u00f3rych spotykasz podczas jednego z tych &#8220;symulator\u00f3w wirtualnej rzeczywisto\u015bci&#8221;? Przecie\u017c zostali stworzeni przez programist\u0119, kt\u00f3ry napisa\u0142 do\u015bwiadczenie, kt\u00f3re teraz prze\u017cywasz, czy\u017c nie? Wszystko, co robi\u0105 lub m\u00f3wi\u0105, zosta\u0142o z g\u00f3ry ustalone i jest cz\u0119\u015bci\u0105 scenariusza wirtualnej rzeczywisto\u015bci.<\/p>\n\n\n\n<p>&nbsp;&nbsp;&nbsp;&nbsp;&nbsp;&nbsp;&nbsp;&nbsp;&nbsp;&nbsp;&nbsp;Teraz&#8230; co je\u015bli dwie osoby, ka\u017cda w swoim w\u0142asnym symulatorze wirtualnej rzeczywisto\u015bci, mog\u0142yby si\u0119 ze sob\u0105 komunikowa\u0107? Innymi s\u0142owy, co by by\u0142o, gdyby kto\u015b inny, prze\u017cywaj\u0105cy swoj\u0105 w\u0142asn\u0105 wirtualn\u0105 podr\u00f3\u017c, m\u00f3g\u0142by pojawi\u0107 si\u0119 w Twoim do\u015bwiadczeniu wirtualnej rzeczywisto\u015bci? Osoba z innego symulatora musia\u0142aby by\u0107 wst\u0119pnie zaprogramowana do Twojego symulatora, aby wygl\u0105da\u0107 normalnie i nie w swoim sprz\u0119cie do wirtualnej rzeczywisto\u015bci i vice versa.&nbsp;<\/p>\n\n\n\n<p>&nbsp;&nbsp;&nbsp;&nbsp;&nbsp;&nbsp;&nbsp;&nbsp;&nbsp;&nbsp;&nbsp;Rozumiesz, o co mi chodzi?<\/p>\n\n\n\n<p>&nbsp;&nbsp;&nbsp;&nbsp;&nbsp;&nbsp;&nbsp;&nbsp;&nbsp;&nbsp;&nbsp;To nie jest poza zasi\u0119giem, nie jest to jakie\u015b \u015bmieszne science fiction. Technologia nie jest a\u017c tak daleko od tego, aby by\u0142o mo\u017cliwe, \u017ceby dwa do\u015bwiadczenia wirtualnej rzeczywisto\u015bci oddzia\u0142ywa\u0142y ze sob\u0105. Co za wspania\u0142a &#8220;podpowied\u017a&#8221; czy &#8220;wskaz\u00f3wka&#8221;!<\/p>\n\n\n\n<p>&nbsp;&nbsp;&nbsp;&nbsp;&nbsp;&nbsp;&nbsp;&nbsp;&nbsp;&nbsp;&nbsp;I to w\u0142a\u015bnie w zasadzie dzieje si\u0119 w naszej holograficznej rzeczywisto\u015bci. Spotykamy ludzi, kt\u00f3rych nazywam &#8220;statystami&#8221;, kt\u00f3rzy s\u0105 wcze\u015bniej zaprogramowani do scenariusza naszego do\u015bwiadczenia, aby sprawi\u0107, \u017ce wydaje si\u0119 bardziej realne. Spotykamy te\u017c ludzi, kt\u00f3rzy s\u0105 Graczami na w\u0142asne \u017cyczenie, kt\u00f3rych holograficzne do\u015bwiadczenia oddzia\u0142uj\u0105 z naszymi.<\/p>\n\n\n\n<p>&nbsp;&nbsp;&nbsp;&nbsp;&nbsp;&nbsp;&nbsp;&nbsp;&nbsp;&nbsp;&nbsp;Naprawd\u0119 niesamowita gra, kiedy si\u0119 nad tym zastanowi\u0107!&nbsp;<\/p>\n\n\n\n<p>&nbsp;&nbsp;&nbsp;&nbsp;&nbsp;&nbsp;&nbsp;&nbsp;&nbsp;&nbsp;&nbsp;Zatem przyjmuj\u0119 punkt widzenia, \u017ce &#8220;inni ludzie&#8221;, kt\u00f3rych spotykam w moich holograficznych do\u015bwiadczeniach, odgrywaj\u0105 jak\u0105\u015b istotn\u0105 rol\u0119 w moim \u017cyciu, s\u0105 Graczami na w\u0142asne \u017cyczenie, posiadaj\u0105 swoj\u0105 w\u0142asn\u0105 \u015bwiadomo\u015b\u0107, zgodzili si\u0119 na zagranie roli i przeczytanie scenariusza dla mnie i albo odzwierciedlaj\u0105 co\u015b, co my\u015bl\u0119 lub czuj\u0119 o sobie, daj\u0105 mi dar informacji lub wgl\u0105du, albo uruchamiaj\u0105 co\u015b, co mnie wspiera i vice versa.<\/p>\n\n\n\n<p>&nbsp;&nbsp;&nbsp;&nbsp;&nbsp;&nbsp;&nbsp;&nbsp;&nbsp;&nbsp;&nbsp;W ten spos\u00f3b mo\u017cemy obdarowywa\u0107 si\u0119 nawzajem wieloma do\u015bwiadczeniami. W rzeczywisto\u015bci ka\u017cda interakcja mi\u0119dzy Graczami to dar od jednego dla drugiego, bez wzgl\u0119du na to, jak jeden lub wi\u0119cej Graczy mo\u017ce oceni\u0107 to do\u015bwiadczenie i rol\u0119 drugiego Gracza w nim.<\/p>\n\n\n\n<p>&nbsp;&nbsp;&nbsp;&nbsp;&nbsp;&nbsp;&nbsp;&nbsp;&nbsp;&nbsp;&nbsp;&nbsp;&nbsp;&nbsp;&nbsp;&nbsp;&nbsp;&nbsp;&nbsp;&nbsp;&nbsp;&nbsp;&nbsp;&nbsp;&nbsp;&nbsp;&nbsp;&nbsp;&nbsp;&nbsp;&nbsp;&nbsp;&nbsp;&nbsp;&nbsp;&nbsp;&nbsp;&nbsp;&nbsp;&nbsp;&nbsp;&nbsp;&nbsp;&nbsp;&nbsp;&nbsp;&nbsp;&nbsp;&nbsp;&nbsp;&nbsp;&nbsp;&nbsp;&nbsp;&nbsp;&nbsp;&nbsp;<strong>&nbsp;&nbsp;&nbsp;&nbsp;&nbsp;* * *&nbsp;&nbsp;<\/strong><\/p>\n\n\n\n<p>Teraz, gdy ju\u017c to wszystko wyja\u015bnili\u015bmy, mo\u017cesz ponownie zada\u0107 swoje pierwotne pytanie&#8230;<\/p>\n\n\n\n<p><\/p>\n\n\n\n<p><em><a href=\"https:\/\/wolnemotyle.pl\/?page_id=9\">Powr\u00f3t do spisu tre\u015bci<\/a><\/em><\/p>\n\n\n\n<p><\/p>\n","protected":false},"excerpt":{"rendered":"<p>&nbsp;&nbsp;&nbsp;&nbsp;&nbsp;&nbsp;&nbsp;&nbsp;&nbsp;&nbsp;&nbsp;Pytanie: Je\u015bli nie dzielimy jednego du\u017cego wsp\u00f3lnego hologramu, jak mo\u017cemy wsp\u00f3lnie wyj\u015b\u0107 wieczorem i ogl\u0105da\u0107 te same gwiazdy, czy obejrze\u0107 ten sam film, albo dostrzec te same osoby? Jak kto\u015b inny mia\u0142by si\u0119 ze mn\u0105 tak zgodzi\u0107 co do tego, co nazywamy &#8220;rzeczywisto\u015bci\u0105&#8221;, chyba \u017ce faktycznie widzieliby\u015bmy to samo? &nbsp;&nbsp;&nbsp;&nbsp;&nbsp;&nbsp;&nbsp;&nbsp;&nbsp;&nbsp;&nbsp;Odpowied\u017a: Zanim zajmiemy si\u0119 pytaniem, czy&#8230;<\/p>\n","protected":false},"author":1,"featured_media":0,"parent":0,"menu_order":0,"comment_status":"closed","ping_status":"closed","template":"","meta":{"_kad_post_transparent":"","_kad_post_title":"","_kad_post_layout":"narrow","_kad_post_sidebar_id":"","_kad_post_content_style":"","_kad_post_vertical_padding":"","_kad_post_feature":"","_kad_post_feature_position":"","_kad_post_header":false,"_kad_post_footer":false,"_kad_post_classname":"","footnotes":""},"class_list":["post-196","page","type-page","status-publish","hentry"],"_links":{"self":[{"href":"https:\/\/wolnemotyle.pl\/index.php?rest_route=\/wp\/v2\/pages\/196","targetHints":{"allow":["GET"]}}],"collection":[{"href":"https:\/\/wolnemotyle.pl\/index.php?rest_route=\/wp\/v2\/pages"}],"about":[{"href":"https:\/\/wolnemotyle.pl\/index.php?rest_route=\/wp\/v2\/types\/page"}],"author":[{"embeddable":true,"href":"https:\/\/wolnemotyle.pl\/index.php?rest_route=\/wp\/v2\/users\/1"}],"replies":[{"embeddable":true,"href":"https:\/\/wolnemotyle.pl\/index.php?rest_route=%2Fwp%2Fv2%2Fcomments&post=196"}],"version-history":[{"count":1,"href":"https:\/\/wolnemotyle.pl\/index.php?rest_route=\/wp\/v2\/pages\/196\/revisions"}],"predecessor-version":[{"id":198,"href":"https:\/\/wolnemotyle.pl\/index.php?rest_route=\/wp\/v2\/pages\/196\/revisions\/198"}],"wp:attachment":[{"href":"https:\/\/wolnemotyle.pl\/index.php?rest_route=%2Fwp%2Fv2%2Fmedia&parent=196"}],"curies":[{"name":"wp","href":"https:\/\/api.w.org\/{rel}","templated":true}]}}