{"id":200,"date":"2026-01-01T10:48:26","date_gmt":"2026-01-01T09:48:26","guid":{"rendered":"https:\/\/wolnemotyle.pl\/?page_id=200"},"modified":"2026-01-01T10:49:27","modified_gmt":"2026-01-01T09:49:27","slug":"rozdzial-24-szablon-srodowiska-ziemi","status":"publish","type":"page","link":"https:\/\/wolnemotyle.pl\/?page_id=200","title":{"rendered":"ROZDZIA\u0141 24 &#8211; Szablon &#8220;\u015arodowiska Ziemi&#8221;"},"content":{"rendered":"\n<p><strong>&nbsp;&nbsp;&nbsp;&nbsp;&nbsp;&nbsp;&nbsp;&nbsp;<\/strong>&nbsp;&nbsp;&nbsp;<em>Pytanie<\/em>: Je\u015bli nie dzielimy jednego wsp\u00f3lnego hologramu, jak to mo\u017cliwe, \u017ce Ty i ja mo\u017cemy wyj\u015b\u0107 wieczorem i widzie\u0107 te same gwiazdy, obejrze\u0107 ten sam film, czy zobaczy\u0107 te same osoby? Jak kto\u015b inny m\u00f3g\u0142by tak bardzo si\u0119 ze mn\u0105 zgadza\u0107 co do tego, co nazywamy &#8220;rzeczywisto\u015bci\u0105&#8221;, chyba \u017ce faktycznie widzieliby\u015bmy to samo?<\/p>\n\n\n\n<p>&nbsp;&nbsp;&nbsp;&nbsp;&nbsp;&nbsp;&nbsp;&nbsp;&nbsp;&nbsp;&nbsp;<em>Odpowied\u017a<\/em>: Odpowied\u017a na to zale\u017cy od tego, jak postrzegasz &#8220;innych ludzi&#8221; w swoim hologramie, na podstawie tego, o czym rozmawiali\u015bmy w ostatnim rozdziale.&nbsp;<\/p>\n\n\n\n<p>&nbsp;&nbsp;&nbsp;&nbsp;&nbsp;&nbsp;&nbsp;&nbsp;&nbsp;&nbsp;&nbsp;Je\u015bli przyjmujesz stanowisko, \u017ce &#8220;kto\u015b inny&#8221; w Twoim hologramie zgadzaj\u0105cy si\u0119 z Tob\u0105 zosta\u0142 stworzony przez Twoje w\u0142asne <em>Niesko\u0144czone Ja<\/em> i nie istnieje jako niezale\u017cny Gracz, to to, co powiedzia\u0142 dr Andrew Newberg, jest bardzo trafne\u2026<\/p>\n\n\n\n<blockquote class=\"wp-block-quote is-layout-flow wp-block-quote-is-layout-flow\">\n<p>&nbsp;&nbsp;&nbsp;&nbsp;&nbsp;&nbsp;&nbsp;&nbsp;&nbsp;<em>&nbsp;&nbsp;&#8220;Kiedy ustawiam swoje odczucia z czyim\u015b, oni staj\u0105 si\u0119 cz\u0119\u015bci\u0105 mojej rzeczywisto\u015bci. Je\u015bli s\u0142ysz\u0119, \u017ce kto\u015b zgadza si\u0119 z tym, co my\u015bl\u0119, co dzieje si\u0119 tam na zewn\u0105trz, to nadal ma to zwi\u0105zek z tym, co postrzegam.\u201d&nbsp;<\/em><\/p>\n<\/blockquote>\n\n\n\n<p class=\"has-text-align-right\" style=\"font-size:14px\"><em>\u00a0\u00a0\u00a0\u00a0\u00a0\u00a0\u00a0\u00a0\u00a0\u00a0\u00a0\u00a0\u00a0\u00a0\u00a0\u00a0\u00a0\u00a0\u00a0\u00a0\u00a0\u00a0\u00a0\u00a0\u00a0\u00a0\u00a0\u00a0\u00a0\u00a0\u00a0\u00a0\u00a0\u00a0\u00a0\u00a0\u00a0\u00a0\u00a0\u00a0\u00a0\u00a0\u00a0\u00a0\u00a0\u00a0\u00a0\u00a0\u00a0\u00a0\u00a0\u00a0\u00a0\u00a0\u00a0\u00a0\u00a0\u00a0\u00a0\u00a0\u00a0\u00a0\u00a0\u00a0\u00a0\u00a0\u00a0\u00a0\u00a0\u00a0\u00a0\u00a0\u00a0\u00a0\u00a0\u00a0\u00a0\u00a0\u00a0\u00a0\u00a0\u00a0\u00a0\u00a0\u00a0\u00a0\u00a0\u00a0\u00a0\u00a0\u00a0\u00a0\u00a0\u00a0Newberg, Andrew. <a href=\"https:\/\/www.cda.pl\/video\/20294557d\">What the Bleep!?- Down the Rabbit Hole\u00a0<\/a><\/em><\/p>\n\n\n\n<p>&nbsp;&nbsp;&nbsp;&nbsp;&nbsp;&nbsp;&nbsp;&nbsp;&nbsp;&nbsp;&nbsp;Innymi s\u0142owy, odwo\u0142ywanie si\u0119 do innych &#8211; gdy kto\u015b w Twoim hologramie zgadza si\u0119 z Tob\u0105 co do rzeczywisto\u015bci, kt\u00f3r\u0105 postrzegasz &#8211; jest ca\u0142kowicie bezu\u017cyteczne jako dow\u00f3d, \u017ce oboje widzicie to samo. Dlatego nie ma znaczenia, czy widz\u0105 te same gwiazdy, czy film, czy ludzi, poniewa\u017c s\u0105 jedynie cz\u0119\u015bci\u0105 hologramu stworzonego przez Twoje <em>Niesko\u0144czone Ja.<\/em><\/p>\n\n\n\n<p><em>&nbsp;&nbsp;&nbsp;&nbsp;&nbsp;&nbsp;&nbsp;&nbsp;&nbsp;&nbsp;&nbsp;<\/em>Ale za\u0142\u00f3\u017cmy, \u017ce zdecydowa\u0142e\u015b, \u017ce &#8220;inni ludzie&#8221; w Twoim hologramie s\u0105 Graczami na w\u0142asne \u017cyczenie, posiadaj\u0105cymi swoj\u0105 w\u0142asn\u0105 samo\u015bwiadomo\u015b\u0107, kt\u00f3rzy zgodzili si\u0119 odegra\u0107 rol\u0119 w Twoim holograficznym do\u015bwiadczeniu. Teraz dyskusja staje si\u0119 interesuj\u0105ca\u2026<\/p>\n\n\n\n<p>&nbsp;&nbsp;&nbsp;&nbsp;&nbsp;&nbsp;&nbsp;&nbsp;&nbsp;&nbsp;&nbsp;Pierwszym problemem jest to, \u017ce to, co Ty i ka\u017cda inna osoba w Twoim hologramie widzicie, najprawdopodobniej nie jest dok\u0142adnie tym samym i nie ma sposobu, aby udowodni\u0107, \u017ce s\u0105 to te same rzeczy. Wydaje nam si\u0119, \u017ce gdy widzimy kolor niebieski, na przyk\u0142ad, kto\u015b inny widzi dok\u0142adnie ten sam kolor. Ale sk\u0105d to wiesz?<\/p>\n\n\n\n<p>&nbsp;&nbsp;&nbsp;&nbsp;&nbsp;&nbsp;&nbsp;&nbsp;&nbsp;&nbsp;&nbsp;Moja by\u0142a \u017cona i ja mieli\u015bmy interesuj\u0105ce debaty na temat tego, czy konkretny dom by\u0142 pomalowany na &#8220;kremowy&#8221; czy &#8220;blady \u017c\u00f3\u0142ty&#8221;. (Zawsze wygrywa\u0142a tak na marginesie). Nie by\u0142o tak&nbsp; tylko dlatego, \u017ce mieli\u015bmy r\u00f3\u017cne zdanie na temat koloru; ale na bardziej podstawowym poziomie faktycznie widzieli\u015bmy dwa nieco r\u00f3\u017cne kolory.<\/p>\n\n\n\n<p>&nbsp;&nbsp;&nbsp;&nbsp;&nbsp;&nbsp;&nbsp;&nbsp;&nbsp;&nbsp;&nbsp;Jednak przyjrzyjmy si\u0119 temu; wi\u0119kszo\u015b\u0107 Graczy wydaje si\u0119 by\u0107 w stanie zgodzi\u0107 si\u0119 w wi\u0119kszo\u015bci przypadk\u00f3w na wi\u0119kszo\u015b\u0107 rzeczy, takich jak gwiazdy, filmy czy osoby, kt\u00f3re widzimy. Prawda?<\/p>\n\n\n\n<p>&nbsp;&nbsp;&nbsp;&nbsp;&nbsp;&nbsp;&nbsp;&nbsp;&nbsp;&nbsp;&nbsp;Wi\u0119c jak to jest mo\u017cliwe? Moje przypuszczenie jest takie, \u017ce istnieje &#8220;szablon&#8221; w Polu dla &#8220;\u015arodowiska Ziemi&#8221;, wi\u0119c gdy <em>Niesko\u0144czone Ja<\/em> chce stworzy\u0107 &#8220;normalne&#8221; do\u015bwiadczenie holograficzne dla swojego Gracza, nie musi tworzy\u0107 Ziemi, gwiazd, s\u0142o\u0144ca i ksi\u0119\u017cyca, tej ksi\u0105\u017cki czy reszty wszech\u015bwiata od podstaw za ka\u017cdym razem. Po prostu u\u017cywa szablonu jako podstawy dla hologramu, a nast\u0119pnie dodaje cokolwiek unikalnego dla ka\u017cdej sytuacji dla swojego Gracza.<\/p>\n\n\n\n<p>&nbsp;&nbsp;&nbsp;&nbsp;&nbsp;&nbsp;&nbsp;&nbsp;&nbsp;&nbsp;&nbsp;Jest to sensowne podej\u015bcie, aby Gracze mogli skupi\u0107 si\u0119 na swoich unikalnych do\u015bwiadczeniach i nie traci\u0107 czasu na spory dotycz\u0105ce tego, czyja &#8220;rzeczywisto\u015b\u0107&#8221; jest &#8220;prawdziwa&#8221;. (Jak zauwa\u017cono, s\u0105 Gracze, kt\u00f3rych <em>Niesko\u0144czone Ja<\/em> nie u\u017cywaj\u0105 tego &#8220;normalnego&#8221; szablonu i uwa\u017camy ich za szalonych. Ale to tylko kolejny dow\u00f3d, \u017ce mamy do czynienia z indywidualnymi wszech\u015bwiatami holograficznymi, a nie wsp\u00f3lnym i ca\u0142kowicie mo\u017cliwe jest, \u017ce <em>Niesko\u0144czone Ja<\/em> mo\u017ce wybra\u0107 dowoln\u0105 rzeczywisto\u015b\u0107 dla swojego Gracza.)&nbsp;<\/p>\n\n\n\n<p>&nbsp;&nbsp;&nbsp;&nbsp;&nbsp;&nbsp;&nbsp;&nbsp;&nbsp;&nbsp;&nbsp;Ten &#8220;szablon \u015arodowiska Ziemi&#8221; jest bardzo podobny do programu komputerowego w zaawansowanych grach wideo. &#8220;T\u0142o&#8221; jest w zasadzie takie samo dla wszystkich graczy, ale istnieje wiele r\u00f3\u017cnych do\u015bwiadcze\u0144, jakie mo\u017ce mie\u0107 indywidualny gracz, u\u017cywaj\u0105c tego samego t\u0142a. Mo\u017cna r\u00f3wnie\u017c powiedzie\u0107, \u017ce to jak korzystanie z jednego zestawu scenografii i rekwizyt\u00f3w w filmie lub sztuce, ale r\u00f3\u017cni bohaterowie maj\u0105 r\u00f3\u017cne do\u015bwiadczenia w tej samej przestrzeni. Je\u015bli taki unikalny i indywidualny spos\u00f3b do\u015bwiadczenia jest mo\u017cliwy przy u\u017cyciu tego samego szablonu, dlaczego tworzy\u0107 nowy za ka\u017cdym razem?&nbsp;<\/p>\n\n\n\n<p>&nbsp;&nbsp;&nbsp;&nbsp;&nbsp;&nbsp;&nbsp;&nbsp;&nbsp;&nbsp;&nbsp;Albo mo\u017ce to by\u0107 bardziej zrozumia\u0142e&#8230; gdy sk\u0142adasz podanie o prac\u0119, wchodzisz do programu do pisania tekstu na komputerze i wybierasz &#8220;szablon&#8221;, aby napisa\u0107 CV. Dodajesz swoje w\u0142asne informacje do tego szablonu, aby stworzy\u0107 unikalny i indywidualny \u017cyciorys dla siebie, ale ostateczny produkt wygl\u0105da tak samo jak ka\u017cdy inny, kto u\u017cy\u0142 tego samego szablonu.&nbsp;<\/p>\n\n\n\n<p>&nbsp;&nbsp;&nbsp;&nbsp;&nbsp;&nbsp;&nbsp;&nbsp;&nbsp;&nbsp;&nbsp;Tak wi\u0119c oto, jak to si\u0119 najprawdopodobniej odbywa&#8230;&nbsp;<\/p>\n\n\n\n<p><em>&nbsp;&nbsp;&nbsp;&nbsp;&nbsp;&nbsp;&nbsp;&nbsp;&nbsp;&nbsp;&nbsp;Niesko\u0144czone Ja<\/em> chce mie\u0107 do\u015bwiadczenie w fizycznym wszech\u015bwiecie na Ziemi. Oczywi\u015bcie, nie mo\u017ce tu przyj\u015b\u0107 osobi\u015bcie &#8211; istota niesko\u0144czona nie mog\u0142aby wej\u015b\u0107 do sko\u0144czonego \u015bwiata &#8211; wi\u0119c decyduje si\u0119 stworzy\u0107 Gracza, kt\u00f3ry j\u0105 reprezentuje. Idzie do Pola i wybiera konkretne cz\u0119stotliwo\u015bci falowe do stworzenia tego Gracza, a ten unikalny zesp\u00f3\u0142 cz\u0119stotliwo\u015bci falowych w Polu jest oznaczany i u\u017cywany jako szablon dla tego Gracza.&nbsp;<\/p>\n\n\n\n<p>&nbsp;&nbsp;&nbsp;&nbsp;&nbsp;&nbsp;&nbsp;&nbsp;&nbsp;&nbsp;&nbsp;Nast\u0119pnie <em>Niesko\u0144czone Ja<\/em> decyduje si\u0119 stworzy\u0107 do\u015bwiadczenie w fizycznym wszech\u015bwiecie dla swojego Gracza. Je\u015bli chce stworzy\u0107 tzw. &#8220;normalne&#8221; do\u015bwiadczenie, si\u0119gnie po &#8220;szablon \u015arodowiska Ziemi&#8221; z Pola &#8211; kt\u00f3ry obejmuje wszystko, na co zazwyczaj si\u0119 zgadzamy, takie jak po\u0142o\u017cenie gwiazd i planet, po\u0142o\u017cenie Nowego Jorku, kolor fioletowy, wygl\u0105d broku\u0142\u00f3w itp. To pozwoli Graczowi nie traci\u0107 ca\u0142ego czasu na k\u0142\u00f3tnie z innymi Graczami na temat tego, co to jest &#8220;ko\u0142o&#8221;, ale skupi\u0107 si\u0119 na rdzeniu (rdze\u0144) do\u015bwiadczenia, kt\u00f3re <em>Niesko\u0144czone Ja<\/em> chce osi\u0105gn\u0105\u0107.&nbsp;<\/p>\n\n\n\n<p>&nbsp;&nbsp;&nbsp;&nbsp;&nbsp;&nbsp;&nbsp;&nbsp;&nbsp;&nbsp;&nbsp;Z drugiej strony mo\u017ce by\u0107, \u017ce rdzenne do\u015bwiadczenie, jakie <em>Niesko\u0144czone Ja<\/em> chce osi\u0105gn\u0105\u0107, to eksploracja r\u00f3\u017cnic zda\u0144 i dlatego mo\u017ce wprowadzi\u0107 drobne modyfikacje w normalnym &#8220;\u015brodowisku ziemi&#8221;, a nawet powa\u017cne modyfikacje, kt\u00f3re doprowadz\u0105 do znacz\u0105cych r\u00f3\u017cnic z innymi Graczami co do &#8220;rzeczywisto\u015bci&#8221;.&nbsp;<\/p>\n\n\n\n<p>&nbsp;&nbsp;&nbsp;&nbsp;&nbsp;&nbsp;&nbsp;&nbsp;&nbsp;&nbsp;&nbsp;Chodzi o to, \u017ce kiedy <em>Niesko\u0144czone Ja<\/em> chce stworzy\u0107 do\u015bwiadczenie dla swojego Gracza w Ludzkiej Grze, nie musi tworzy\u0107 s\u0142o\u0144ca, gwiazd, ksi\u0119\u017cyca i spaghetti za ka\u017cdym razem. Szablon jest ju\u017c dost\u0119pny, dost\u0119pny dla wszystkich <em>Niesko\u0144czonych Ja<\/em> do u\u017cycia wed\u0142ug w\u0142asnego uznania &#8211; dlatego szablon mo\u017ce wygl\u0105da\u0107 prawie tak samo dla wielu Graczy.<\/p>\n\n\n\n<p>&nbsp;&nbsp;&nbsp;&nbsp;&nbsp;&nbsp;&nbsp;&nbsp;&nbsp;&nbsp;&nbsp;&nbsp;&nbsp;&nbsp;&nbsp;&nbsp;&nbsp;&nbsp;&nbsp;&nbsp;&nbsp;&nbsp;&nbsp;&nbsp;&nbsp;&nbsp;&nbsp;&nbsp;&nbsp;&nbsp;&nbsp;&nbsp;&nbsp;&nbsp;&nbsp;&nbsp;&nbsp;&nbsp;&nbsp;&nbsp;&nbsp;&nbsp;&nbsp;&nbsp;&nbsp;&nbsp;&nbsp;&nbsp;&nbsp;&nbsp;&nbsp;&nbsp;&nbsp;&nbsp;&nbsp;&nbsp;&nbsp;<strong>&nbsp;&nbsp;&nbsp;&nbsp;&nbsp;* * *&nbsp;<\/strong><\/p>\n\n\n\n<p><strong>&nbsp;&nbsp;&nbsp;&nbsp;&nbsp;&nbsp;&nbsp;&nbsp;&nbsp;&nbsp;&nbsp;<\/strong>Obecnie modne okre\u015blenie dla &#8220;szablonu&#8221; to &#8220;matrix&#8221;; i dla jasno\u015bci, nie ma &#8220;z\u0142ej matrycy&#8221; ani &#8220;\u015bwi\u0119tej matrycy&#8221;, jak sugeruj\u0105 niekt\u00f3rzy; istnieje tylko jedna matryca, kt\u00f3ra jest ca\u0142kowicie neutralna.<\/p>\n\n\n\n<blockquote class=\"wp-block-quote is-layout-flow wp-block-quote-is-layout-flow\">\n<p>&nbsp;&nbsp;&nbsp;&nbsp;&nbsp;&nbsp;&nbsp;&nbsp;<em>&nbsp;&nbsp;&#8220;Matrix jest wsz\u0119dzie. Otacza nas, nawet teraz, w tym pokoju. Mo\u017cesz to dostrzec, gdy patrzysz przez okno albo w\u0142\u0105czasz telewizor. Mo\u017cesz to poczu\u0107, gdy idziesz do pracy, gdy idziesz do ko\u015bcio\u0142a, gdy p\u0142acisz podatki&#8230; Niestety, nikt nie mo\u017ce Ci powiedzie\u0107, czym jest matrix; musisz to zobaczy\u0107 sam.&#8221;<\/em><\/p>\n<\/blockquote>\n\n\n\n<p class=\"has-text-align-right\">\u00a0\u00a0\u00a0\u00a0\u00a0\u00a0\u00a0\u00a0\u00a0\u00a0\u00a0\u00a0\u00a0\u00a0\u00a0\u00a0\u00a0\u00a0\u00a0\u00a0\u00a0\u00a0\u00a0\u00a0\u00a0\u00a0\u00a0\u00a0\u00a0\u00a0\u00a0\u00a0\u00a0\u00a0\u00a0\u00a0\u00a0\u00a0\u00a0\u00a0\u00a0\u00a0\u00a0\u00a0\u00a0\u00a0\u00a0\u00a0\u00a0\u00a0\u00a0\u00a0\u00a0\u00a0\u00a0\u00a0\u00a0\u00a0\u00a0\u00a0\u00a0\u00a0\u00a0\u00a0\u00a0\u00a0\u00a0\u00a0\u00a0\u00a0\u00a0\u00a0\u00a0\u00a0\u00a0\u00a0\u00a0\u00a0\u00a0\u00a0\u00a0\u00a0\u00a0\u00a0\u00a0\u00a0\u00a0\u00a0\u00a0\u00a0\u00a0\u00a0\u00a0\u00a0\u00a0\u00a0\u00a0\u00a0\u00a0\u00a0\u00a0\u00a0\u00a0\u00a0\u00a0\u00a0\u00a0\u00a0\u00a0\u00a0\u00a0\u00a0\u00a0\u00a0\u00a0\u00a0\u00a0\u00a0\u00a0\u00a0\u00a0\u00a0\u00a0&#8211; Morfeusz, \u201cMatrix\u201d<\/p>\n\n\n\n<p><em><a href=\"https:\/\/wolnemotyle.pl\/?page_id=9\">Powr\u00f3t do spisu tre\u015bci<\/a><\/em><\/p>\n\n\n\n<p><\/p>\n","protected":false},"excerpt":{"rendered":"<p>&nbsp;&nbsp;&nbsp;&nbsp;&nbsp;&nbsp;&nbsp;&nbsp;&nbsp;&nbsp;&nbsp;Pytanie: Je\u015bli nie dzielimy jednego wsp\u00f3lnego hologramu, jak to mo\u017cliwe, \u017ce Ty i ja mo\u017cemy wyj\u015b\u0107 wieczorem i widzie\u0107 te same gwiazdy, obejrze\u0107 ten sam film, czy zobaczy\u0107 te same osoby? Jak kto\u015b inny m\u00f3g\u0142by tak bardzo si\u0119 ze mn\u0105 zgadza\u0107 co do tego, co nazywamy &#8220;rzeczywisto\u015bci\u0105&#8221;, chyba \u017ce faktycznie widzieliby\u015bmy to samo? &nbsp;&nbsp;&nbsp;&nbsp;&nbsp;&nbsp;&nbsp;&nbsp;&nbsp;&nbsp;&nbsp;Odpowied\u017a: Odpowied\u017a&#8230;<\/p>\n","protected":false},"author":1,"featured_media":0,"parent":0,"menu_order":0,"comment_status":"closed","ping_status":"closed","template":"","meta":{"_kad_post_transparent":"","_kad_post_title":"","_kad_post_layout":"narrow","_kad_post_sidebar_id":"","_kad_post_content_style":"","_kad_post_vertical_padding":"","_kad_post_feature":"","_kad_post_feature_position":"","_kad_post_header":false,"_kad_post_footer":false,"_kad_post_classname":"","footnotes":""},"class_list":["post-200","page","type-page","status-publish","hentry"],"_links":{"self":[{"href":"https:\/\/wolnemotyle.pl\/index.php?rest_route=\/wp\/v2\/pages\/200","targetHints":{"allow":["GET"]}}],"collection":[{"href":"https:\/\/wolnemotyle.pl\/index.php?rest_route=\/wp\/v2\/pages"}],"about":[{"href":"https:\/\/wolnemotyle.pl\/index.php?rest_route=\/wp\/v2\/types\/page"}],"author":[{"embeddable":true,"href":"https:\/\/wolnemotyle.pl\/index.php?rest_route=\/wp\/v2\/users\/1"}],"replies":[{"embeddable":true,"href":"https:\/\/wolnemotyle.pl\/index.php?rest_route=%2Fwp%2Fv2%2Fcomments&post=200"}],"version-history":[{"count":2,"href":"https:\/\/wolnemotyle.pl\/index.php?rest_route=\/wp\/v2\/pages\/200\/revisions"}],"predecessor-version":[{"id":203,"href":"https:\/\/wolnemotyle.pl\/index.php?rest_route=\/wp\/v2\/pages\/200\/revisions\/203"}],"wp:attachment":[{"href":"https:\/\/wolnemotyle.pl\/index.php?rest_route=%2Fwp%2Fv2%2Fmedia&parent=200"}],"curies":[{"name":"wp","href":"https:\/\/api.w.org\/{rel}","templated":true}]}}