{"id":204,"date":"2026-01-01T18:53:57","date_gmt":"2026-01-01T17:53:57","guid":{"rendered":"https:\/\/wolnemotyle.pl\/?page_id=204"},"modified":"2026-01-01T18:53:57","modified_gmt":"2026-01-01T17:53:57","slug":"rozdzial-25-wszyscy-jestesmy-jednoscia","status":"publish","type":"page","link":"https:\/\/wolnemotyle.pl\/?page_id=204","title":{"rendered":"ROZDZIA\u0141 25 &#8211; Wszyscy jeste\u015bmy Jedno\u015bci\u0105"},"content":{"rendered":"\n<p>&nbsp;&nbsp;&nbsp;&nbsp;&nbsp;&nbsp;&nbsp;&nbsp;&nbsp;&nbsp;&nbsp;<em>Pytanie<\/em>: Czy <em>&#8220;What the [Bleep] Do We Know?&#8221;<\/em>) i <em>&#8220;The Secret&#8221;<\/em> oraz wiele innych filozofii &#8220;new age&#8221; nie twierdz\u0105, \u017ce &#8220;jeste\u015bmy wszyscy jednym&#8221;? Czy faktycznie fizyka kwantowa m\u00f3wi, \u017ce &#8220;wszyscy jeste\u015bmy po\u0142\u0105czeni&#8221; i czy niekt\u00f3re niedawne eksperymenty tego dowiod\u0142y? Czy nie m\u00f3wiono nam, \u017ce je\u015bli motyl macha skrzyd\u0142ami w Brazylii, mo\u017ce wywo\u0142a\u0107 tornado w Teksasie?<\/p>\n\n\n\n<p class=\"has-text-align-right\" style=\"font-size:14px\"><a href=\"https:\/\/pl.wikipedia.org\/wiki\/Efekt_motyla\">Efekt Motyla<\/a> &#8211; Wikipedia<\/p>\n\n\n\n<p>&nbsp;&nbsp;&nbsp;&nbsp;&nbsp;&nbsp;&nbsp;&nbsp;&nbsp;&nbsp;&nbsp;<em>Odpowied\u017a<\/em>: Tak, tak, tak&#8230; to w\u0142a\u015bnie nam m\u00f3wiono. Ale czy cokolwiek z tego jest prawd\u0105?<\/p>\n\n\n\n<p><strong>\u00a0\u00a0\u00a0\u00a0\u00a0\u00a0\u00a0\u00a0\u00a0\u00a0\u00a0<\/strong>Po pierwsze, nie ma &#8220;nas&#8221;. Jest tylko &#8220;ja&#8221; i &#8220;inni ludzie&#8221;, kt\u00f3rzy pojawiaj\u0105 si\u0119 w unikalnym i indywidualnym hologramie, kt\u00f3ry moje <em>Niesko\u0144czone Ja<\/em> tworzy dla mnie.<\/p>\n\n\n\n<p>&nbsp;&nbsp;&nbsp;&nbsp;&nbsp;&nbsp;&nbsp;&nbsp;&nbsp;&nbsp;Nawet je\u015bli wierzysz (tak jak ja), \u017ce wielu &#8220;innych ludzi&#8221;, kt\u00f3rzy pojawiaj\u0105 si\u0119 w Twoim hologramie, to r\u00f3wnie\u017c inni Gracze, z ich w\u0142asnymi <em>Niesko\u0144czonymi Ja<\/em>, maj\u0105 swoje unikalne i indywidualne hologramy, poniewa\u017c nie ma jednego wsp\u00f3lnego hologramu, kt\u00f3ry by\u015bmy wszyscy dzielili.<\/p>\n\n\n\n<p>&nbsp;&nbsp;&nbsp;&nbsp;&nbsp;&nbsp;&nbsp;&nbsp;&nbsp;&nbsp;&nbsp;Jak wi\u0119c dosz\u0142o do tego, \u017ce &#8220;jeste\u015bmy wszyscy jednym&#8221; sta\u0142o si\u0119 tak popularne w&nbsp; \u015bwiecie \u201cnew age\u201d?<\/p>\n\n\n\n<p>&nbsp;&nbsp;&nbsp;&nbsp;&nbsp;&nbsp;&nbsp;&nbsp;&nbsp;&nbsp;&nbsp;Na pocz\u0105tku lat 80. fizyk Alain Aspekt przeprowadzi\u0142 kilka bardzo s\u0142ynnych eksperyment\u00f3w we Francji, kt\u00f3re od tego czasu s\u0105 u\u017cywane do twierdzenia, \u017ce &#8220;jeste\u015bmy wszyscy jednym&#8221;, lub przynajmniej, \u017ce &#8220;jeste\u015bmy wszyscy po\u0142\u0105czeni&#8221;. Ale to wcale nie to udowodni\u0142y te eksperymenty.<\/p>\n\n\n\n<p>&nbsp;&nbsp;&nbsp;&nbsp;&nbsp;&nbsp;&nbsp;&nbsp;&nbsp;&nbsp;&nbsp;To co zrobi\u0142 Aspect, to wys\u0142a\u0142 dwa protony (bardzo ma\u0142e cz\u0105steczki) z atomu wapnia w r\u00f3\u017cnych kierunkach. Te dwa protony mia\u0142y przeciwne (komplementarne) \u0142adunki, gdy si\u0119 rozdziela\u0142y. Nast\u0119pnie zmieni\u0142 \u0142adunek jednego z proton\u00f3w, a drugi proton &#8220;magicznie&#8221; zmieni\u0142 sw\u00f3j w\u0142asny \u0142adunek jednocze\u015bnie.<\/p>\n\n\n\n<p class=\"has-text-align-right\" style=\"font-size:14px\"><a href=\"https:\/\/pl.wikipedia.org\/wiki\/Alain_Aspect\">Alain Aspect <\/a>&#8211; Wikipedia<\/p>\n\n\n\n<p>\u00a0\u00a0\u00a0\u00a0\u00a0\u00a0\u00a0\u00a0\u00a0\u00a0\u00a0Sta\u0142o si\u0119 to znane jako &#8220;<a href=\"https:\/\/en.wikipedia.org\/wiki\/Alain_Aspect\">dziwaczne dzia\u0142anie na odleg\u0142o\u015b\u0107<\/a>&#8220;, poniewa\u017c nie by\u0142o \u017cadnego wyja\u015bnienia, jak te dwa protony wp\u0142ywa\u0142y na siebie na odleg\u0142o\u015bciach, kt\u00f3re uniemo\u017cliwia\u0142yby jak\u0105kolwiek komunikacj\u0119 mi\u0119dzy nimi.<\/p>\n\n\n\n<p>&nbsp;&nbsp;&nbsp;&nbsp;&nbsp;&nbsp;&nbsp;&nbsp;&nbsp;&nbsp;&nbsp;M\u00f3wi\u0105c pro\u015bciej i og\u00f3lniej, eksperyment dostarcza mocnych dowod\u00f3w, \u017ce zdarzenie kwantowe w jednym miejscu mo\u017ce wp\u0142yn\u0105\u0107 na zdarzenie w innym miejscu bez oczywistego mechanizmu komunikacji mi\u0119dzy tymi dwoma miejscami; i to zosta\u0142o wykorzystane przez &#8220;new age&#8221; jako dow\u00f3d na to, \u017ce &#8220;jeste\u015bmy wszyscy jednym i po\u0142\u0105czeni&#8221;.<\/p>\n\n\n\n<p>&nbsp;&nbsp;&nbsp;&nbsp;&nbsp;&nbsp;&nbsp;&nbsp;&nbsp;&nbsp;&nbsp;Ale wyniki Aspecta wcale tego nie udowadniaj\u0105. Najwy\u017cej dowodz\u0105, \u017ce wszystko w ramach jednego hologramu jest ze sob\u0105 po\u0142\u0105czone, co ju\u017c wiemy, \u017ce jest prawd\u0105. Je\u015bli odetniesz ma\u0142y kawa\u0142ek z wi\u0119kszej ta\u015bmy holograficznej, wci\u0105\u017c mo\u017cesz odtworzy\u0107 pe\u0142ny obraz holograficzny z tego kawa\u0142ka. (Jest ciemniejszy, ale ca\u0142y obraz jest wci\u0105\u017c widoczny.) Nazywa si\u0119 to &#8220;spl\u0105taniem&#8221; w fizyce kwantowej, co w zasadzie oznacza, \u017ce wszystkie r\u00f3\u017cne &#8220;cz\u0105stki&#8221;, kt\u00f3re tworz\u0105 hologram, s\u0105 ze sob\u0105 po\u0142\u0105czone.<\/p>\n\n\n\n<p>&nbsp;&nbsp;&nbsp;&nbsp;&nbsp;&nbsp;&nbsp;&nbsp;&nbsp;&nbsp;&nbsp;Tak wi\u0119c wszystko jest po\u0142\u0105czone w ramach pojedynczego hologramu i by\u0107 mo\u017ce, je\u015bli motyl macha skrzyd\u0142ami w Brazylii w moim hologramie, mo\u017ce wywo\u0142a\u0107 tornado w Teksasie w moim hologramie. Ale poniewa\u017c nie ma jednego wsp\u00f3lnego hologramu, kt\u00f3ry by\u015bmy wszyscy dzielili, a ka\u017cdy Gracz ma swoje w\u0142asne unikalne i indywidualne do\u015bwiadczenia holograficzne, wyniki Aspecta nie mog\u0105 by\u0107 interpretowane jako dow\u00f3d na to, \u017ce jeste\u015bmy wszyscy jednym, ani nawet ze wszyscy jestesmy po\u0142\u0105czeni.<\/p>\n\n\n\n<p>&nbsp;&nbsp;&nbsp;&nbsp;&nbsp;&nbsp;&nbsp;&nbsp;&nbsp;&nbsp;&nbsp;Je\u015bli motyl macha skrzyd\u0142ami w Brazylii i wywo\u0142uje tornado w Teksasie zar\u00f3wno w moim hologramie, jak i w Twoim, oznacza to po prostu, \u017ce ten scenariusz by\u0142 cz\u0119\u015bci\u0105 &#8220;Szablonu \u015arodowiska Ziemi&#8221;, kt\u00f3ry zosta\u0142 u\u017cyty zar\u00f3wno przez Twoje <em>Niesko\u0144czone Ja<\/em>, jak i moje <em>Niesko\u0144czone Ja,<\/em> gdy tworzy\u0142y nasze indywidualne do\u015bwiadczenia holograficzne. Ale to wci\u0105\u017c nie oznacza, \u017ce &#8220;wszyscy jeste\u015bmy jedno\u015bci\u0105&#8221;.<\/p>\n\n\n\n<p>\u00a0\u00a0\u00a0\u00a0\u00a0\u00a0\u00a0\u00a0\u00a0\u00a0\u00a0Pomy\u015bl o tym w ten spos\u00f3b: Pole zawiera nieograniczon\u0105 liczb\u0119 mo\u017cliwo\u015bci w postaci falowej i dlatego mo\u017ce by\u0107 \u017ar\u00f3d\u0142em niesko\u0144czonej liczby hologram\u00f3w. Na przyk\u0142ad, moje <em>Niesko\u0144czone Ja<\/em> mog\u0142oby p\u00f3j\u015b\u0107 do \u201cPola\u201d i zdecydowa\u0107 si\u0119 wyprodukowa\u0107 hologram jab\u0142ka dla mnie. Twoje <em>Niesko\u0144czone Ja<\/em> mog\u0142oby p\u00f3j\u015b\u0107 do \u201cPola\u201d i zdecydowa\u0107 si\u0119 wyprodukowa\u0107 hologram pomara\u0144czy dla Ciebie. Ale te dwa hologramy nie s\u0105 po\u0142\u0105czone. Mog\u0105 &#8220;oddzia\u0142ywa\u0107&#8221; w spos\u00f3b, kt\u00f3rego jeszcze nie rozumiemy, ale to nie oznacza, \u017ce s\u0105 &#8220;po\u0142\u0105czone&#8221;. Istnieje ogromna r\u00f3\u017cnica mi\u0119dzy tymi dwoma.<\/p>\n\n\n\n<p>&nbsp;&nbsp;&nbsp;&nbsp;&nbsp;&nbsp;&nbsp;&nbsp;&nbsp;&nbsp;&nbsp;Innymi s\u0142owy, mog\u0119 co\u015b zrobi\u0107 ze swoim jab\u0142kiem w moim hologramie i nie b\u0119dzie to mia\u0142o wp\u0142ywu na pomara\u0144cz\u0119 w Twoim hologramie. Hologramy ka\u017cdego Gracza s\u0105 ca\u0142kowicie niezale\u017cne od hologram\u00f3w ka\u017cdego innego Gracza. Motyl, kt\u00f3ry macha skrzyd\u0142ami w Brazylii w moim hologramie, nie spowoduje automatycznie tornada w Teksasie w Twoim hologramie. Przynajmniej obecnie nie mamy naukowego dowodu na teori\u0119, \u017ce &#8220;wszyscy jeste\u015bmy po\u0142\u0105czeni&#8221;, pomimo tego, co m\u00f3wi &#8220;new age\u201d.<\/p>\n\n\n\n<p>\u00a0\u00a0\u00a0\u00a0\u00a0\u00a0\u00a0\u00a0\u00a0\u00a0\u00a0Pozw\u00f3l, \u017ce spr\u00f3buj\u0119 to powiedzie\u0107 w inny spos\u00f3b&#8230; Hologramy ka\u017cdego Gracza s\u0105 ca\u0142kowicie niezale\u017cne od hologram\u00f3w ka\u017cdego innego Gracza. To jedyny mo\u017cliwy spos\u00f3b, aby ka\u017cde <em>Niesko\u0144czone Ja<\/em> mog\u0142o stworzy\u0107 w\u0142asn\u0105 rzeczywisto\u015b\u0107 dla swojego Gracza. To jedyny spos\u00f3b, aby nie by\u0142o ofiar ani sprawc\u00f3w.<\/p>\n\n\n\n<p>&nbsp;&nbsp;&nbsp;&nbsp;&nbsp;&nbsp;&nbsp;&nbsp;&nbsp;&nbsp;&nbsp;Przypomina mi to mod\u0119 na psychologi\u0119 w latach 80. i 90., zwi\u0105zan\u0105 z &#8220;wsp\u00f3\u0142zale\u017cno\u015bci\u0105&#8221;. Hologramy jednego Gracza nie s\u0105 wsp\u00f3\u0142zale\u017cne od hologram\u00f3w \u017cadnego innego Gracza. Mo\u017ce zachodzi\u0107 interakcja mi\u0119dzy dwoma niezale\u017cnymi hologramami Graczy, ale to, co dzieje si\u0119 w jednym hologramie Gracza, nie jest wsp\u00f3\u0142zale\u017cne od tego, co dzieje si\u0119 w hologramie \u017cadnego innego Gracza. Kr\u00f3tko m\u00f3wi\u0105c, nie ma tu &#8220;wsp\u00f3\u0142tworzenia&#8221;.<\/p>\n\n\n\n<p>\u00a0\u00a0\u00a0\u00a0\u00a0\u00a0\u00a0\u00a0\u00a0\u00a0\u00a0\u00a0Je\u015bli chcesz powiedzie\u0107 &#8220;wszystko, co widz\u0119 w moim hologramie, jest jedno\u015bci\u0105&#8221;, mia\u0142by\u015b racj\u0119. Ale powiedzenie &#8220;wszyscy jeste\u015bmy jedno\u015bci\u0105&#8221; na poziomie holograficznym nie jest prawdziwe.<\/p>\n\n\n\n<p>\u00a0\u00a0\u00a0\u00a0\u00a0\u00a0\u00a0\u00a0\u00a0\u00a0\u00a0Teraz mo\u017cemy przej\u015b\u0107 na inny poziom, zar\u00f3wno w eksperymentach Alaina Aspecta, jak i w naszych w\u0142asnych indywidualnych do\u015bwiadczeniach. M\u00f3j hologram jab\u0142ka i Tw\u00f3j hologram pomara\u0144czy maj\u0105 t\u0119 sam\u0105 \u017ar\u00f3d\u0142owo\u015b\u0107 \u2013 Pole \u2013 tak jak dwa protony w eksperymencie Aspecta mia\u0142y to samo \u017ar\u00f3d\u0142o \u2013 atom wapnia. W Polu wszystko \u0142\u0105czy si\u0119 ze wszystkim, jak fale pe\u0142ne mo\u017cliwo\u015bci i niesko\u0144czonych pomys\u0142\u00f3w. Ale gdy niekt\u00f3re z tych fal zostan\u0105 wybrane przez <em>Niesko\u0144czone Ja<\/em> i przekazane do ludzkiego m\u00f3zgu, to to po\u0142\u0105czenie w Polu nie przechodzi ju\u017c dalej do naszego fizycznego \u015bwiata.<\/p>\n\n\n\n<p>&nbsp;&nbsp;&nbsp;&nbsp;&nbsp;&nbsp;&nbsp;&nbsp;&nbsp;&nbsp;&nbsp;By\u0142oby prawdziwe powiedzie\u0107 co\u015b w rodzaju &#8220;Wszystkie nasze hologramy maj\u0105 to samo \u017ar\u00f3d\u0142o \u2013 Pole&#8221;, tak jak prawdziwe jest powiedzie\u0107, \u017ce brat i siostra maj\u0105 to samo \u017ar\u00f3d\u0142o \u2013 swoich rodzic\u00f3w. Ale tak jak brat i siostra nie s\u0105 &#8220;po\u0142\u0105czeni&#8221; na poziomie wszech\u015bwiata fizycznego (ignoruj\u0105c rzadkie anomalie bli\u017aniak\u00f3w syjamskich), i tak jak oczywi\u015bcie nie s\u0105 &#8220;wszyscy jedno\u015bci\u0105&#8221;, tak samo nasze indywidualne hologramy, kt\u00f3re postrzegamy jako wszech\u015bwiat fizyczny, nie s\u0105 jedno\u015bci\u0105.<\/p>\n\n\n\n<p>&nbsp;&nbsp;&nbsp;&nbsp;&nbsp;&nbsp;&nbsp;&nbsp;&nbsp;&nbsp;&nbsp;Na poziomie \u201cPola\u201d jednak\u017ce, nie tylko wszyscy jeste\u015bmy jedno\u015bci\u0105, ale wszystko jest jedno\u015bci\u0105, poniewa\u017c Pole jest \u017ar\u00f3d\u0142em wszystkiego w formie cz\u0119stotliwo\u015bci falowych, kt\u00f3re p\u00f3\u017aniej pojawiaj\u0105 si\u0119 w holograficznym wszech\u015bwiecie jako cz\u0105stki.<\/p>\n\n\n\n<p>&nbsp;&nbsp;&nbsp;&nbsp;&nbsp;&nbsp;&nbsp;&nbsp;&nbsp;&nbsp;&nbsp;&nbsp;&nbsp;&nbsp;&nbsp;&nbsp;&nbsp;&nbsp;&nbsp;&nbsp;&nbsp;&nbsp;&nbsp;&nbsp;&nbsp;&nbsp;&nbsp;&nbsp;&nbsp;&nbsp;&nbsp;&nbsp;&nbsp;&nbsp;&nbsp;&nbsp;&nbsp;&nbsp;&nbsp;&nbsp;&nbsp;&nbsp;&nbsp;&nbsp;&nbsp;&nbsp;&nbsp;&nbsp;&nbsp;&nbsp;&nbsp;&nbsp;&nbsp;&nbsp;&nbsp;&nbsp;&nbsp;&nbsp;&nbsp;&nbsp;<strong>&nbsp;&nbsp;&nbsp;&nbsp;* * *<\/strong><\/p>\n\n\n\n<p><strong>&nbsp;&nbsp;&nbsp;&nbsp;&nbsp;&nbsp;&nbsp;&nbsp;&nbsp;&nbsp;<\/strong>&nbsp;Rozmawiali\u015bmy o jab\u0142kach i pomara\u0144czach. Teraz porozmawiajmy o jab\u0142kach i jab\u0142kach, co troch\u0119 komplikuje spraw\u0119.&nbsp;<\/p>\n\n\n\n<p>&nbsp;&nbsp;&nbsp;&nbsp;&nbsp;&nbsp;&nbsp;&nbsp;&nbsp;&nbsp;&nbsp;Moje <em>Niesko\u0144czone Ja<\/em> tworzy jab\u0142ko w moim hologramie. Twoje <em>Niesko\u0144czone Ja <\/em>tworzy jab\u0142ko w Twoim hologramie. Nasze dwa hologramy oddzia\u0142uj\u0105 ze sob\u0105 i chocia\u017c widzisz swoje jab\u0142ko nieco inaczej ni\u017c ja widz\u0119 moje jab\u0142ko, oba jab\u0142ka le\u017c\u0105 w tym samym miejscu na blacie kuchennym, kt\u00f3ry mamy w swoich hologramach.&nbsp;<\/p>\n\n\n\n<p>&nbsp;&nbsp;&nbsp;&nbsp;&nbsp;&nbsp;&nbsp;&nbsp;&nbsp;&nbsp;&nbsp;&nbsp;Podnosz\u0119 jab\u0142ko i zjadam je, a ty patrzysz. M\u00f3wi\u0119: &#8220;Jem jab\u0142ko&#8221;, a ty m\u00f3wisz: &#8220;Jesz jab\u0142ko&#8221;. Ale teraz wracamy do tego, co powiedzia\u0142 dr Newberg, \u017ce krzy\u017cowe odniesienie niczego nie udowadnia. Wci\u0105\u017c jest niemo\u017cliwe udowodnienie, \u017ce moje zjedzenie jab\u0142ka w Twoim hologramie, lub Twoje powiedzenie mi, \u017ce jem jab\u0142ko w moim hologramie, jest dowodem na jakiekolwiek po\u0142\u0105czenie mi\u0119dzy dwoma hologramami.&nbsp;<\/p>\n\n\n\n<p>&nbsp;&nbsp;&nbsp;&nbsp;&nbsp;&nbsp;&nbsp;&nbsp;&nbsp;&nbsp;&nbsp;Jak m\u00f3wi\u0142em, ca\u0142kiem mo\u017cliwe jest, \u017ce jab\u0142ko, kt\u00f3re oboje widzimy na blacie kuchennym, jest cz\u0119\u015bci\u0105 &#8220;Szablonu \u015arodowiska Ziemi&#8221;, kt\u00f3ry nasze <em>Niesko\u0144czone Ja<\/em> u\u017cy\u0142y do stworzenia tego konkretnego do\u015bwiadczenia i dlatego wsp\u00f3lne dla Twojego i mojego hologramu. Ale to wci\u0105\u017c nie oznacza, \u017ce Tw\u00f3j hologram i m\u00f3j hologram s\u0105 po\u0142\u0105czone, ani \u017ce Ty i ja jeste\u015bmy &#8220;wszyscy jedno\u015bci\u0105&#8221;.&nbsp;<\/p>\n\n\n\n<p>&nbsp;&nbsp;&nbsp;&nbsp;&nbsp;&nbsp;&nbsp;&nbsp;&nbsp;&nbsp;&nbsp;Wyobra\u017a sobie, \u017ce siedzisz przy stole w restauracji i rozmawiasz z przyjacielem. To, co ona do Ciebie m\u00f3wi, to scenariusz napisany dla niej do przeczytania przez Twoje <em>Niesko\u0144czone Ja<\/em>, aby by\u0107 cz\u0119\u015bci\u0105 Twojego holograficznego do\u015bwiadczenia. To, co Ty do niej m\u00f3wisz, to scenariusz napisany dla Ciebie do przeczytania przez jej <em>Niesko\u0144czone Ja<\/em>, aby by\u0107 cz\u0119\u015bci\u0105 jej holograficznego do\u015bwiadczenia. A jednak wydaje si\u0119, \u017ce te dwa hologramy oddzia\u0142uj\u0105 ze sob\u0105.&nbsp;<\/p>\n\n\n\n<p>\u00a0\u00a0\u00a0\u00a0\u00a0\u00a0\u00a0\u00a0\u00a0\u00a0\u00a0Teraz wyobra\u017a sobie, \u017ce w Twoim hologramie muzyka graj\u0105ca w tle jest zbyt g\u0142o\u015bna i denerwuj\u0105ca, zak\u0142\u00f3caj\u0105c Twoj\u0105 zdolno\u015b\u0107 do s\u0142uchania i skupienia si\u0119 na rozmowie z przyjacielem. Tw\u00f3j przyjaciel jednak prawie nie s\u0142yszy muzyki i nie ma z ni\u0105 problemu. Problem Twojego przyjaciela polega na tym, \u017ce obok siedzi m\u0119\u017cczyzna, kt\u00f3ry prze\u017cuwa jedzenie z otwartymi ustami, co sprawia, \u017ce jest mu niedobrze. Widzisz tego m\u0119\u017cczyzn\u0119, ale on nie wydaje si\u0119 prze\u017cuwa\u0107 z otwartymi ustami dla Ciebie i nie przeszkadza Ci to.\u00a0<\/p>\n\n\n\n<p>&nbsp;&nbsp;&nbsp;&nbsp;&nbsp;&nbsp;&nbsp;&nbsp;&nbsp;&nbsp;&nbsp;Wi\u0119c co si\u0119 sta\u0142o tutaj?&nbsp;<\/p>\n\n\n\n<p><strong>\u00a0\u00a0\u00a0\u00a0\u00a0\u00a0\u00a0\u00a0\u00a0\u00a0\u00a0<\/strong>Obydwa <em>Niesko\u0144czone Ja<\/em> u\u017cy\u0142o &#8220;Szablonu \u015arodowiska Ziemi&#8221; do stworzenia do\u015bwiadczenia dla was obojga w tej konkretnej restauracji i oboje widzicie zasadniczo te same rzeczy: sto\u0142y i krzes\u0142a, obs\u0142ug\u0119, bar, napoje, jedzenie, itp. Ale ka\u017cde <em>Niesko\u0144czone Ja<\/em> dostosowa\u0142o holograficzne do\u015bwiadczenie dla swojego w\u0142asnego Gracza, dodaj\u0105c tu i \u00f3wdzie ma\u0142e, osobiste akcenty.\u00a0<\/p>\n\n\n\n<p>&nbsp;&nbsp;&nbsp;&nbsp;&nbsp;&nbsp;&nbsp;&nbsp;&nbsp;&nbsp;&nbsp;W hologramie Twojego przyjaciela, muzyka dos\u0142ownie nie jest zbyt g\u0142o\u015bna. To nie tylko tak, \u017ce on nie s\u0142yszy jej jako zbyt g\u0142o\u015bnej; dos\u0142ownie nie jest zbyt g\u0142o\u015bna &#8211; zupe\u0142nie inna g\u0142o\u015bno\u015b\u0107 dla niego ni\u017c dla Ciebie. Nawet mo\u017cesz go zapyta\u0107, czy nie uwa\u017ca, \u017ce muzyka jest zbyt g\u0142o\u015bna, a on powiedzia\u0142aby: &#8220;Nie. Jest w porz\u0105dku.&#8221;&nbsp;<\/p>\n\n\n\n<p>&nbsp;&nbsp;&nbsp;&nbsp;&nbsp;&nbsp;&nbsp;&nbsp;&nbsp;&nbsp;&nbsp;W Twoim w\u0142asnym hologramie, m\u0119\u017cczyzna w og\u00f3le nie je z otwartymi ustami. To nie tylko tak, \u017ce on je i to Ci\u0119 nie martwi; on nie je z otwartymi ustami. Nawet Tw\u00f3j przyjaciel m\u00f3g\u0142by zapyta\u0107 Ci\u0119, czy nie martwi Ci\u0119 to, \u017ce m\u0119\u017cczyzna je z otwartymi ustami, a Ty powiedzia\u0142by\u015b: &#8220;Nie zauwa\u017cy\u0142em.&#8221;&nbsp;<\/p>\n\n\n\n<p>&nbsp;&nbsp;&nbsp;&nbsp;&nbsp;&nbsp;&nbsp;&nbsp;&nbsp;&nbsp;&nbsp;Mimo \u017ce mog\u0105 &#8220;oddzia\u0142ywa\u0107&#8221;, jak mo\u017cna pr\u00f3bowa\u0107 powiedzie\u0107, \u017ce te dwa oddzielne do\u015bwiadczenia holograficzne s\u0105 &#8220;po\u0142\u0105czone&#8221;, lub \u017ce Ty i Tw\u00f3j przyjaciel jeste\u015bcie &#8220;jedno\u015bci\u0105&#8221;? Co najwy\u017cej, dw\u00f3ch oddzia\u0142uj\u0105cych Graczy mo\u017ce do\u015bwiadcza\u0107 tego samego &#8220;Szablonu \u015arodowiska Ziemi&#8221;, ale to wszystko.&nbsp;<\/p>\n\n\n\n<p>&nbsp;&nbsp;&nbsp;&nbsp;&nbsp;&nbsp;&nbsp;&nbsp;&nbsp;&nbsp;&nbsp;&nbsp;Istnieje nawet jedna filozofia, kt\u00f3ra uwa\u017ca, \u017ce idea &#8220;jeste\u015bmy wszyscy jedno\u015bci\u0105&#8221; to rodzaj hipnotycznego wszczepu, kt\u00f3ry w ko\u0144cu wychodzi na powierzchni\u0119, aby by\u0107 uznany za b\u0142\u0105d i usuni\u0119ty.<\/p>\n\n\n\n<p class=\"has-text-align-right\" style=\"font-size:14px\">&nbsp;&nbsp;&nbsp;&nbsp;&nbsp;Hubbard, L. Ron. From the OT3 materials<\/p>\n\n\n\n<p><a href=\"https:\/\/wolnemotyle.pl\/?page_id=9\"><em>Powr\u00f3t do spisu tre\u015bc<\/em>i<\/a><\/p>\n","protected":false},"excerpt":{"rendered":"<p>&nbsp;&nbsp;&nbsp;&nbsp;&nbsp;&nbsp;&nbsp;&nbsp;&nbsp;&nbsp;&nbsp;Pytanie: Czy &#8220;What the [Bleep] Do We Know?&#8221;) i &#8220;The Secret&#8221; oraz wiele innych filozofii &#8220;new age&#8221; nie twierdz\u0105, \u017ce &#8220;jeste\u015bmy wszyscy jednym&#8221;? Czy faktycznie fizyka kwantowa m\u00f3wi, \u017ce &#8220;wszyscy jeste\u015bmy po\u0142\u0105czeni&#8221; i czy niekt\u00f3re niedawne eksperymenty tego dowiod\u0142y? Czy nie m\u00f3wiono nam, \u017ce je\u015bli motyl macha skrzyd\u0142ami w Brazylii, mo\u017ce wywo\u0142a\u0107 tornado w Teksasie?&#8230;<\/p>\n","protected":false},"author":1,"featured_media":0,"parent":0,"menu_order":0,"comment_status":"closed","ping_status":"closed","template":"","meta":{"_kad_post_transparent":"","_kad_post_title":"","_kad_post_layout":"narrow","_kad_post_sidebar_id":"","_kad_post_content_style":"","_kad_post_vertical_padding":"","_kad_post_feature":"","_kad_post_feature_position":"","_kad_post_header":false,"_kad_post_footer":false,"_kad_post_classname":"","footnotes":""},"class_list":["post-204","page","type-page","status-publish","hentry"],"_links":{"self":[{"href":"https:\/\/wolnemotyle.pl\/index.php?rest_route=\/wp\/v2\/pages\/204","targetHints":{"allow":["GET"]}}],"collection":[{"href":"https:\/\/wolnemotyle.pl\/index.php?rest_route=\/wp\/v2\/pages"}],"about":[{"href":"https:\/\/wolnemotyle.pl\/index.php?rest_route=\/wp\/v2\/types\/page"}],"author":[{"embeddable":true,"href":"https:\/\/wolnemotyle.pl\/index.php?rest_route=\/wp\/v2\/users\/1"}],"replies":[{"embeddable":true,"href":"https:\/\/wolnemotyle.pl\/index.php?rest_route=%2Fwp%2Fv2%2Fcomments&post=204"}],"version-history":[{"count":1,"href":"https:\/\/wolnemotyle.pl\/index.php?rest_route=\/wp\/v2\/pages\/204\/revisions"}],"predecessor-version":[{"id":205,"href":"https:\/\/wolnemotyle.pl\/index.php?rest_route=\/wp\/v2\/pages\/204\/revisions\/205"}],"wp:attachment":[{"href":"https:\/\/wolnemotyle.pl\/index.php?rest_route=%2Fwp%2Fv2%2Fmedia&parent=204"}],"curies":[{"name":"wp","href":"https:\/\/api.w.org\/{rel}","templated":true}]}}