{"id":213,"date":"2026-01-02T23:33:38","date_gmt":"2026-01-02T22:33:38","guid":{"rendered":"https:\/\/wolnemotyle.pl\/?page_id=213"},"modified":"2026-01-02T23:33:38","modified_gmt":"2026-01-02T22:33:38","slug":"rozdzial-27-poprzednie-zycia","status":"publish","type":"page","link":"https:\/\/wolnemotyle.pl\/?page_id=213","title":{"rendered":"ROZDZIA\u0141 27 &#8211; Poprzednie \u017cycia?"},"content":{"rendered":"\n<p><em>&nbsp;&nbsp;&nbsp;&nbsp;&nbsp;&nbsp;&nbsp;&nbsp;&nbsp;&nbsp;&nbsp;Pytanie<\/em>: Co z poprzednimi \u017cyciami?<\/p>\n\n\n\n<p>&nbsp;&nbsp;&nbsp;&nbsp;&nbsp;&nbsp;&nbsp;&nbsp;&nbsp;&nbsp;&nbsp;Odpowied\u017a: Uwielbiam to pytanie, poniewa\u017c wierzy\u0142em w poprzednie \u017cycia przez oko\u0142o pi\u0119\u0107dziesi\u0105t lat, zanim nie zetkn\u0105\u0142em si\u0119 z fizyk\u0105 kwantow\u0105 i prawd\u0105 modelu Ludzkiej Gry. Nie tylko wierzy\u0142em, ale mia\u0142em wiele szczeg\u00f3\u0142owych &#8220;wspomnie\u0144&#8221; z kilku tych poprzednich \u017cy\u0107.<\/p>\n\n\n\n<p>&nbsp;&nbsp;&nbsp;&nbsp;&nbsp;&nbsp;&nbsp;&nbsp;&nbsp;&nbsp;&nbsp;Ale zanim b\u0119dziemy mogli m\u00f3wi\u0107 o poprzednich \u017cyciach, musimy porozmawia\u0107 o czasie&#8230;<\/p>\n\n\n\n<p>&nbsp;&nbsp;&nbsp;&nbsp;&nbsp;&nbsp;&nbsp;&nbsp;&nbsp;&nbsp;&nbsp;Z bada\u0144 w fizyce kwantowej wiemy, \u017ce czas nie istnieje w Polu, gdzie tworzone s\u0105 wszystkie do\u015bwiadczenia, kt\u00f3re tworz\u0105 wszech\u015bwiat fizyczny. Przestrze\u0144 i czas s\u0105 tworzone jako cz\u0119\u015b\u0107 hologramu &#8211; naukowcy powiedzieliby, \u017ce przestrze\u0144\/czas to &#8220;funkcja hologramu&#8221; &#8211; i dlatego czas nie jest &#8220;rzeczywisty&#8221; w tym samym sensie, w jakim hologram nie jest &#8220;rzeczywisty&#8221;.&nbsp;<\/p>\n\n\n\n<p>&nbsp;&nbsp;&nbsp;&nbsp;&nbsp;&nbsp;&nbsp;&nbsp;&nbsp;&nbsp;&nbsp;W rzeczywisto\u015bci, jak wielu innych, jak <a href=\"https:\/\/en.wikipedia.org\/wiki\/Jane_Roberts\">Seth <\/a>i <a href=\"https:\/\/lubimyczytac.pl\/autor\/35559\/eckhart-tolle\">Eckhart Tolle<\/a>, wielokrotnie powtarza\u0142o, jedyn\u0105 rzecz\u0105, kt\u00f3ra jest &#8220;rzeczywista&#8221; &#8211; lub lepiej, &#8220;istotna&#8221; &#8211; jest tera\u017aniejszy moment. Dotyczy to nie tylko &#8220;poprzednich \u017cy\u0107&#8221;, ale tak\u017ce &#8220;przesz\u0142o\u015bci&#8221; w tym \u017cyciu, co powinno by\u0107 oczywiste, kiedy widzimy, jak kto\u015b mo\u017ce zmieni\u0107 swoj\u0105 przesz\u0142o\u015b\u0107, dostaj\u0105c nowe informacje lub zmieniaj\u0105c swoje postrzeganie tego, co wydarzy\u0142o si\u0119 &#8220;wtedy&#8221;.<\/p>\n\n\n\n<p>&nbsp;&nbsp;&nbsp;&nbsp;&nbsp;&nbsp;&nbsp;&nbsp;&nbsp;&nbsp;&nbsp;Einstein powiedzia\u0142, \u017ce &#8220;rzeczywisto\u015b\u0107 to tylko iluzja &#8211; chocia\u017c bardzo uporczywa&#8221;; i prawd\u0105 jest, \u017ce &#8220;rzeczywisto\u015b\u0107&#8221; wydaje si\u0119 mie\u0107 ci\u0105g\u0142o\u015b\u0107, gdy jeden moment przechodzi w kolejny. Ale mo\u017cliwe jest r\u00f3wnie\u017c spojrzenie na te chwile jako na indywidualne hologramy, kt\u00f3re szybko nast\u0119puj\u0105 po sobie, podobnie jak film sk\u0142ada si\u0119 z jednej indywidualnej klatki, a nast\u0119pnie kolejnej w szybkim tempie. Dlatego &#8220;uporczywo\u015b\u0107&#8221; sama w sobie jest iluzoryczna.<\/p>\n\n\n\n<p>&nbsp;&nbsp;&nbsp;&nbsp;&nbsp;&nbsp;&nbsp;&nbsp;&nbsp;&nbsp;&nbsp;Nawet mo\u017cliwe jest, \u017ce tak naprawd\u0119 nie ma nic opr\u00f3cz tera\u017aniejszego momentu i \u017ce wszystko, co uwa\u017camy za &#8220;przesz\u0142o\u015b\u0107&#8221;, jest tworzone w ka\u017cdym hologramie tera\u017aniejszego momentu.&nbsp;<\/p>\n\n\n\n<p>&nbsp;&nbsp;&nbsp;&nbsp;&nbsp;&nbsp;&nbsp;&nbsp;&nbsp;&nbsp;&nbsp;Karl Pribram sp\u0119dzi\u0142 lata pr\u00f3buj\u0105c znale\u017a\u0107 miejsce &#8220;pami\u0119ci&#8221; w m\u00f3zgu i w ko\u0144cu zdecydowa\u0142, \u017ce sam m\u00f3zg jest hologramem. Co wi\u0119c, je\u015bli &#8220;pami\u0119\u0107&#8221; naprawd\u0119 nie istnieje wcale? Co je\u015bli nasza &#8220;pami\u0119\u0107&#8221; o &#8220;przesz\u0142o\u015bci&#8221; jest tworzona w tera\u017aniejszym hologramie zamiast tego? Co je\u015bli, gdy m\u00f3wimy, \u017ce kto\u015b \u017cyje w swojej przesz\u0142o\u015bci, to naprawd\u0119 przeciwnie: ich przesz\u0142o\u015b\u0107 \u017cyje w ich tera\u017aniejszo\u015bci?<\/p>\n\n\n\n<p>&nbsp;&nbsp;&nbsp;&nbsp;&nbsp;&nbsp;&nbsp;&nbsp;&nbsp;&nbsp;&nbsp;Tak wi\u0119c &#8220;przesz\u0142o\u015b\u0107&#8221; mo\u017ce by\u0107 &#8220;opowie\u015bci\u0105&#8221;, kt\u00f3ra jest cz\u0119\u015bci\u0105 tera\u017aniejszego hologramu; i jeste\u015bmy wolni, aby przepisa\u0107 zako\u0144czenie tej opowie\u015bci w dowolnym momencie, zmieniaj\u0105c nasze reakcje i odpowiedzi na do\u015bwiadczenie, pozbywaj\u0105c si\u0119 os\u0105d\u00f3w, przekona\u0144, opinii i l\u0119k\u00f3w. To jest jasne i w\u0142a\u015bciwie bardzo potrzebne, gdy przechodzisz do drugiej po\u0142owy Ludzkiej Gry. Kiedy os\u0105d zostaje porzucony, na przyk\u0142ad, jak &#8220;z\u0142e&#8221; by\u0142o Twoje dzieci\u0144stwo i zyskujesz uznanie i wdzi\u0119czno\u015b\u0107 za doskona\u0142o\u015b\u0107 tych do\u015bwiadcze\u0144 w tworzeniu ogranicze\u0144 w pierwszej po\u0142owie, &#8220;przesz\u0142o\u015b\u0107&#8221; zmienia si\u0119 dramatycznie. Tak naprawd\u0119 dzieje si\u0119 to, \u017ce historia w Twoim tera\u017aniejszym hologramie na temat &#8220;przesz\u0142o\u015bci&#8221; si\u0119 zmienia. W istocie, tworzysz now\u0105 &#8220;przesz\u0142o\u015b\u0107&#8221; w tera\u017aniejszo\u015bci, poniewa\u017c nie ma tak naprawd\u0119 &#8220;przesz\u0142o\u015bci&#8221; per se.<\/p>\n\n\n\n<p>&nbsp;&nbsp;&nbsp;&nbsp;&nbsp;&nbsp;&nbsp;&nbsp;&nbsp;&nbsp;&nbsp;Dobry aktor to robi. Je\u015bli nie jest to cz\u0119\u015b\u0107 samego scenariusza, aktor stworzy przesz\u0142o\u015b\u0107 dla swojej postaci, daj\u0105c jej pow\u00f3d &#8211; &#8220;motywacj\u0119&#8221; &#8211; dla ka\u017cdej linii lub akcji, kt\u00f3r\u0105 wykonuje w filmie. Ale przesz\u0142o\u015b\u0107 tej postaci nie jest rzeczywista i istnieje tylko w tera\u017aniejszym momencie, gdy aktor gra, u\u017cywaj\u0105c jej do podania t\u0142a dla sposobu, w jaki dostarcza swoje kwestie.<\/p>\n\n\n\n<p>&nbsp;&nbsp;&nbsp;&nbsp;&nbsp;&nbsp;&nbsp;&nbsp;&nbsp;&nbsp;&nbsp;Czy ja si\u0119 jasno wyra\u017cam? Poniewa\u017c czas nie jest rzeczywisty, wszystkie &#8220;przesz\u0142e wspomnienia&#8221; mog\u0105 tak naprawd\u0119 by\u0107 jedynie cz\u0119\u015bciami tera\u017aniejszego hologramu, kt\u00f3re uzupe\u0142niaj\u0105 fabu\u0142\u0119 naszego filmu ca\u0142kowicie zanurzonego w 3D. To, co nazywamy nasz\u0105 &#8220;histori\u0105&#8221; &#8211; histori\u0105 osobist\u0105, histori\u0105 ludzk\u0105, nawet histori\u0105 naszej planety i wszech\u015bwiata fizycznego &#8211; mo\u017ce po prostu by\u0107 jedn\u0105 ma\u0142\u0105 fabu\u0142\u0105 w obecnym szablonie &#8220;\u015arodowiska Ziemi&#8221;, pobranym dla Gracza dla jego do\u015bwiadczenia w tera\u017aniejszo\u015bci.<\/p>\n\n\n\n<p>&nbsp;&nbsp;&nbsp;&nbsp;&nbsp;&nbsp;&nbsp;&nbsp;&nbsp;&nbsp;&nbsp;L. Ron Hubbard, w kolejnym z jego genialnych moment\u00f3w, nazwa\u0142 te &#8220;faksymile us\u0142ugowe&#8221; &#8211; &#8220;&#8216;us\u0142ugowe&#8217;, poniewa\u017c s\u0142u\u017c\u0105 mu; &#8216;faksymile&#8217;, poniewa\u017c s\u0105 w formie obrazu mentalnego&#8230; Faksymile us\u0142ugowe jest zatem obrazem zawieraj\u0105cym wyja\u015bnienie stanu w\u0142asnego&#8221;.&nbsp;<\/p>\n\n\n\n<p class=\"has-text-align-right\" style=\"font-size:14px\">Hubbard, L. Ron. HCOB 15 Feb 74<\/p>\n\n\n\n<p>&nbsp;&nbsp;&nbsp;&nbsp;&nbsp;&nbsp;&nbsp;&nbsp;&nbsp;&nbsp;&nbsp;Innymi s\u0142owy, mo\u017cemy bardzo dobrze tworzy\u0107 nasz\u0105 &#8220;przesz\u0142o\u015b\u0107&#8221; w tera\u017aniejszym czasie, aby wyja\u015bni\u0107 nasz obecny stan \u017cycia.<\/p>\n\n\n\n<p>&nbsp;&nbsp;&nbsp;&nbsp;&nbsp;&nbsp;&nbsp;&nbsp;&nbsp;&nbsp;&nbsp;Wierzenie w poprzednie \u017cycia by\u0142o, przynajmniej dla mnie, bardzo wa\u017cn\u0105 cz\u0119\u015bci\u0105 tego procesu. Mog\u0142em u\u017cy\u0107 poprzedniego \u017cycia jako przyczyny mojego zachowania w tera\u017aniejszym czasie, tak jak u\u017cywamy dysfunkcyjnego dzieci\u0144stwa, aby wyja\u015bni\u0107 dysfunkcyjnego doros\u0142ego.<\/p>\n\n\n\n<p>&nbsp;&nbsp;&nbsp;&nbsp;&nbsp;&nbsp;&nbsp;&nbsp;&nbsp;&nbsp;&nbsp;Szybki przyk\u0142ad&#8230; Mia\u0142em tak zwane &#8220;wspomnienia&#8221; bycia faraonem w Egipcie w XIV wieku p.n.e., kt\u00f3ry zosta\u0142 zamordowany przez kap\u0142a\u0144stwo, gdy pr\u00f3bowa\u0142 odebra\u0107 im w\u0142adz\u0119. To wyja\u015bnia\u0142o, dlaczego w tym \u017cyciu obecnym robi\u0142em wszystko, aby wyj\u015b\u0107 z polityki, gdy tylko zosta\u0142em wybrany, wierz\u0105c na pewnym poziomie, \u017ce wspinanie si\u0119 po szczeblach politycznej kariery w ko\u0144cu sko\u0144czy si\u0119 moj\u0105 \u015bmierci\u0105.<\/p>\n\n\n\n<p>&nbsp;&nbsp;&nbsp;&nbsp;&nbsp;&nbsp;&nbsp;&nbsp;&nbsp;&nbsp;&nbsp;Ale dla mnie poprzednie \u017cycia wyja\u015bnia\u0142y wi\u0119cej ni\u017c tylko &#8220;negatywne&#8221; zachowanie w tera\u017aniejszo\u015bci&#8230;<\/p>\n\n\n\n<p><strong>&nbsp;&nbsp;&nbsp;&nbsp;&nbsp;&nbsp;&nbsp;&nbsp;&nbsp;&nbsp;&nbsp;&nbsp;&nbsp;&nbsp;&nbsp;&nbsp;&nbsp;&nbsp;&nbsp;&nbsp;&nbsp;&nbsp;&nbsp;&nbsp;&nbsp;&nbsp;&nbsp;&nbsp;&nbsp;&nbsp;&nbsp;&nbsp;&nbsp;&nbsp;&nbsp;&nbsp;&nbsp;&nbsp;&nbsp;&nbsp;&nbsp;&nbsp;&nbsp;&nbsp;&nbsp;&nbsp;&nbsp;&nbsp;&nbsp;&nbsp;&nbsp;&nbsp;&nbsp;&nbsp;* * *&nbsp;<\/strong><\/p>\n\n\n\n<p><strong>\u00a0\u00a0\u00a0\u00a0\u00a0\u00a0\u00a0\u00a0\u00a0\u00a0<\/strong>\u00a0Mia\u0142em bardzo ma\u0142e do\u015bwiadczenie \u017ceglarskie w tym \u017cyciu, ograniczone g\u0142\u00f3wnie do budowania i p\u0142ywania dwunasto stopowym Sunfishem w mojej m\u0142odo\u015bci, zabieraj\u0105c moj\u0105 \u017con\u0119 na przeja\u017cd\u017ck\u0119 na Hobie Cat podczas naszego miesi\u0105ca miodowego (z\u0142y pomys\u0142!), oraz dowodzenia czterdziesto dwumetrowym Morganem z Los Angeles do Catalina, aby nurkowa\u0107 z przyjaci\u00f3\u0142mi. \u00a0 \u00a0 \u00a0 \u00a0 \u00a0 \u00a0 \u00a0 \u00a0 \u00a0 \u00a0 \u00a0 \u00a0 \u00a0 \u00a0 \u00a0 \u00a0 \u00a0 \u00a0 \u00a0 \u00a0 \u00a0 \u00a0 \u00a0 \u00a0 \u00a0 \u00a0 \u00a0 \u00a0 \u00a0 \u00a0 \u00a0 \u00a0 \u00a0 \u00a0 \u00a0 \u00a0 \u00a0 \u00a0 \u00a0 \u00a0 \u00a0 \u00a0 \u00a0 \u00a0 \u00a0 \u00a0 \u00a0 \u00a0 \u00a0 \u00a0 \u00a0 \u00a0 \u00a0 \u00a0 \u00a0 \u00a0 \u00a0 \u00a0 \u00a0 \u00a0 \u00a0 \u00a0 \u00a0 \u00a0 \u00a0 \u00a0 \u00a0 \u00a0 \u00a0 \u00a0 \u00a0 \u00a0 \u00a0 \u00a0Potem w 1994 roku wsiad\u0142em na pok\u0142ad Kairosa &#8211; osiemdziesi\u0119cio stopowego drewnianego szkunera &#8211; aby przez rok by\u0107 kucharzem. Ale jako\u015b wiedzia\u0142em dok\u0142adnie co robi\u0107 i jak doskonale ni\u0105 \u017ceglowa\u0107 &#8211; nawet prowadzi\u0107 j\u0105 samemu &#8211; w\u0142\u0105czaj\u0105c w to umiej\u0119tno\u015b\u0107 wi\u0105zania wszystkich standardowych w\u0119z\u0142\u00f3w \u017ceglarskich. W kr\u00f3tkim czasie zast\u0119powa\u0142em kapitana, gdy ten wybiera\u0142 si\u0119 na przed\u0142u\u017cone wakacje na l\u0105dzie, wykonywa\u0142em trudne manewry kotwiczenia w zupe\u0142nej ciemno\u015bci, obraca\u0142em statek o 180 stopni w stu metrowej przystani i prowadzi\u0142em j\u0105 precyzyjnie przez trzy dni i noce na otwartym oceanie z Wysp Kanaryjskich na Madere.<\/p>\n\n\n\n<figure class=\"wp-block-image size-full is-resized\"><img loading=\"lazy\" decoding=\"async\" width=\"369\" height=\"445\" src=\"https:\/\/wolnemotyle.pl\/wp-content\/uploads\/2026\/01\/image-1.png\" alt=\"\" class=\"wp-image-214\" style=\"aspect-ratio:0.8292365394749078;width:435px;height:auto\" srcset=\"https:\/\/wolnemotyle.pl\/wp-content\/uploads\/2026\/01\/image-1.png 369w, https:\/\/wolnemotyle.pl\/wp-content\/uploads\/2026\/01\/image-1-249x300.png 249w\" sizes=\"auto, (max-width: 369px) 100vw, 369px\" \/><\/figure>\n\n\n\n<p><strong>&nbsp;&nbsp;&nbsp;&nbsp;&nbsp;&nbsp;&nbsp;&nbsp;&nbsp;&nbsp;<\/strong>&nbsp;Nie mog\u0119 wyt\u0142umaczy\u0107 swojego zachowania na podstawie niczego, co prze\u017cy\u0142em w tym \u017cyciu. Jednak\u017ce mia\u0142em te &#8220;wspomnienia&#8221; z tego, co my\u015bla\u0142em, \u017ce by\u0142o &#8220;poprzednim \u017cyciem&#8221; jako marynarz handlowy, \u017cegluj\u0105c tam i z powrotem z Bostonu do Morza \u015ar\u00f3dziemnego na pocz\u0105tku XX wieku. Nie ma dla mnie w\u0105tpliwo\u015bci, \u017ce wiedza i umiej\u0119tno\u015bci, jakie posiada\u0142em w &#8220;tamtym \u017cyciu&#8221;, by\u0142y dost\u0119pne dla mnie w obecnym \u017cyciu, gdy ich potrzebowa\u0142em i chcia\u0142em.<\/p>\n\n\n\n<p>&nbsp;&nbsp;&nbsp;&nbsp;&nbsp;&nbsp;&nbsp;&nbsp;&nbsp;&nbsp;&nbsp;Ale je\u015bli nie ma &#8220;przesz\u0142o\u015bci&#8221; i dlatego nie ma &#8220;poprzednich wciele\u0144&#8221; &#8211; je\u015bli tworzymy nasz\u0105 przesz\u0142o\u015b\u0107 w tera\u017aniejszo\u015bci &#8211; jak mog\u0119 wyt\u0142umaczy\u0107 to zachowanie? Sk\u0105d mog\u0142em wiedzie\u0107, jak prowadzi\u0107 taki statek przy praktycznie zerowym do\u015bwiadczeniu?<\/p>\n\n\n\n<p>&nbsp;&nbsp;&nbsp;&nbsp;&nbsp;&nbsp;&nbsp;&nbsp;&nbsp;&nbsp;&nbsp;Istnieje inne wyja\u015bnienie, kt\u00f3re dobrze wsp\u00f3\u0142gra z fizyk\u0105 kwantow\u0105. Fizyk Fred Alan Wolf napisa\u0142 ksi\u0105\u017ck\u0119 pt. &#8220;Wszech\u015bwiaty R\u00f3wnoleg\u0142e: Poszukiwanie Innych \u015awiat\u00f3w&#8221;; istnieje tak\u017ce g\u0142\u00f3wna teoria w fizyce kwantowej zwana &#8220;Interpretacj\u0105 Wielu \u015awiat\u00f3w (MWI)&#8221;.<\/p>\n\n\n\n<blockquote class=\"wp-block-quote is-layout-flow wp-block-quote-is-layout-flow\">\n<p>&nbsp;&nbsp;&nbsp;&nbsp;&nbsp;&nbsp;&nbsp;&nbsp;<em>&nbsp;&nbsp;&nbsp;&#8220;Wszech\u015bwiaty R\u00f3wnoleg\u0142e twierdz\u0105, \u017ce rozwi\u0105zuj\u0105 wszystkie paradoksy teorii kwantowej, poniewa\u017c ka\u017cdy mo\u017cliwy wynik ka\u017cdego zdarzenia definiuje lub istnieje w swojej w\u0142asnej &#8216;historii&#8217; lub &#8216;\u015bwiecie&#8217;. W uproszczonych s\u0142owach oznacza to, \u017ce istnieje bardzo du\u017ca, by\u0107 mo\u017ce niesko\u0144czona, liczba wszech\u015bwiat\u00f3w i \u017ce wszystko, co mog\u0142oby si\u0119 zdarzy\u0107 w naszym wszech\u015bwiecie (ale si\u0119 nie zdarza), dzieje si\u0119 w jakim\u015b innym wszech\u015bwiecie (lub wszech\u015bwiatach)&#8230;. Przed Wszech\u015bwiatami&nbsp; R\u00f3wnoleg\u0142ymi, ten [wszech\u015bwiat] by\u0142 postrzegany jako pojedyncza &#8216;linia czasu&#8217;. Wszech\u015bwiaty R\u00f3wnoleg\u0142e raczej postrzegaj\u0105 go jako wielo ga\u0142\u0119ziaste drzewo, gdzie ka\u017cda mo\u017cliwa ga\u0142\u0105\u017a historii jest zrealizowana.&#8221;<\/em><\/p>\n<\/blockquote>\n\n\n\n<p class=\"has-text-align-right\" style=\"font-size:14px\"><em>Wikipedia &#8211;<\/em><a href=\"https:\/\/en.wikipedia.org\/wiki\/Many-worlds_interpretation\"><em>Many-worlds interpretation<\/em><\/a><\/p>\n\n\n\n<p>&nbsp;&nbsp;&nbsp;&nbsp;&nbsp;&nbsp;&nbsp;&nbsp;&nbsp;&nbsp;&nbsp;Fred Alan Wolf powiedzia\u0142\u2026<\/p>\n\n\n\n<blockquote class=\"wp-block-quote is-layout-flow wp-block-quote-is-layout-flow\">\n<p><em>&nbsp;&nbsp;&nbsp;&nbsp;&nbsp;&nbsp;&nbsp;<\/em><em>&nbsp;&nbsp;&nbsp;&nbsp;\u201eCzym jest wszech\u015bwiat r\u00f3wnoleg\u0142y? Podobnie jak nasz codzienny wszech\u015bwiat, jest to obszar przestrzeni i czasu zawieraj\u0105cy materi\u0119, galaktyki, gwiazdy, planety i istoty \u017cywe. Innymi s\u0142owy, wszech\u015bwiat r\u00f3wnoleg\u0142y jest podobny, a by\u0107 mo\u017ce nawet identyczny z naszym wszech\u015bwiatem. W wszech\u015bwiecie r\u00f3wnoleg\u0142ym nie tylko musz\u0105 istnie\u0107 inni ludzie, ale mog\u0105 to by\u0107 ludzie, kt\u00f3rzy s\u0105 dok\u0142adnymi kopiami nas samych i kt\u00f3rzy s\u0105 po\u0142\u0105czeni z nami poprzez mechanizmy, kt\u00f3re mo\u017cna wyja\u015bni\u0107 tylko za pomoc\u0105 poj\u0119\u0107 fizyki kwantowej\u2026. Istnieje mo\u017cliwo\u015b\u0107, \u017ce wszech\u015bwiaty r\u00f3wnoleg\u0142e mog\u0105 by\u0107 bardzo blisko nas, by\u0107 mo\u017ce tylko o atomowe odleg\u0142o\u015bci, ale mo\u017ce w wy\u017cszym wymiarze przestrzeni \u2013 rozszerzeniu do tego, co fizycy nazywaj\u0105 nadprzestrzeni\u0105. Wsp\u00f3\u0142czesna neurobiologia poprzez badanie zmienionych stan\u00f3w \u015bwiadomo\u015bci, schizofrenii i \u015bwiadomego \u015bnienia mo\u017ce wskazywa\u0107 na blisko\u015b\u0107 wszech\u015bwiat\u00f3w r\u00f3wnoleg\u0142ych do naszego.\u201d<\/em><\/p>\n<\/blockquote>\n\n\n\n<p class=\"has-text-align-right\" style=\"font-size:14px\"><em>Wolf, Fred Alan. \u201cIntroduction,\u201d <\/em><a href=\"https:\/\/www.amazon.com\/Parallel-Universes-Fred-Alan-Wolf\/dp\/0671696017\/ref=sr_1_1?ie=UTF8&amp;s=books&amp;qid=1282147178&amp;sr=8-1\"><em>Parallel Universes: The Search for Other Worlds<\/em><\/a><\/p>\n\n\n\n<p>&nbsp;&nbsp;&nbsp;&nbsp;&nbsp;&nbsp;&nbsp;&nbsp;&nbsp;&nbsp;&nbsp;Innymi s\u0142owy, bardzo znani i szanowani fizycy kwantowi spekuluj\u0105, \u017ce inne \u015bwiaty mog\u0105 istnie\u0107 jednocze\u015bnie z naszym i \u017ce mo\u017cemy mie\u0107 z nimi jakie\u015b po\u0142\u0105czenie. To otwiera drzwi do fascynuj\u0105cej teorii o przesz\u0142ych \u017cyciach&#8230;&nbsp;<\/p>\n\n\n\n<p>&nbsp;&nbsp;&nbsp;&nbsp;&nbsp;&nbsp;&nbsp;&nbsp;&nbsp;&nbsp;&nbsp;W rozdziale dwudziestym sz\u00f3stym m\u00f3wi\u0142em o mo\u017cliwo\u015bci, \u017ce <em>Niesko\u0144czone Ja<\/em> (Infinite I) mo\u017ce mie\u0107 wielu Graczy, reprezentuj\u0105cych je w r\u00f3\u017cnych Grach lub nawet w jednej Grze jednocze\u015bnie. Co, je\u015bli \u201eprzesz\u0142e \u017cycia\u201d, kt\u00f3re pami\u0119tamy, nie s\u0105 wcale \u201eprzesz\u0142e\u201d, ale dziej\u0105 si\u0119 teraz, w r\u00f3wnoleg\u0142ym wszech\u015bwiecie? Co, je\u015bli <em>Niesko\u0144czone Ja<\/em> chcia\u0142o do\u015bwiadczy\u0107 r\u00f3\u017cnych czas\u00f3w i miejsc w Ludzkiej Grze i stworzy\u0142o oddzielnych Graczy na te czasy i miejsca? A co, je\u015bli my, jako Gracze w tym miejscu i czasie, mieliby\u015bmy dost\u0119p do tych innych Graczy w innych miejscach i czasach i mogliby\u015bmy otrzymywa\u0107 od nich informacje za po\u015brednictwem wsp\u00f3lnego <em>Niesko\u0144czonego Ja<\/em>?&nbsp;<\/p>\n\n\n\n<p>&nbsp;&nbsp;&nbsp;&nbsp;&nbsp;&nbsp;&nbsp;&nbsp;&nbsp;&nbsp;&nbsp;Teraz rozumiem, \u017ce moje \u017cycie jako marynarza nie by\u0142o wcale \u201eprzesz\u0142ym \u017cyciem\u201d, ale r\u00f3wnoczesnym \u017cyciem tocz\u0105cym si\u0119 w r\u00f3wnoleg\u0142ym wszech\u015bwiecie i \u017ce marynarz jest Graczem tak jak ja, ale w innym czasie i miejscu, on i ja dzielimy to samo <em>Niesko\u0144czone Ja<\/em>. Z mojej perspektywy wydaje si\u0119, \u017ce by\u0142em w stanie po\u0142\u0105czy\u0107 si\u0119 z jego \u017cyciem za po\u015brednictwem naszego wsp\u00f3lnego <em>Niesko\u0144czonego Ja<\/em> i przynie\u015b\u0107 potrzebne informacje do mojego \u017cycia.&nbsp;<\/p>\n\n\n\n<p>\u00a0\u00a0\u00a0\u00a0\u00a0\u00a0\u00a0\u00a0\u00a0\u00a0\u00a0Mam te\u017c inne przyk\u0142ady z w\u0142asnego do\u015bwiadczenia dotycz\u0105ce \u201einterpretacji wielu \u015bwiat\u00f3w\u201d w fizyce kwantowej. Najpierw jednak opowiem histori\u0119 o <a href=\"https:\/\/en.wikipedia.org\/wiki\/Jane_Roberts\">Jane Roberts<\/a>, kt\u00f3ra kana\u0142owa\u0142a (channeling &#8211; jak Darryl Anka i Bashar) byt znany jako Seth.\u00a0<\/p>\n\n\n\n<p>&nbsp;&nbsp;&nbsp;&nbsp;&nbsp;&nbsp;&nbsp;&nbsp;&nbsp;&nbsp;&nbsp;Podobno pewnego dnia, kiedy Jane by\u0142a w transie, a Seth m\u00f3wi\u0142, kto\u015b pokaza\u0142 Sethowi zdj\u0119cie Jane, gdy mia\u0142a oko\u0142o dwunastu lat i zapyta\u0142, czy to jest Jane Roberts, kt\u00f3ra siedzi przed nimi w tym momencie. Seth powiedzia\u0142 <em>Nie<\/em>, to by\u0142o zdj\u0119cie Jane Roberts, kt\u00f3ra zosta\u0142a zakonnic\u0105. Seth wyja\u015bni\u0142, \u017ce Jane mia\u0142a dylemat dotycz\u0105cy swojej przysz\u0142o\u015bci, gdy by\u0142a m\u0142oda i cz\u0119\u015b\u0107 jej chcia\u0142a pod\u0105\u017ca\u0107 \u015bcie\u017ck\u0105 surowego treningu religijnego. W momencie decyzji, \u201ejedna Jane\u201d posz\u0142a do innego wszech\u015bwiata i zosta\u0142a zakonnic\u0105, a Jane, kt\u00f3ra by\u0142a przed grup\u0105, \u201ezosta\u0142a\u201d w tym wszech\u015bwiecie, wed\u0142ug Setha.<\/p>\n\n\n\n<p>&nbsp;&nbsp;&nbsp;&nbsp;&nbsp;&nbsp;&nbsp;&nbsp;&nbsp;&nbsp;&nbsp;Moje w\u0142asne do\u015bwiadczenie mia\u0142o miejsce, gdy musia\u0142em podj\u0105\u0107 decyzj\u0119, czy i\u015b\u0107 do wojska i do Wietnamu, czy p\u00f3j\u015b\u0107 do wi\u0119zienia jako protestuj\u0105cy. Naprawd\u0119 chcia\u0142em i\u015b\u0107 do wi\u0119zienia, aby trwa\u0107 przy swoich zasadach i wyrazi\u0107 sprzeciw wobec wojny. Ale moja narzeczona i matka nie by\u0142y zbytnio za tym pomys\u0142em, wi\u0119c zg\u0142osi\u0142em si\u0119 na ochotnika, by zosta\u0107 asystentem lekarza w wojsku (\u017ceby mie\u0107 pewno\u015b\u0107, \u017ce nigdy nie b\u0119d\u0119 musia\u0142 nikogo zabi\u0107). Teraz jestem pewien, \u017ce w innym wszech\u015bwiecie jest Stephen Davis, kt\u00f3ry poszed\u0142 do wi\u0119zienia i \u017cyje swoim \u017cyciem na podstawie tej decyzji. Gdy dokona\u0142em jednego wyboru, drugi wyb\u00f3r rozegra\u0142 si\u0119 w innym \u201e\u015bwiecie\u201d.&nbsp;<\/p>\n\n\n\n<p>&nbsp;&nbsp;&nbsp;&nbsp;&nbsp;&nbsp;&nbsp;&nbsp;&nbsp;&nbsp;&nbsp;Dlaczego nie? Ca\u0142y sens Ludzkiej Gry polega na tym, aby <em>Niesko\u0144czone Ja <\/em>mia\u0142o jak najwi\u0119cej do\u015bwiadcze\u0144 zwi\u0105zanych z tym, jak to jest by\u0107 ograniczonym w mocy, rado\u015bci, m\u0105dro\u015bci, obfito\u015bci i mi\u0142o\u015bci. Dlaczego <em>Niesko\u0144czone Ja<\/em> nie mia\u0142oby wielu Graczy w Grze jednocze\u015bnie? Dlaczego <em>Niesko\u0144czone Ja<\/em> nie mia\u0142oby eksplorowa\u0107 wszystkich r\u00f3\u017cnych opcji, kt\u00f3re pojawiaj\u0105 si\u0119 w trakcie Gry dla ka\u017cdego konkretnego Gracza, w wielu r\u00f3\u017cnych r\u00f3wnoczesnych, r\u00f3wnoleg\u0142ych \u015bwiatach?&nbsp;<\/p>\n\n\n\n<p>&nbsp;&nbsp;&nbsp;&nbsp;&nbsp;&nbsp;&nbsp;&nbsp;&nbsp;&nbsp;&nbsp;\u201eInterpretacja wielu \u015bwiat\u00f3w\u201d zasadniczo m\u00f3wi, \u017ce wszystkie mo\u017cliwo\u015bci zachodz\u0105, w jednym wszech\u015bwiecie lub innym, a Seth m\u00f3wi \u2013 zw\u0142aszcza w obliczu decyzji zmieniaj\u0105cej \u017cycie \u2013 \u017ce obie alternatywy trwaj\u0105 w r\u00f3wnoleg\u0142ych wszech\u015bwiatach.&nbsp;<\/p>\n\n\n\n<p>&nbsp;&nbsp;&nbsp;&nbsp;&nbsp;&nbsp;&nbsp;&nbsp;&nbsp;&nbsp;&nbsp;Ale by\u0107 mo\u017ce najciekawsz\u0105 cz\u0119\u015bci\u0105 tego jest mo\u017cliwo\u015b\u0107 komunikacji mi\u0119dzy r\u00f3\u017cnymi Graczami. W miar\u0119 jak post\u0119pujemy wewn\u0105trz kokonu i przywracamy \u015bwiadom\u0105 komunikacj\u0119 z naszym <em>Niesko\u0144czonym Ja<\/em>, czy b\u0119dziemy mie\u0107 wi\u0119kszy dost\u0119p do wszystkich Graczy, kt\u00f3rzy dziel\u0105 nasze <em>Niesko\u0144czone Ja<\/em>, pozostawiaj\u0105c za sob\u0105 os\u0105dy i przekonania, kt\u00f3re obecnie blokuj\u0105 t\u0119 komunikacj\u0119? Nic dziwnego, \u017ce dost\u0119p by\u0142 ograniczony w pierwszej po\u0142owie Gry; ale teraz, gdy zmierzamy w kierunku wyj\u015bcia z ogranicze\u0144, kto wie, co jest mo\u017cliwe.&nbsp;<\/p>\n\n\n\n<p>&nbsp;&nbsp;&nbsp;&nbsp;&nbsp;&nbsp;&nbsp;&nbsp;&nbsp;&nbsp;&nbsp;Wniosek jest taki, \u017ce bardzo prawdopodobne jest, \u017ce twoje <em>Niesko\u0144czone Ja<\/em> ma wielu Graczy w wielu wszech\u015bwiatach \u2013 w tym wielu Graczy w Ludzkiej Grze w r\u00f3\u017cnych czasach i miejscach \u2013 i \u017ce to, co nazywali\u015bmy \u201eprzesz\u0142ymi \u017cyciami\u201d, to tak naprawd\u0119 \u201eobecne \u017cycia\u201d odbywaj\u0105ce si\u0119 jednocze\u015bnie.&nbsp;<\/p>\n\n\n\n<p>&nbsp;&nbsp;&nbsp;&nbsp;&nbsp;&nbsp;&nbsp;&nbsp;&nbsp;&nbsp;&nbsp;To, oczywi\u015bcie, ca\u0142kowicie zmieni\u0142oby ide\u0119 \u201eprzesz\u0142ych \u017cy\u0107\u201d jako pewnego rodzaju post\u0119pu to\u017csamo\u015bci, z kt\u00f3rych mamy si\u0119 uczy\u0107 \u201elekcji\u201d, co naturalnie rodzi pytanie o Karm\u0119\u2026<\/p>\n\n\n\n<p class=\"has-text-align-center\"><strong>* * *\u00a0<\/strong><\/p>\n\n\n\n<p>SUGESTIA FILMU: <a href=\"https:\/\/www.amazon.com\/Sliding-Doors-Gwyneth-Paltrow\/dp\/6305210411\/ref=sr_1_1?s=dvd&amp;ie=UTF8&amp;qid=1284188334&amp;sr=1-1\"><em>Sliding Doors<\/em><\/a><em> <\/em>z Gwyneth Paltrow (1998)<\/p>\n\n\n\n<p><em><a href=\"https:\/\/wolnemotyle.pl\/?page_id=9\">Powr\u00f3t do spisu tre\u015bci<\/a><\/em><\/p>\n","protected":false},"excerpt":{"rendered":"<p>&nbsp;&nbsp;&nbsp;&nbsp;&nbsp;&nbsp;&nbsp;&nbsp;&nbsp;&nbsp;&nbsp;Pytanie: Co z poprzednimi \u017cyciami? &nbsp;&nbsp;&nbsp;&nbsp;&nbsp;&nbsp;&nbsp;&nbsp;&nbsp;&nbsp;&nbsp;Odpowied\u017a: Uwielbiam to pytanie, poniewa\u017c wierzy\u0142em w poprzednie \u017cycia przez oko\u0142o pi\u0119\u0107dziesi\u0105t lat, zanim nie zetkn\u0105\u0142em si\u0119 z fizyk\u0105 kwantow\u0105 i prawd\u0105 modelu Ludzkiej Gry. Nie tylko wierzy\u0142em, ale mia\u0142em wiele szczeg\u00f3\u0142owych &#8220;wspomnie\u0144&#8221; z kilku tych poprzednich \u017cy\u0107. &nbsp;&nbsp;&nbsp;&nbsp;&nbsp;&nbsp;&nbsp;&nbsp;&nbsp;&nbsp;&nbsp;Ale zanim b\u0119dziemy mogli m\u00f3wi\u0107 o poprzednich \u017cyciach, musimy porozmawia\u0107 o czasie&#8230;&#8230;<\/p>\n","protected":false},"author":1,"featured_media":0,"parent":0,"menu_order":0,"comment_status":"closed","ping_status":"closed","template":"","meta":{"_kad_post_transparent":"","_kad_post_title":"","_kad_post_layout":"narrow","_kad_post_sidebar_id":"","_kad_post_content_style":"","_kad_post_vertical_padding":"","_kad_post_feature":"","_kad_post_feature_position":"","_kad_post_header":false,"_kad_post_footer":false,"_kad_post_classname":"","footnotes":""},"class_list":["post-213","page","type-page","status-publish","hentry"],"_links":{"self":[{"href":"https:\/\/wolnemotyle.pl\/index.php?rest_route=\/wp\/v2\/pages\/213","targetHints":{"allow":["GET"]}}],"collection":[{"href":"https:\/\/wolnemotyle.pl\/index.php?rest_route=\/wp\/v2\/pages"}],"about":[{"href":"https:\/\/wolnemotyle.pl\/index.php?rest_route=\/wp\/v2\/types\/page"}],"author":[{"embeddable":true,"href":"https:\/\/wolnemotyle.pl\/index.php?rest_route=\/wp\/v2\/users\/1"}],"replies":[{"embeddable":true,"href":"https:\/\/wolnemotyle.pl\/index.php?rest_route=%2Fwp%2Fv2%2Fcomments&post=213"}],"version-history":[{"count":1,"href":"https:\/\/wolnemotyle.pl\/index.php?rest_route=\/wp\/v2\/pages\/213\/revisions"}],"predecessor-version":[{"id":215,"href":"https:\/\/wolnemotyle.pl\/index.php?rest_route=\/wp\/v2\/pages\/213\/revisions\/215"}],"wp:attachment":[{"href":"https:\/\/wolnemotyle.pl\/index.php?rest_route=%2Fwp%2Fv2%2Fmedia&parent=213"}],"curies":[{"name":"wp","href":"https:\/\/api.w.org\/{rel}","templated":true}]}}