{"id":217,"date":"2026-01-03T00:30:38","date_gmt":"2026-01-02T23:30:38","guid":{"rendered":"https:\/\/wolnemotyle.pl\/?page_id=217"},"modified":"2026-01-03T00:30:38","modified_gmt":"2026-01-02T23:30:38","slug":"rozdzial-28-karma-przyczyna-i-skutek","status":"publish","type":"page","link":"https:\/\/wolnemotyle.pl\/?page_id=217","title":{"rendered":"ROZDZIA\u0141 28 &#8211; Karma, przyczyna i skutek"},"content":{"rendered":"\n<p><strong>&nbsp;&nbsp;&nbsp;&nbsp;&nbsp;&nbsp;&nbsp;&nbsp;&nbsp;&nbsp;<\/strong><em>Pytanie<\/em>: Co zatem z karm\u0105?&nbsp;<\/p>\n\n\n\n<p>&nbsp;&nbsp;&nbsp;&nbsp;&nbsp;&nbsp;&nbsp;&nbsp;&nbsp;&nbsp;&nbsp;<em>Odpowied\u017a<\/em>: Jak m\u00f3wi\u0142em od zawsze, w ka\u017cdej filozofii, ka\u017cdej religii, ka\u017cdej duchowej \u015bcie\u017cce jest ziarno prawdy; ale w pierwszej po\u0142owie Ludzkiej Gry ta prawda musia\u0142a by\u0107 w mniejszym lub wi\u0119kszym stopniu wypaczona, aby Gracz m\u00f3g\u0142 do\u015bwiadczy\u0107 ogranicze\u0144 i restrykcji, inaczej Gra by nie dzia\u0142a\u0142a.&nbsp;<\/p>\n\n\n\n<p>\u00a0\u00a0\u00a0\u00a0\u00a0\u00a0\u00a0\u00a0\u00a0\u00a0\u00a0W tym przypadku prawda o karmie zosta\u0142a przekr\u0119cona na wiele sposob\u00f3w, a\u017c zacz\u0119\u0142a oznacza\u0107 wiele r\u00f3\u017cnych rzeczy dla r\u00f3\u017cnych ludzi: \u201e<a href=\"https:\/\/pismoswpismosw.blogspot.com\/2018\/06\/sowa-ewangelii-wg-sw-mateusza-538-42.html\">oko za oko, z\u0105b za z\u0105b<\/a>\u201d; \u201eco zasiejesz, to zbierzesz\u201d; zostaniesz nagrodzony za bycie dobrym i ukarany za swoje grzechy; musisz ponie\u015b\u0107 konsekwencje z\u0142ych uczynk\u00f3w z poprzednich \u017cy\u0107; je\u015bli jeste\u015b z\u0142y, odrodzisz si\u0119 jako ni\u017csza forma \u017cycia w nast\u0119pnym \u017cyciu; je\u015bli wykonujesz duchowo warto\u015bciowe czyny, zas\u0142ugujesz na szcz\u0119\u015bcie i mo\u017cesz si\u0119 go spodziewa\u0107; lub odwrotnie, je\u015bli robisz szkodliwe rzeczy, mo\u017cesz spodziewa\u0107 si\u0119 pecha.\u00a0<\/p>\n\n\n\n<p>&nbsp;&nbsp;&nbsp;&nbsp;&nbsp;&nbsp;&nbsp;&nbsp;&nbsp;&nbsp;&nbsp;W ka\u017cdej z tych koncepcji wida\u0107 \u201emy\u015blenie\u201d pierwszej cz\u0119\u015bci gry, \u201eos\u0105dy\u201d i \u201eprzekonania\u201d \u2013 jasny dow\u00f3d na to, \u017ce karma, niezale\u017cnie od tego, co oznacza, nale\u017cy do \u015bwiata filmowego.&nbsp;<\/p>\n\n\n\n<p>&nbsp;&nbsp;&nbsp;&nbsp;&nbsp;&nbsp;&nbsp;&nbsp;&nbsp;&nbsp;&nbsp;Wi\u0119c jaka jest prawda o karmie?&nbsp;<\/p>\n\n\n\n<blockquote class=\"wp-block-quote is-layout-flow wp-block-quote-is-layout-flow\">\n<p><em>&nbsp;&nbsp;&nbsp;&nbsp;&nbsp;&nbsp;&nbsp;&nbsp;&nbsp;&nbsp;&nbsp;\u201eKarma nie jest kar\u0105 ani zemst\u0105, ale po prostu rozszerzonym wyrazem lub konsekwencj\u0105 naturalnych dzia\u0142a\u0144. Karma oznacza &#8216;czyn&#8217; lub &#8216;akt&#8217; i szerzej oznacza uniwersaln\u0105 zasad\u0119 przyczyny i skutku, akcji i reakcji, kt\u00f3ra rz\u0105dzi ca\u0142ym \u017cyciem.\u201d&nbsp;<\/em><\/p>\n<\/blockquote>\n\n\n\n<p class=\"has-text-align-right\" style=\"font-size:14px\"><em>&nbsp;&nbsp;&nbsp;&nbsp;&nbsp;&nbsp;&nbsp;&nbsp;&nbsp;&nbsp;&nbsp;&nbsp;&nbsp;&nbsp;&nbsp;&nbsp;&nbsp;&nbsp;&nbsp;&nbsp;&nbsp;&nbsp;&nbsp;&nbsp;&nbsp;&nbsp;&nbsp;&nbsp;&nbsp;&nbsp;&nbsp;&nbsp;&nbsp;&nbsp;&nbsp;&nbsp;&nbsp;&nbsp;&nbsp;&nbsp;&nbsp;&nbsp;&nbsp;&nbsp;&nbsp;&nbsp;&nbsp;&nbsp;&nbsp;&nbsp;&nbsp;&nbsp;&nbsp;&nbsp;&nbsp;&nbsp;&nbsp;&nbsp;&nbsp;&nbsp;&nbsp;&nbsp;&nbsp;&nbsp;&nbsp;&nbsp;&nbsp;&nbsp;&nbsp;&nbsp;&nbsp;&nbsp;&nbsp;&nbsp;&nbsp;&nbsp;&nbsp;&nbsp;&nbsp;&nbsp;&nbsp;&nbsp;&nbsp;&nbsp;&nbsp;&nbsp;&nbsp;&nbsp;&nbsp;&nbsp;&nbsp;&nbsp;&nbsp;&nbsp;&nbsp;&nbsp;&nbsp;&nbsp;&nbsp;&nbsp;&nbsp;&nbsp;&nbsp;&nbsp;&nbsp;&nbsp;&nbsp;&nbsp;&nbsp;&nbsp;&nbsp;&nbsp;&nbsp;&nbsp;&nbsp;&nbsp;&nbsp;&nbsp;&nbsp;&nbsp;&nbsp;&nbsp;&nbsp;&nbsp;&nbsp;&nbsp;&nbsp;&nbsp;&nbsp;&nbsp;&nbsp;&nbsp;&nbsp;&nbsp;&nbsp;&nbsp;&nbsp;&nbsp;&nbsp;&nbsp;&nbsp;&nbsp;&nbsp;&nbsp;&nbsp;&nbsp;&nbsp;&nbsp;&nbsp;&nbsp;&nbsp;&nbsp;&nbsp;&nbsp;&nbsp;&nbsp;&nbsp;&nbsp;&nbsp;&nbsp;&nbsp;&nbsp;&nbsp;&nbsp;&nbsp;&nbsp;&nbsp;&nbsp;&nbsp;&nbsp;&nbsp;&nbsp;&nbsp;&nbsp;&nbsp;&nbsp;&nbsp;&nbsp;&nbsp;&nbsp;&nbsp;&nbsp;&nbsp;&nbsp;&nbsp;&nbsp;&nbsp;&nbsp;&nbsp;&nbsp;&nbsp;&nbsp;&nbsp;&nbsp;&nbsp;&nbsp;&nbsp;&nbsp;&nbsp;&nbsp;&nbsp;&nbsp;&nbsp;&nbsp;&nbsp;&nbsp;Wikipedia &#8211;<\/em><a href=\"https:\/\/en.wikipedia.org\/wiki\/Karma\"><em> KARMA<\/em><\/a><\/p>\n\n\n\n<p>&nbsp;&nbsp;&nbsp;&nbsp;&nbsp;&nbsp;&nbsp;&nbsp;&nbsp;&nbsp;&nbsp;Karma, wi\u0119c na najbardziej podstawowym poziomie oznacza \u201eprzyczyn\u0119 i skutek.\u201d&nbsp;<\/p>\n\n\n\n<p>\u00a0\u00a0\u00a0\u00a0\u00a0\u00a0\u00a0\u00a0\u00a0\u00a0\u00a0Karma oznacza, \u017ce je\u015bli zrobisz to, stanie si\u0119 tamto. \u201eZ\u0142a\u201d karma jest postrzegana jako zrobienie czego\u015b \u201ez\u0142ego\u201d w przesz\u0142o\u015bci (lub w poprzednim \u017cyciu), co wr\u00f3ci do Ciebie w tera\u017aniejszo\u015bci lub przysz\u0142o\u015bci, aby\u015b to \u201erozwi\u0105za\u0142\u201d. \u201eDobra\u201d karma jest postrzegana jako zrobienie czego\u015b \u201edobrego\u201d w przesz\u0142o\u015bci (lub w poprzednim \u017cyciu), co wr\u00f3ci do Ciebie w tera\u017aniejszo\u015bci lub przysz\u0142o\u015bci jako nagroda.\u00a0<\/p>\n\n\n\n<p>&nbsp;&nbsp;&nbsp;&nbsp;&nbsp;&nbsp;&nbsp;&nbsp;&nbsp;&nbsp;&nbsp;Ale je\u015bli Gracz nigdy nie mo\u017ce zrobi\u0107 nic \u201ez\u0142ego\u201d \u2013 co jest Prawd\u0105 \u2013 jak mog\u0142aby istnie\u0107 karma do rozwi\u0105zania? Karma to po prostu kolejne przekonanie, kt\u00f3re zaniknie podczas Twojej przemiany w kokonie.<\/p>\n\n\n\n<p class=\"has-text-align-center\"><strong>* * *&nbsp;<\/strong><\/p>\n\n\n\n<p><strong>&nbsp;&nbsp;&nbsp;&nbsp;&nbsp;&nbsp;&nbsp;&nbsp;&nbsp;<\/strong>&nbsp;&nbsp;W rzeczywisto\u015bci wi\u0119kszo\u015b\u0107 Graczy w Ludzkiej Grze wyznaje przekonanie, \u017ce je\u015bli zrobi\u0119 to, tamto si\u0119 wydarzy, nawet je\u015bli nie nazywaj\u0105 tego karm\u0105. Wi\u0119kszo\u015b\u0107 ludzi po prostu nazywa to \u201eprawem przyczyny i skutku\u201d&#8230;&nbsp;<\/p>\n\n\n\n<p>&nbsp;&nbsp;&nbsp;&nbsp;&nbsp;&nbsp;&nbsp;&nbsp;&nbsp;&nbsp;&nbsp;&#8230; ale, nie ma \u017cadnego \u201eprawa przyczyny i skutku\u201d.&nbsp;<\/p>\n\n\n\n<p>&nbsp;&nbsp;&nbsp;&nbsp;&nbsp;&nbsp;&nbsp;&nbsp;&nbsp;&nbsp;&nbsp;W rzeczywisto\u015bci \u201eprawo przyczyny i skutku\u201d nie jest niczym wi\u0119cej ni\u017c systemem przekona\u0144 i podobnie jak przestrze\u0144 i czas, jest funkcj\u0105 hologramu i dlatego nie jest rzeczywiste.&nbsp;<\/p>\n\n\n\n<p>&nbsp;&nbsp;&nbsp;&nbsp;&nbsp;&nbsp;&nbsp;&nbsp;&nbsp;&nbsp;&nbsp;Pami\u0119taj, \u017ce \u201ewierz\u0105c, widzisz\u201d; wi\u0119c je\u015bli wierzysz w \u201eprawo przyczyny i skutku\u201d, zobaczysz je dzia\u0142aj\u0105ce wok\u00f3\u0142 Ciebie.&nbsp;<\/p>\n\n\n\n<p>&nbsp;&nbsp;&nbsp;&nbsp;&nbsp;&nbsp;&nbsp;&nbsp;&nbsp;&nbsp;&nbsp;Ale co je\u015bli nie wierzysz w \u201eprawo przyczyny i skutku\u201d?&nbsp;<\/p>\n\n\n\n<p>&nbsp;&nbsp;&nbsp;&nbsp;&nbsp;&nbsp;&nbsp;&nbsp;&nbsp;&nbsp;&nbsp;R\u00f3\u017cni ludzie przez lata wykazywali to, co mo\u017cna nazwa\u0107 \u201eca\u0142kowitym lekcewa\u017ceniem\u201d \u201eprawa przyczyny i skutku\u201d. Jezus na przyk\u0142ad zignorowa\u0142 prawo przyczyny i skutku, kiedy chodzi\u0142 po wodzie, karmi\u0142 t\u0142um kilkoma rybami i odrobin\u0105 chleba, uzdrawia\u0142 chorych czy wskrzesza\u0142 umar\u0142ych.&nbsp;<\/p>\n\n\n\n<p>&nbsp;&nbsp;&nbsp;&nbsp;&nbsp;&nbsp;&nbsp;&nbsp;&nbsp;&nbsp;&nbsp;Sai Baba rzekomo ignoruje prawo przyczyny i skutku, gdy wytwarza vibhuti lub bi\u017cuteri\u0119 z powietrza. W swojej ksi\u0105\u017cce \u201e Holograficzny Wszech\u015bwiat\u201d Michael Talbot wspomina o innych udokumentowanych przyk\u0142adach mniej znanych os\u00f3b demonstruj\u0105cych osi\u0105gni\u0119cia poza prawem przyczyny i skutku. Na przyk\u0142ad&#8230;<\/p>\n\n\n\n<blockquote class=\"wp-block-quote is-layout-flow wp-block-quote-is-layout-flow\">\n<p><strong>\u00a0\u00a0\u00a0\u00a0\u00a0\u00a0\u00a0\u00a0<\/strong><em>\u00a0\u00a0\u00a0\u201e[Biolog Lyall Watson prowadzi\u0142 badania] jeden z tzw. filipi\u0144skich uzdrowicieli psychicznych,\u00a0 \u00a0zamiast dotyka\u0107 pacjenta, po prostu trzyma\u0142 r\u0119k\u0119 oko\u0142o dziesi\u0119ciu cali nad cia\u0142em osoby, wskazywa\u0142 na jego sk\u00f3r\u0119, a naci\u0119cie pojawi\u0142o si\u0119 natychmiastowo. Watson nie tylko by\u0142 \u015bwiadkiem kilku demonstracji umiej\u0119tno\u015bci chirurgicznych tego cz\u0142owieka za pomoc\u0105 psychokinezy, ale raz, gdy cz\u0142owiek wykona\u0142 szerszy ruch palcem ni\u017c zwykle, Watson [sam] otrzyma\u0142 naci\u0119cie na tylnej stronie swojej d\u0142oni. Do dzisiaj nosi na niej blizn\u0119.\u201d<\/em><\/p>\n<\/blockquote>\n\n\n\n<p class=\"has-text-align-right\" style=\"font-size:14px\"><em>Talbot, Michael.<\/em><a href=\"https:\/\/www.amazon.com\/Holographic-Universe-Michael-Talbot\/dp\/0060922583\/ref=sr_1_1?ie=UTF8&amp;s=books&amp;qid=1283161280&amp;sr=8-1\"><em> The holographic Universe<\/em><\/a><em>, pp. 126-127<\/em><\/p>\n\n\n\n<blockquote class=\"wp-block-quote is-layout-flow wp-block-quote-is-layout-flow\">\n<p><em>&nbsp;&nbsp;&nbsp;&nbsp;&nbsp;&nbsp;&nbsp;&nbsp;&nbsp;\u201eJeden z badaczy, cz\u0142onek Parlamentu w Pary\u017cu o imieniu Louis-Basile Carre de Montgeron, by\u0142 \u015bwiadkiem wystarczaj\u0105cej liczby cud\u00f3w, aby wype\u0142ni\u0107 cztery grube tomy na ten temat&#8230; W jednym przypadku osoba cierpi\u0105ca na konwulsje wygi\u0119\u0142a si\u0119 w \u0142uk tak, \u017ce dolna cz\u0119\u015b\u0107 plec\u00f3w opiera\u0142a si\u0119 o &#8216;ostry koniec ko\u0142ka&#8217;. Nast\u0119pnie poprosi\u0142a, aby pi\u0119\u0107dziesi\u0119ciokilogramowy kamie\u0144 przymocowany do liny zosta\u0142 podniesiony &#8216;na skrajn\u0105 wysoko\u015b\u0107&#8217; i spuszczony z ca\u0142ym swoim ci\u0119\u017carem na jej brzuch. Kamie\u0144 by\u0142 podnoszony i opuszczany wielokrotnie, ale kobieta wydawa\u0142a si\u0119 zupe\u0142nie niezra\u017cona tym. Bez trudu utrzymywa\u0142a niewygodn\u0105 pozycj\u0119, nie odczuwa\u0142a b\u00f3lu ani szkody i odesz\u0142a z tego do\u015bwiadczenia nawet bez \u015bladu na sk\u00f3rze jej plec\u00f3w.\u201d<\/em><\/p>\n<\/blockquote>\n\n\n\n<p class=\"has-text-align-right\" style=\"font-size:14px\"><em>Talbot, Michael.<\/em><a href=\"https:\/\/www.amazon.com\/Holographic-Universe-Michael-Talbot\/dp\/0060922583\/ref=sr_1_1?ie=UTF8&amp;s=books&amp;qid=1283161280&amp;sr=8-1\"><em> The holographic Universe<\/em><\/a><em>, pp. 130<\/em><\/p>\n\n\n\n<p>&nbsp;&nbsp;&nbsp;&nbsp;&nbsp;&nbsp;&nbsp;&nbsp;&nbsp;&nbsp;&nbsp;Opowie\u015bci o joginach, kt\u00f3rzy mog\u0105 spa\u0107 na \u0142\u00f3\u017cku z gwo\u017adziami bez b\u00f3lu czy widocznych uszkodze\u0144 sk\u00f3ry, s\u0105 powszechne;&nbsp;<\/p>\n\n\n\n<p class=\"has-text-align-right\" style=\"font-size:14px\">Wikipedia, <a href=\"https:\/\/en.wikipedia.org\/wiki\/Bed_of_nails\">Bed of nails<\/a><\/p>\n\n\n\n<p>\u00a0\u00a0\u00a0\u00a0\u00a0\u00a0\u00a0\u00a0\u00a0\u00a0\u00a0\u2026oraz istnieje oko\u0142o 5000 cz\u0142onk\u00f3w ko\u015bcio\u0142\u00f3w <a href=\"https:\/\/en.wikipedia.org\/wiki\/Snake_handling_in_Christianity\">zielono\u015bwi\u0105tkowych<\/a>, kt\u00f3rzy nie odczuwaj\u0105 skutk\u00f3w ugryzienia przez jadowitego w\u0119\u017ca czy spo\u017cycia trucizny.<\/p>\n\n\n\n<p>&nbsp;&nbsp;&nbsp;&nbsp;&nbsp;&nbsp;&nbsp;&nbsp;Oczywi\u015bcie, zjawisko chodzenia po ogniu (rozpowszechnione na Zachodzie przez Tony&#8217;ego Robbinsa) to nic innego jak przekonanie ludzi do tymczasowego zawieszenia wiary w \u201eprawo przyczyny i skutku\u201d i przej\u015bcie przez rozgrzane w\u0119gle, kt\u00f3re normalnie \u201epowodowa\u0142yby\u201d oparzenia na stopach, bez do\u015bwiadczania \u201eefekt\u00f3w\u201d.&nbsp;<\/p>\n\n\n\n<p>&nbsp;&nbsp;&nbsp;&nbsp;&nbsp;&nbsp;&nbsp;&nbsp;&nbsp;&nbsp;&nbsp;W Rozdziale Dwudziestym wspomnia\u0142em o zaburzeniu wieloosobowo\u015bci i liczbie przypadk\u00f3w, gdzie ludzkie cia\u0142o wydaje si\u0119 przekre\u015bla\u0107 \u201eprawo przyczyny i skutku\u201d. Istnieje wiele innych przyk\u0142ad\u00f3w chor\u00f3b wyst\u0119puj\u0105cych bez \u017cadnej \u201eprzyczyny\u201d, albo nie wyst\u0119puj\u0105cych, gdy rzekoma przyczyna jest obecna, ale efekt nie. Je\u015bli palenie papieros\u00f3w \u201epowoduje\u201d raka, na przyk\u0142ad, jak to si\u0119 dzieje, \u017ce niekt\u00f3rzy ludzie pal\u0105 przez ca\u0142e \u017cycie i nigdy nie choruj\u0105 na raka? Je\u015bli HIV \u201epowoduje\u201d AIDS, jak to si\u0119 dzieje, \u017ce tysi\u0105ce ludzi \u017cyje od trzydziestu lat z diagnoz\u0105 HIV-pozytywnego, nie bierze \u017cadnych lek\u00f3w, a nadal s\u0105 szcz\u0119\u015bliwi i zdrowi?&nbsp;<\/p>\n\n\n\n<p class=\"has-text-align-right\" style=\"font-size:14px\"><a href=\"http:\/\/livingwithouthivdrugs.com\"><em>LivingWithoutHIVDrugs.com<\/em><\/a><\/p>\n\n\n\n<p>&nbsp;&nbsp;&nbsp;&nbsp;&nbsp;&nbsp;&nbsp;&nbsp;&nbsp;&nbsp;&nbsp;Film \u201eMatrix\u201d opowiada\u0142 o Neo, kt\u00f3ry uczy\u0142 si\u0119 wyj\u015bcia z przekonania o \u201eprawie przyczyny i skutku\u201d. Istniej\u0105 dwie s\u0142ynne sceny ku ko\u0144cowi, kt\u00f3re demonstruj\u0105 jego sukces &#8211; najpierw, gdy Neo zostaje postrzelony z bliska sze\u015bcioma kulami, wydaje si\u0119 umiera\u0107 tymczasowo, a potem wstaje, by kontynuowa\u0107 walk\u0119; a nast\u0119pnie, gdy rozpl\u0105tuje matrix i zatrzymuje nadlatuj\u0105ce na niego kule, wyci\u0105gaj\u0105c jedn\u0105 z powietrza i patrz\u0105c na ni\u0105, po czym pozwala im spa\u015b\u0107 na ziemi\u0119 przed sob\u0105.&nbsp;&nbsp;<\/p>\n\n\n\n<p>&nbsp;&nbsp;&nbsp;&nbsp;&nbsp;&nbsp;&nbsp;&nbsp;&nbsp;&nbsp;&nbsp;Nasz\u0105 tendencj\u0105 jest t\u0142umaczenie tych przyk\u0142ad\u00f3w jako \u201enadprzyrodzone\u201d, gdy w rzeczywisto\u015bci wyst\u0119puj\u0105 one poza systemem przekona\u0144 o \u201eprzyczynie i skutku\u201d.&nbsp;<\/p>\n\n\n\n<p>&nbsp;&nbsp;&nbsp;&nbsp;&nbsp;&nbsp;&nbsp;&nbsp;&nbsp;&nbsp;&nbsp;Kurs Cud\u00f3w m\u00f3wi: \u201eTo jest kurs o przyczynie, a nie o efekcie.\u201d&nbsp;<\/p>\n\n\n\n<p class=\"has-text-align-right\" style=\"font-size:14px\"><em>Circle of Atonement.<\/em><a href=\"https:\/\/circleofa.org\/\"><em> A Course in Miracles<\/em><\/a><em>, T-21.VII.7<\/em><\/p>\n\n\n\n<p>&nbsp;&nbsp;&nbsp;&nbsp;&nbsp;&nbsp;&nbsp;&nbsp;&nbsp;&nbsp;&nbsp;Wielki fizyk kwantowy David Bohm \u201e<em>twierdzi\u0142, \u017ce spos\u00f3b, w jaki nauka postrzega\u0142a przyczynowo\u015b\u0107, by\u0142 r\u00f3wnie\u017c zbyt ograniczony. Wi\u0119kszo\u015b\u0107 efekt\u00f3w by\u0142a postrzegana jako maj\u0105ca tylko jedn\u0105 lub kilka przyczyn. Jednak\u017ce, Bohm uwa\u017ca\u0142, \u017ce efekt m\u00f3g\u0142 mie\u0107 niesko\u0144czon\u0105 liczb\u0119 przyczyn&#8230; Bohm przyzna\u0142, \u017ce wi\u0119kszo\u015b\u0107 czasu mo\u017cna ignorowa\u0107 ogromny kaskad\u0119 przyczyn, kt\u00f3re doprowadzi\u0142y do danego efektu, ale nadal uwa\u017ca\u0142, \u017ce dla naukowc\u00f3w wa\u017cne jest pami\u0119tanie, \u017ce \u017cadne pojedyncze stosunki przyczynowo-skutkowe nie s\u0105 naprawd\u0119 oddzielone od ca\u0142ego wszech\u015bwiata.\u201d<\/em>&nbsp;<\/p>\n\n\n\n<p class=\"has-text-align-right\" style=\"font-size:14px\"><em>Talbot, Michael.<\/em><a href=\"https:\/\/www.amazon.com\/Holographic-Universe-Michael-Talbot\/dp\/0060922583\/ref=sr_1_1?ie=UTF8&amp;s=books&amp;qid=1283161280&amp;sr=8-1\"><em> The holographic Universe<\/em><\/a><em>,\u00a0p. 40<\/em><\/p>\n\n\n\n<p>&nbsp;&nbsp;&nbsp;&nbsp;&nbsp;&nbsp;&nbsp;&nbsp;&nbsp;&nbsp;&nbsp;Ale pomimo wielu dowod\u00f3w przeciw temu, \u201eprawo przyczyny i skutku\u201d pozostaje jednym z naszych najbardziej podstawowych, zakorzenionych i niekwestionowanych system\u00f3w przekona\u0144; a jego historia si\u0119ga daleko do czas\u00f3w, gdy naszym biblijnym przodkom, Adamowi i Ewie, powiedziano, \u017ce to zjedzenie jab\u0142ka spowodowa\u0142o, \u017ce mieli k\u0142opoty z Panem.&nbsp;<\/p>\n\n\n\n<p><em>\u201eI rzek\u0142: Kto Ci oznajmi\u0142, \u017ce jeste\u015b nagi? Czy\u017c z drzewa, z kt\u00f3rego Ci zakaza\u0142em je\u015b\u0107, nie jad\u0142e\u015b?\u201d<\/em><\/p>\n\n\n\n<p class=\"has-text-align-right\" style=\"font-size:14px\"><em>The Holy Bible, King James Version.<\/em><a href=\"https:\/\/biblia.deon.pl\/rozdzial.php?id=3\"><em> Ksi\u0119ga Rodzaju,<\/em><\/a><em> 3.11<\/em><\/p>\n\n\n\n<p class=\"has-text-align-center\"><strong>* * *&nbsp;<\/strong><\/p>\n\n\n\n<p>&nbsp;&nbsp;&nbsp;&nbsp;&nbsp;&nbsp;&nbsp;&nbsp;&nbsp;&nbsp;&nbsp;Istnieje interesuj\u0105ce zjawisko, kt\u00f3re chcia\u0142bym wspomnie\u0107, \u017ce na pierwszy rzut oka mo\u017ce wydawa\u0107 si\u0119 \u201ekarm\u0105\u201d lub \u201eprzyczyn\u0105 i skutkiem\u201d, ale tak nie jest.&nbsp;<\/p>\n\n\n\n<p>&nbsp;&nbsp;&nbsp;&nbsp;&nbsp;&nbsp;&nbsp;&nbsp;&nbsp;&nbsp;&nbsp;Jako Gracze w Grze Ludzkiej, wydaje si\u0119, \u017ce od czasu do czasu do\u015bwiadczamy podobnych hologram\u00f3w. W rzeczywisto\u015bci wzorce do\u015bwiadcze\u0144 wydaj\u0105 si\u0119 nas \u015bledzi\u0107 &#8211; w niekt\u00f3rych przypadkach nas prze\u015bladuj\u0105 &#8211; powtarzaj\u0105c si\u0119 w k\u00f3\u0142ko. Kobieta mo\u017ce ci\u0105gle przyci\u0105ga\u0107 pewien typ m\u0119\u017cczyzny, alkoholika, kt\u00f3ry j\u0105 maltretuje, na przyk\u0142ad. M\u0119\u017cczyzna mo\u017ce znajdowa\u0107 si\u0119 w sytuacji, gdzie ci\u0105gle traci prac\u0119, zawsze z tego samego powodu. Jestem pewien, \u017ce jeste\u015b \u015bwiadomy przynajmniej kilku swoich w\u0142asnych wzorc\u00f3w.&nbsp;<\/p>\n\n\n\n<p>&nbsp;&nbsp;&nbsp;&nbsp;&nbsp;&nbsp;&nbsp;&nbsp;&nbsp;&nbsp;&nbsp;Wi\u0119c co si\u0119 tutaj dzieje?&nbsp;<\/p>\n\n\n\n<p>&nbsp;&nbsp;&nbsp;&nbsp;&nbsp;&nbsp;&nbsp;&nbsp;&nbsp;&nbsp;&nbsp;Jednym ze sposob\u00f3w spojrzenia na \u201ekarm\u0119\u201d i \u201eprzyczyn\u0119 i skutek\u201d jest to, \u017ce my, jako Gracze, mo\u017cemy nadal do\u015bwiadcza\u0107 podobnych hologram\u00f3w, dop\u00f3ki czujemy, \u017ce jeste\u015bmy ofiarami kogo\u015b lub czego\u015b \u201etam na zewn\u0105trz\u201d &#8211; \u201eskutkiem\u201d kogo\u015b lub czego\u015b innego, co jest \u201eprzyczyn\u0105\u201d, dop\u00f3ki nie zaakceptujemy faktu, \u017ce nie mo\u017cemy by\u0107 \u201eskutkiem\u201d nikogo ani niczego w \u017cadnym momencie, dop\u00f3ki nie porzucimy pomys\u0142\u00f3w o ofierze i sprawcy, dop\u00f3ki nie uznamy, \u017ce \u201eprzyczyna\u201d nie znajduje si\u0119 nigdzie indziej ni\u017c w naszym w\u0142asnym <em>Niesko\u0144czonym Ja<\/em>.&nbsp;<\/p>\n\n\n\n<p>&nbsp;&nbsp;&nbsp;&nbsp;&nbsp;&nbsp;&nbsp;&nbsp;&nbsp;&nbsp;&nbsp;To jest nawet prawdziwe na pocz\u0105tku drugiej po\u0142owy Gry Ludzkiej, gdy nasze <em>Niesko\u0144czone Ja<\/em> tworzy dla nas sytuacje podobne do tych, kt\u00f3re napotkali\u015bmy w pierwszej po\u0142owie, gdy przypisywali\u015bmy moc \u201etam na zewn\u0105trz\u201d, aby da\u0107 nam mo\u017cliwo\u015b\u0107 \u201eodzyskania\u201d tej mocy i nie widzie\u0107 ju\u017c siebie jako \u201eskutku\u201d w naszych holograficznych do\u015bwiadczeniach.&nbsp;<\/p>\n\n\n\n<p>&nbsp;&nbsp;&nbsp;&nbsp;&nbsp;&nbsp;&nbsp;&nbsp;&nbsp;&nbsp;&nbsp;Innymi s\u0142owy, \u201ekarma\u201d mog\u0142aby by\u0107 postrzegana jako seria holograficznych do\u015bwiadcze\u0144 stworzonych i oferowanych przez <em>Niesko\u0144czone Ja<\/em>, aby da\u0107 Graczowi mo\u017cliwo\u015b\u0107 przyj\u0119cia pe\u0142nej odpowiedzialno\u015bci za siebie &#8211; 100% \u201eprzyczyny\u201d &#8211; za swoje w\u0142asne reakcje i odpowiedzi.&nbsp;<\/p>\n\n\n\n<p>&nbsp;&nbsp;&nbsp;&nbsp;&nbsp;&nbsp;&nbsp;&nbsp;&nbsp;&nbsp;&nbsp;Na oryginalnej \u201etabeli stopni\u201d opracowanej przez L. Rona Hubbarda dla Scientologii w latach 70-tych, EP (\u201eEnd Phenomenon\u201d, czyli ostateczny wynik) poziomu zwanego OT VIII by\u0142o \u201ebycie przyczyn\u0105 w \u017cyciu (materia, energia, przestrze\u0144 i czas)\u201d. Zosta\u0142o to zrewidowane w 1988 roku (po \u015bmierci Hubbarda), poniewa\u017c by\u0142o niemo\u017cliwe do osi\u0105gni\u0119cia za pomoc\u0105 technik oferowanych przez Ko\u015bci\u00f3\u0142; ale to by\u0142 dobry pomys\u0142 na pocz\u0105tek.&nbsp;<\/p>\n\n\n\n<p>&nbsp;&nbsp;&nbsp;&nbsp;&nbsp;&nbsp;&nbsp;&nbsp;&nbsp;&nbsp;&nbsp;I jest to osi\u0105galne; ale cz\u0119\u015b\u0107 procesu dotarcia tam obejmuje radzenie sobie z tym przekonaniem o \u201eprawie przyczyny i skutku\u201d oraz os\u0105dami i strachem pod nim.&nbsp;<\/p>\n\n\n\n<p>&nbsp;&nbsp;&nbsp;&nbsp;&nbsp;&nbsp;&nbsp;&nbsp;&nbsp;&nbsp;&nbsp;Jak powiedzia\u0142em w Rozdziale Dwudziestym Pierwszym, to jest trudne i sam jeszcze nie sko\u0144czy\u0142em z tym. Wi\u0119c to wszystko, co mog\u0119 na ten temat powiedzie\u0107 na razie.<\/p>\n\n\n\n<p><em><a href=\"https:\/\/wolnemotyle.pl\/?page_id=9\">Powr\u00f3t do spisu tre\u015bci<\/a><\/em><\/p>\n\n\n\n<p><\/p>\n","protected":false},"excerpt":{"rendered":"<p>&nbsp;&nbsp;&nbsp;&nbsp;&nbsp;&nbsp;&nbsp;&nbsp;&nbsp;&nbsp;Pytanie: Co zatem z karm\u0105?&nbsp; &nbsp;&nbsp;&nbsp;&nbsp;&nbsp;&nbsp;&nbsp;&nbsp;&nbsp;&nbsp;&nbsp;Odpowied\u017a: Jak m\u00f3wi\u0142em od zawsze, w ka\u017cdej filozofii, ka\u017cdej religii, ka\u017cdej duchowej \u015bcie\u017cce jest ziarno prawdy; ale w pierwszej po\u0142owie Ludzkiej Gry ta prawda musia\u0142a by\u0107 w mniejszym lub wi\u0119kszym stopniu wypaczona, aby Gracz m\u00f3g\u0142 do\u015bwiadczy\u0107 ogranicze\u0144 i restrykcji, inaczej Gra by nie dzia\u0142a\u0142a.&nbsp; \u00a0\u00a0\u00a0\u00a0\u00a0\u00a0\u00a0\u00a0\u00a0\u00a0\u00a0W tym przypadku prawda o karmie&#8230;<\/p>\n","protected":false},"author":1,"featured_media":0,"parent":0,"menu_order":0,"comment_status":"closed","ping_status":"closed","template":"","meta":{"_kad_post_transparent":"","_kad_post_title":"","_kad_post_layout":"narrow","_kad_post_sidebar_id":"","_kad_post_content_style":"","_kad_post_vertical_padding":"","_kad_post_feature":"","_kad_post_feature_position":"","_kad_post_header":false,"_kad_post_footer":false,"_kad_post_classname":"","footnotes":""},"class_list":["post-217","page","type-page","status-publish","hentry"],"_links":{"self":[{"href":"https:\/\/wolnemotyle.pl\/index.php?rest_route=\/wp\/v2\/pages\/217","targetHints":{"allow":["GET"]}}],"collection":[{"href":"https:\/\/wolnemotyle.pl\/index.php?rest_route=\/wp\/v2\/pages"}],"about":[{"href":"https:\/\/wolnemotyle.pl\/index.php?rest_route=\/wp\/v2\/types\/page"}],"author":[{"embeddable":true,"href":"https:\/\/wolnemotyle.pl\/index.php?rest_route=\/wp\/v2\/users\/1"}],"replies":[{"embeddable":true,"href":"https:\/\/wolnemotyle.pl\/index.php?rest_route=%2Fwp%2Fv2%2Fcomments&post=217"}],"version-history":[{"count":1,"href":"https:\/\/wolnemotyle.pl\/index.php?rest_route=\/wp\/v2\/pages\/217\/revisions"}],"predecessor-version":[{"id":218,"href":"https:\/\/wolnemotyle.pl\/index.php?rest_route=\/wp\/v2\/pages\/217\/revisions\/218"}],"wp:attachment":[{"href":"https:\/\/wolnemotyle.pl\/index.php?rest_route=%2Fwp%2Fv2%2Fmedia&parent=217"}],"curies":[{"name":"wp","href":"https:\/\/api.w.org\/{rel}","templated":true}]}}