{"id":220,"date":"2026-01-03T09:00:48","date_gmt":"2026-01-03T08:00:48","guid":{"rendered":"https:\/\/wolnemotyle.pl\/?page_id=220"},"modified":"2026-01-03T09:00:48","modified_gmt":"2026-01-03T08:00:48","slug":"rozdzial-29-zaufanie","status":"publish","type":"page","link":"https:\/\/wolnemotyle.pl\/?page_id=220","title":{"rendered":"ROZDZIA\u0141 29 &#8211; Zaufanie"},"content":{"rendered":"\n<p>&nbsp;&nbsp;&nbsp;&nbsp;&nbsp;&nbsp;&nbsp;&nbsp;&nbsp;&nbsp;&nbsp;<em>Pytanie<\/em>: Czy to prawda, co powiedzia\u0142 L. Ron Hubbard: \u201e<em>W dniu, w kt\u00f3rym b\u0119dziemy mogli w pe\u0142ni ufa\u0107 sobie nawzajem, zapanuje pok\u00f3j na Ziemi<\/em>\u201d?&nbsp;<\/p>\n\n\n\n<p>&nbsp;&nbsp;&nbsp;&nbsp;&nbsp;&nbsp;&nbsp;&nbsp;&nbsp;&nbsp;&nbsp;<em>Odpowied\u017a<\/em>: Nie, nie do ko\u0144ca, poniewa\u017c spos\u00f3b, w jaki to powiedzia\u0142, sprawia, \u017ce wydaje si\u0119, \u017ce powinni\u015bmy pracowa\u0107 nad nauk\u0105 zaufania sobie nawzajem, a je\u015bli nam si\u0119 uda, b\u0119dziemy mie\u0107 pok\u00f3j na Ziemi.&nbsp;<\/p>\n\n\n\n<p>&nbsp;&nbsp;&nbsp;&nbsp;&nbsp;&nbsp;&nbsp;&nbsp;&nbsp;&nbsp;&nbsp;To tylko kolejny niepoprawny zwrot Prawdy, kt\u00f3ry pojawia si\u0119 wewn\u0105trz \u201ckina\u201d.&nbsp;<\/p>\n\n\n\n<p>&nbsp;&nbsp;&nbsp;&nbsp;&nbsp;&nbsp;&nbsp;&nbsp;&nbsp;&nbsp;&nbsp;Spo\u0142eczno\u015b\u0107 intencjonalna, z kt\u00f3r\u0105 jestem zwi\u0105zany od ponad siedemnastu lat, sp\u0119dzi\u0142a wi\u0119kszo\u015b\u0107 tego czasu pr\u00f3buj\u0105c nauczy\u0107 si\u0119 ufa\u0107 sobie nawzajem, u\u017cywaj\u0105c r\u00f3\u017cnych technik i proces\u00f3w, takich jak \u201eForum\u201d. Mog\u0119 powiedzie\u0107, \u017ce osi\u0105gn\u0119li pewien post\u0119p, a ich spo\u0142eczno\u015b\u0107 jest by\u0107 mo\u017ce bardziej \u201epokojowa\u201d ni\u017c inne miejsca do \u017cycia; ale nie mog\u0119 powiedzie\u0107, \u017ce zaszli bardzo daleko.&nbsp;<\/p>\n\n\n\n<p>&nbsp;&nbsp;&nbsp;&nbsp;&nbsp;&nbsp;&nbsp;&nbsp;&nbsp;&nbsp;&nbsp;Jednak zaufanie sobie nawzajem nie jest celem, do kt\u00f3rego nale\u017cy d\u0105\u017cy\u0107; to produkt uboczny \u2013 jak m\u00f3wi\u0142 Jed McKenna o \u201enieprzywi\u0105zaniu\u201d. To co\u015b, co dzieje si\u0119 w wyniku czego\u015b innego.&nbsp;<\/p>\n\n\n\n<p>&nbsp;&nbsp;&nbsp;&nbsp;&nbsp;&nbsp;&nbsp;&nbsp;&nbsp;&nbsp;&nbsp;Jedyn\u0105 rzecz\u0105, kt\u00f3rej ktokolwiek kiedykolwiek musi zaufa\u0107, jest jego <em>Niesko\u0144czone Ja<\/em>. Je\u015bli ufasz swojemu <em>Niesko\u0144czonemu Ja<\/em>, automatycznie ufasz ka\u017cdemu i wszystkiemu w swoich holograficznych do\u015bwiadczeniach, poniewa\u017c Twoje <em>Niesko\u0144czone Ja<\/em> tworzy je dla Ciebie do najmniejszego szczeg\u00f3\u0142u.&nbsp;<\/p>\n\n\n\n<p>&nbsp;&nbsp;&nbsp;&nbsp;&nbsp;&nbsp;&nbsp;&nbsp;&nbsp;&nbsp;&nbsp;Je\u015bli ufasz swojemu <em>Niesko\u0144czonemu Ja<\/em> i kto\u015b pojawia si\u0119 w Twoim hologramie, wiesz, \u017ce mo\u017cesz mu zaufa\u0107, poniewa\u017c czyta scenariusz filmowy napisany przez Twoje <em>Niesko\u0144czone Ja<\/em> s\u0142owo w s\u0142owo, poniewa\u017c jest tam tylko na pro\u015bb\u0119 i za zgod\u0105 Twojego w\u0142asnego <em>Niesko\u0144czonego Ja<\/em>.&nbsp;<\/p>\n\n\n\n<p>&nbsp;&nbsp;&nbsp;&nbsp;&nbsp;&nbsp;&nbsp;&nbsp;&nbsp;&nbsp;&nbsp;W rzeczywisto\u015bci, sp\u0119dzanie czasu na pr\u00f3bach zaufania sobie nawzajem jest bezcelowe, gdy zawsze istnieje mo\u017cliwo\u015b\u0107, \u017ce kto\u015b \u201etam na zewn\u0105trz\u201d mo\u017ce zrobi\u0107 co\u015b \u201ez\u0142ego\u201d Tobie. Je\u015bli w pe\u0142ni ufasz swojemu Niesko\u0144czonemu Ja, wiesz, \u017ce to po prostu nie jest mo\u017cliwe.&nbsp;<\/p>\n\n\n\n<p>&nbsp;&nbsp;&nbsp;&nbsp;&nbsp;&nbsp;&nbsp;&nbsp;&nbsp;&nbsp;&nbsp;Dlatego bardziej trafne by\u0142oby powiedzenie: \u201eW dniu, w kt\u00f3rym w pe\u0142ni zaufasz swojemu <em>Niesko\u0144czonemu Ja<\/em>, do\u015bwiadczysz pokoju na Ziemi\u201d.&nbsp;<\/p>\n\n\n\n<p>&nbsp;&nbsp;&nbsp;&nbsp;&nbsp;&nbsp;&nbsp;&nbsp;&nbsp;&nbsp;&nbsp;Tak, indywidualny pok\u00f3j jest mo\u017cliwy, niezale\u017cnie od tego, co dzieje si\u0119 \u201etam na zewn\u0105trz\u201d w Twoim hologramie. W rzeczywisto\u015bci indywidualny pok\u00f3j jest jedyn\u0105 rzecz\u0105, nad kt\u00f3r\u0105 masz jak\u0105kolwiek kontrol\u0119 poprzez swoj\u0105 woln\u0105 wol\u0119 do reagowania i odpowiadania na swoje holograficzne do\u015bwiadczenia. Wojna i przemoc mog\u0105 szale\u0107 wok\u00f3\u0142 Ciebie, a Ty nadal mo\u017cesz by\u0107 spokojny, poniewa\u017c w pe\u0142ni ufasz swojemu <em>Niesko\u0144czonemu Ja<\/em> i do\u015bwiadczeniom, kt\u00f3re dla Ciebie tworzy.&nbsp;<\/p>\n\n\n\n<p>&nbsp;&nbsp;&nbsp;&nbsp;&nbsp;&nbsp;&nbsp;&nbsp;&nbsp;&nbsp;&nbsp;Mo\u017cemy r\u00f3wnie\u017c powiedzie\u0107, na wi\u0119ksz\u0105 skal\u0119: \u201eW dniu, w kt\u00f3rym wszyscy b\u0119dziemy mogli w pe\u0142ni zaufa\u0107 naszym <em>Niesko\u0144czonym Ja<\/em>, do\u015bwiadczymy pokoju na Ziemi\u201d. Ale to wydarzy si\u0119 tylko wtedy, gdy jeden Gracz po drugim jednostronnie zaufa swojemu <em>Niesko\u0144czonemu Ja<\/em>\u2026&nbsp;&nbsp;<\/p>\n\n\n\n<p>&nbsp;&nbsp;&nbsp;&nbsp;&nbsp;&nbsp;&nbsp;&nbsp;&nbsp;&nbsp;\u2026co, jak powiedzia\u0142em w Rozdziale Osiemnastym, nie przychodzi \u0142atwo na pocz\u0105tku. Sp\u0119dzili\u015bmy wiele lat nie ufaj\u0105c swojemu<em> Niesko\u0144czonemu Ja<\/em>, obwiniaj\u0105c je za nasze \u017cycie, opieraj\u0105c si\u0119 do\u015bwiadczeniom, kt\u00f3re dla nas tworzy\u0142o. Zmiana tego mo\u017ce zaj\u0105\u0107 troch\u0119 czasu.&nbsp;<\/p>\n\n\n\n<p>&nbsp;&nbsp;&nbsp;&nbsp;&nbsp;&nbsp;&nbsp;&nbsp;&nbsp;&nbsp;&nbsp;Ale je\u015bli u\u017cyjesz Procesu Roberta i autolizy duchowej i pozb\u0119dziesz si\u0119 swoich os\u0105d\u00f3w, przekona\u0144, opinii i l\u0119k\u00f3w \u2013 a zw\u0142aszcza warstw ego, kt\u00f3re chc\u0105, aby\u015b my\u015bla\u0142, \u017ce prowadzisz autobus \u2013 wkr\u00f3tce b\u0119dziesz wiedzia\u0142 z pewno\u015bci\u0105, \u017ce Twojemu <em>Niesko\u0144czonemu Ja<\/em> mo\u017cna zaufa\u0107 i faktycznie jest to jedyna rzecz, kt\u00f3rej kiedykolwiek musisz zaufa\u0107. Wszystko inne wynika z tego.<\/p>\n\n\n\n<p>&nbsp;&nbsp;&nbsp;&nbsp;&nbsp;&nbsp;&nbsp;&nbsp;&nbsp;&nbsp;&nbsp;Jak m\u00f3wi Biblia&#8230;&nbsp;<\/p>\n\n\n\n<blockquote class=\"wp-block-quote is-layout-flow wp-block-quote-is-layout-flow\">\n<p>&nbsp;&nbsp;&nbsp;&nbsp;&nbsp;&nbsp;<em>&nbsp;&nbsp;&nbsp;&nbsp;&nbsp;\u201eDlatego nie troszczcie si\u0119 i nie m\u00f3wcie: Co b\u0119dziemy je\u015b\u0107?, Co b\u0119dziemy pi\u0107?, W co si\u0119 ubierzemy? &#8230; bo wasz Ojciec niebieski wie, \u017ce tego wszystkiego potrzebujecie. Ale szukajcie najpierw kr\u00f3lestwa Bo\u017cego i jego sprawiedliwo\u015bci, a to wszystko b\u0119dzie wam dane.\u201d&nbsp;<\/em><\/p>\n<\/blockquote>\n\n\n\n<p class=\"has-text-align-right\" style=\"font-size:14px\">Biblia. <a href=\"https:\/\/wbiblii.pl\/szukaj\/Mt+6%2C31-33\">Ew. wedlug Sw. Mateusza, 6.31-33<\/a><\/p>\n\n\n\n<p>&nbsp;&nbsp;&nbsp;&nbsp;&nbsp;&nbsp;&nbsp;&nbsp;&nbsp;&nbsp;&nbsp;Parafrazuj\u0105c to w j\u0119zyku holograficznego wszech\u015bwiata&#8230;&nbsp;<\/p>\n\n\n\n<p>&nbsp;&nbsp;&nbsp;&nbsp;&nbsp;&nbsp;&nbsp;&nbsp;&nbsp;&nbsp;&nbsp;\u201eSkup si\u0119 na zaufaniu swojemu <em>Niesko\u0144czonemu Ja<\/em> i wiedz, \u017ce ono zajmie si\u0119 reszt\u0105.\u201d&nbsp;<\/p>\n\n\n\n<p>&nbsp;&nbsp;&nbsp;&nbsp;&nbsp;&nbsp;&nbsp;&nbsp;&nbsp;&nbsp;&nbsp;\u201eAle,\u201d pytasz, \u201eczy m\u00f3wisz, \u017ce naprawd\u0119 nie musz\u0119 nic robi\u0107? Mam na my\u015bli, czy mam po prostu usi\u0105\u015b\u0107 i zaufa\u0107, \u017ce moje Niesko\u0144czone Ja nakarmi mnie, ubierze moj\u0105 rodzin\u0119, zapewni dach nad g\u0142ow\u0105 i zajmie si\u0119 wszystkimi naszymi potrzebami? Czy to nie jest troch\u0119 &#8216;nieodpowiedzialne&#8217;?\u201d&nbsp;<\/p>\n\n\n\n<p>&nbsp;&nbsp;&nbsp;&nbsp;&nbsp;&nbsp;&nbsp;&nbsp;&nbsp;&nbsp;&nbsp;C\u00f3\u017c&#8230; Tak, to w\u0142a\u015bnie m\u00f3wi\u0119; i nie, to nie jest wcale &#8216;nieodpowiedzialne&#8217;, co oczywi\u015bcie by\u0142oby os\u0105dem i przekonaniem, prawdopodobnie zn\u00f3w nauczonym przez rodzic\u00f3w. W ko\u0144cu, kto inny mo\u017ce stworzy\u0107 hologram z jedzeniem i ubraniami, kt\u00f3rych Ty i Twoja rodzina potrzebujecie, oraz dachem nad g\u0142ow\u0105, ni\u017c Twoje <em>Niesko\u0144czone Ja<\/em>?&nbsp;<\/p>\n\n\n\n<p>&nbsp;&nbsp;&nbsp;&nbsp;&nbsp;&nbsp;&nbsp;&nbsp;&nbsp;&nbsp;&nbsp;Ale chc\u0119 upewni\u0107 si\u0119, \u017ce k\u0142adziemy nacisk na w\u0142a\u015bciwe s\u0142owo: \u201eCzy naprawd\u0119 nie musz\u0119 nic robi\u0107?\u201d Wszystko, co musisz robi\u0107, to by\u0107 Graczem i do\u015bwiadcza\u0107 holograficznego wszech\u015bwiata, kt\u00f3ry Twoje <em>Niesko\u0144czone Ja<\/em> tworzy dla Ciebie. Nic wi\u0119cej.&nbsp;<\/p>\n\n\n\n<p>&nbsp;&nbsp;&nbsp;&nbsp;&nbsp;&nbsp;&nbsp;&nbsp;&nbsp;&nbsp;&nbsp;Nie chc\u0119 dawa\u0107 wra\u017cenia, \u017ce Gracz w drugiej po\u0142owie gry tylko siedzi ca\u0142y dzie\u0144. To by\u0142oby ca\u0142kowicie nudne (chyba \u017ce sprawia Ci to totaln\u0105 rado\u015b\u0107!). W rzeczywisto\u015bci \u017cycie w kokonie jest pe\u0142niejsze, bardziej interesuj\u0105ce i bardziej aktywne ni\u017c kiedykolwiek. Ale zamiast pr\u00f3bowa\u0107 \u201eco\u015b osi\u0105gn\u0105\u0107\u201d, mie\u0107 cele, plany czy zadania, po prostu reagujesz i odpowiadasz na bie\u017c\u0105ce okoliczno\u015bci stworzone przez Twoje <em>Niesko\u0144czone Ja<\/em>. W drugiej po\u0142owie gry, jedynym sposobem na \u017cycie jest bycie w \u201etrybie reaktywnym\u201d, jak to nazywa Robert Scheinfeld.&nbsp;<\/p>\n\n\n\n<p>&nbsp;&nbsp;&nbsp;&nbsp;&nbsp;&nbsp;&nbsp;&nbsp;&nbsp;&nbsp;&nbsp;Przez s\u0142owo \u201ereaktywny\u201d nie chc\u0119 r\u00f3wnie\u017c sugerowa\u0107, \u017ce nie podejmujesz decyzji. Podejmujesz; czasem nawet decyzje dotycz\u0105ce przysz\u0142o\u015bci, jak zaplanowanie seminarium czy uzgodnienie daty \u015blubu dziecka. Gdy holograficzne do\u015bwiadczenie pojawia si\u0119 w naszej \u201erzeczywisto\u015bci\u201d, jeste\u015bmy wolni, aby na nie zareagowa\u0107 \u2013 podj\u0105\u0107 odpowiednie i konieczne dzia\u0142ania w danym momencie. To znacznie r\u00f3\u017cni si\u0119 od pr\u00f3b \u201ezrobienia czego\u015b\u201d, czy wierzenia, \u017ce musimy \u201eco\u015b zrobi\u0107\u201d, aby mie\u0107 \u017cycie. <em>Niesko\u0144czone Ja<\/em> prawdopodobnie ma wiele interesuj\u0105cych do\u015bwiadcze\u0144 zaplanowanych dla swojego Gracza \u2013 zw\u0142aszcza w drugiej po\u0142owie gry \u2013 je\u015bli przestaliby\u015bmy pr\u00f3bowa\u0107 tworzy\u0107 nasze w\u0142asne \u017cycie i zaufaliby\u015bmy naszemu <em>Niesko\u0144czonemu Ja<\/em>, aby przynios\u0142o nam \u017cycie, o kt\u00f3rym mo\u017cemy tylko marzy\u0107 i kt\u00f3rego na pewno sami nie jeste\u015bmy w stanie stworzy\u0107.<\/p>\n\n\n\n<p>&nbsp;&nbsp;&nbsp;&nbsp;&nbsp;&nbsp;&nbsp;&nbsp;&nbsp;&nbsp;&nbsp;Czytasz t\u0119 ksi\u0105\u017ck\u0119, jak zak\u0142adam, poniewa\u017c nie jeste\u015b ca\u0142kowicie zadowolony z tego, jak sprawy tocz\u0105 si\u0119 w Twoim \u017cyciu. Zak\u0142adam r\u00f3wnie\u017c, \u017ce pr\u00f3bowa\u0142e\u015b by\u0107 kierowc\u0105 autobusu. Dlaczego nie da\u0107 szansy swojemu <em>Niesko\u0144czonemu Ja<\/em> \u2013 naprawd\u0119 zaufa\u0107 mu, odpu\u015bci\u0107 i da\u0107 mu szans\u0119?&nbsp;<\/p>\n\n\n\n<p>\u00a0\u00a0\u00a0\u00a0\u00a0\u00a0\u00a0\u00a0\u00a0\u00a0\u00a0Mo\u017cesz zacz\u0105\u0107 od eksperymentowania z trzema \u0107wiczeniami, kt\u00f3re opisa\u0142em w Rozdziale Osiemnastym: robienie tylko tego, co sprawia Ci rado\u015b\u0107 przez dwadzie\u015bcia cztery godziny, nie pr\u00f3buj\u0105c niczego osi\u0105gn\u0105\u0107 przez dwadzie\u015bcia cztery godziny i po prostu m\u00f3wienie Tak wszystkiemu, co pojawia si\u0119 w Twoim hologramie przez dwadzie\u015bcia cztery godziny. Pod koniec tych trzech dni, mam pe\u0142ne przekonanie, \u017ce b\u0119dziesz mia\u0142 wystarczaj\u0105co du\u017co bezpo\u015brednich do\u015bwiadcze\u0144, aby zaufa\u0107 swojemu <em>Niesko\u0144czonemu Ja<\/em> i zaczniesz coraz bardziej korzysta\u0107 z tego zaufania.\u00a0Wszelkie zaufanie zaczyna si\u0119 od zaufania swojemu w\u0142asnemu <em>Niesko\u0144czonemu Ja<\/em>.<\/p>\n\n\n\n<p><em><a href=\"https:\/\/wolnemotyle.pl\/?page_id=9\">Powr\u00f3t do spisu tre\u015bci<\/a><\/em><\/p>\n\n\n\n<p><\/p>\n","protected":false},"excerpt":{"rendered":"<p>&nbsp;&nbsp;&nbsp;&nbsp;&nbsp;&nbsp;&nbsp;&nbsp;&nbsp;&nbsp;&nbsp;Pytanie: Czy to prawda, co powiedzia\u0142 L. Ron Hubbard: \u201eW dniu, w kt\u00f3rym b\u0119dziemy mogli w pe\u0142ni ufa\u0107 sobie nawzajem, zapanuje pok\u00f3j na Ziemi\u201d?&nbsp; &nbsp;&nbsp;&nbsp;&nbsp;&nbsp;&nbsp;&nbsp;&nbsp;&nbsp;&nbsp;&nbsp;Odpowied\u017a: Nie, nie do ko\u0144ca, poniewa\u017c spos\u00f3b, w jaki to powiedzia\u0142, sprawia, \u017ce wydaje si\u0119, \u017ce powinni\u015bmy pracowa\u0107 nad nauk\u0105 zaufania sobie nawzajem, a je\u015bli nam si\u0119 uda, b\u0119dziemy mie\u0107 pok\u00f3j&#8230;<\/p>\n","protected":false},"author":1,"featured_media":0,"parent":0,"menu_order":0,"comment_status":"closed","ping_status":"closed","template":"","meta":{"_kad_post_transparent":"","_kad_post_title":"","_kad_post_layout":"narrow","_kad_post_sidebar_id":"","_kad_post_content_style":"","_kad_post_vertical_padding":"","_kad_post_feature":"","_kad_post_feature_position":"","_kad_post_header":false,"_kad_post_footer":false,"_kad_post_classname":"","footnotes":""},"class_list":["post-220","page","type-page","status-publish","hentry"],"_links":{"self":[{"href":"https:\/\/wolnemotyle.pl\/index.php?rest_route=\/wp\/v2\/pages\/220","targetHints":{"allow":["GET"]}}],"collection":[{"href":"https:\/\/wolnemotyle.pl\/index.php?rest_route=\/wp\/v2\/pages"}],"about":[{"href":"https:\/\/wolnemotyle.pl\/index.php?rest_route=\/wp\/v2\/types\/page"}],"author":[{"embeddable":true,"href":"https:\/\/wolnemotyle.pl\/index.php?rest_route=\/wp\/v2\/users\/1"}],"replies":[{"embeddable":true,"href":"https:\/\/wolnemotyle.pl\/index.php?rest_route=%2Fwp%2Fv2%2Fcomments&post=220"}],"version-history":[{"count":1,"href":"https:\/\/wolnemotyle.pl\/index.php?rest_route=\/wp\/v2\/pages\/220\/revisions"}],"predecessor-version":[{"id":221,"href":"https:\/\/wolnemotyle.pl\/index.php?rest_route=\/wp\/v2\/pages\/220\/revisions\/221"}],"wp:attachment":[{"href":"https:\/\/wolnemotyle.pl\/index.php?rest_route=%2Fwp%2Fv2%2Fmedia&parent=220"}],"curies":[{"name":"wp","href":"https:\/\/api.w.org\/{rel}","templated":true}]}}