{"id":229,"date":"2026-01-03T17:06:56","date_gmt":"2026-01-03T16:06:56","guid":{"rendered":"https:\/\/wolnemotyle.pl\/?page_id=229"},"modified":"2026-01-03T17:06:56","modified_gmt":"2026-01-03T16:06:56","slug":"rozdzial-31-ego","status":"publish","type":"page","link":"https:\/\/wolnemotyle.pl\/?page_id=229","title":{"rendered":"ROZDZIA\u0141 31 &#8211; Ego"},"content":{"rendered":"\n<p><em>&nbsp;&nbsp;&nbsp;&nbsp;&nbsp;&nbsp;&nbsp;&nbsp;&nbsp;&nbsp;Pytanie<\/em>: By\u0142e\u015b do\u015b\u0107 krytyczny wobec ego w ca\u0142ej tej ksi\u0105\u017cce. Czy to nie jest os\u0105d sam w sobie?&nbsp;<\/p>\n\n\n\n<p>&nbsp;&nbsp;&nbsp;&nbsp;&nbsp;&nbsp;&nbsp;&nbsp;&nbsp;&nbsp;&nbsp;<em>Odpowied\u017a<\/em>: Doskona\u0142y punkt i ciesz\u0119 si\u0119, \u017ce mam okazj\u0119 to wyja\u015bni\u0107.&nbsp;<\/p>\n\n\n\n<p>&nbsp;&nbsp;&nbsp;&nbsp;&nbsp;&nbsp;&nbsp;&nbsp;&nbsp;&nbsp;&nbsp;Najpierw upewnijmy si\u0119, \u017ce zgadzamy si\u0119 co do tego, co rozumiemy przez &#8220;ego&#8221;, poniewa\u017c to s\u0142owo by\u0142o u\u017cywane wielokrotnie i znaczy r\u00f3\u017cne rzeczy dla r\u00f3\u017cnych ludzi.&nbsp;<\/p>\n\n\n\n<p>&nbsp;&nbsp;&nbsp;&nbsp;&nbsp;&nbsp;&nbsp;&nbsp;&nbsp;&nbsp;&nbsp;W tej ksi\u0105\u017cce u\u017cywam &#8220;ego&#8221; jako konstruktu osobowo\u015bci, kt\u00f3ry tworzymy podczas gry w Ludzk\u0105 Gr\u0119. Sk\u0142ada si\u0119 ono z wielu warstw fa\u0142szywych to\u017csamo\u015bci, kt\u00f3re przyjmujemy, napotykaj\u0105c ograniczaj\u0105ce i restrykcyjne holograficzne do\u015bwiadczenia w pierwszej po\u0142owie gry.&nbsp;<\/p>\n\n\n\n<p>&nbsp;&nbsp;&nbsp;&nbsp;&nbsp;&nbsp;&nbsp;&nbsp;&nbsp;&nbsp;&nbsp;W rzeczywisto\u015bci to ego pozwala nam gra\u0107 w pierwsz\u0105 po\u0142ow\u0119 Gry; w przeciwnym razie nie mogliby\u015bmy formowa\u0107 naszych os\u0105d\u00f3w, przekona\u0144 i opinii oraz spe\u0142nia\u0107 naszego celu dla <em>Niesko\u0144czonego Ja<\/em>.&nbsp;<\/p>\n\n\n\n<p>&nbsp;&nbsp;&nbsp;&nbsp;&nbsp;&nbsp;&nbsp;&nbsp;&nbsp;&nbsp;&nbsp;Na przyk\u0142ad wszystkie nasze l\u0119ki \u2013 z l\u0119kiem przed nieistnieniem jako najbardziej podstawowym \u2013 s\u0105 wynikiem jakiego\u015b zagro\u017cenia dla jednej lub wi\u0119cej warstw ego, kt\u00f3re walczy o swoje istnienie.&nbsp;<\/p>\n\n\n\n<p>&nbsp;&nbsp;&nbsp;&nbsp;&nbsp;&nbsp;&nbsp;&nbsp;&nbsp;&nbsp;&nbsp;W tym sensie mo\u017cemy wyrazi\u0107 wielk\u0105 wdzi\u0119czno\u015b\u0107 dla ego za rol\u0119, jak\u0105 tak dobrze odegra\u0142o w kinie. Ono r\u00f3wnie\u017c by\u0142o tak samo doskona\u0142e jak wszystko inne w naszym holograficznym do\u015bwiadczeniu.&nbsp;<\/p>\n\n\n\n<p>&nbsp;&nbsp;&nbsp;&nbsp;&nbsp;&nbsp;&nbsp;&nbsp;&nbsp;&nbsp;&nbsp;Proces wewn\u0105trz kokonu, jak go opisa\u0142em, polega na u\u015bwiadamianiu sobie wszystkich tych warstw ego \u2013 fa\u0142szywych to\u017csamo\u015bci, kt\u00f3re przyj\u0119li\u015bmy \u2013 i ich odrzucaniu. Jest to proces odkrywania, kim nie jeste\u015bmy, a nast\u0119pnie ostatecznego znajdowania prawdziwej odpowiedzi na pytanie, kim jeste\u015bmy.&nbsp;<\/p>\n\n\n\n<p>&nbsp;&nbsp;&nbsp;&nbsp;&nbsp;&nbsp;&nbsp;&nbsp;&nbsp;&nbsp;&nbsp;Ale przyznali\u015bmy ego wiele w\u0142adzy podczas pierwszej po\u0142owy Ludzkiej Gry i wielokrotnie nagradzali\u015bmy je za dobr\u0105 prac\u0119, do tego stopnia, \u017ce wydaje si\u0119, i\u017c zyska\u0142o ono w\u0142asne \u017cycie.&nbsp;<\/p>\n\n\n\n<p>\u00a0\u00a0\u00a0\u00a0\u00a0\u00a0\u00a0\u00a0\u00a0\u00a0\u00a0W swojej &#8220;<a href=\"https:\/\/www.wisefoolpress.com\/\">Trylogii O\u015bwiecenia<\/a>&#8221; Jed McKenna personifikuje ego, czyni\u0105c je kobiet\u0105 i nazywaj\u0105c &#8220;Maj\u0105&#8221;&#8230;\u00a0<\/p>\n\n\n\n<blockquote class=\"wp-block-quote is-layout-flow wp-block-quote-is-layout-flow\">\n<p><em>&nbsp;&nbsp;&nbsp;&nbsp;&nbsp;&nbsp;&nbsp;&nbsp;&nbsp;&nbsp;&nbsp;\u201ebogini Maja, architektka tego wspania\u0142ego pa\u0142acu iluzji\u2026\u201d&nbsp;<\/em><\/p>\n<\/blockquote>\n\n\n\n<blockquote class=\"wp-block-quote is-layout-flow wp-block-quote-is-layout-flow\">\n<p><em>&nbsp;&nbsp;&nbsp;&nbsp;&nbsp;&nbsp;&nbsp;&nbsp;&nbsp;&nbsp;&nbsp;\u201eMaja \u2013 bogini zamieszania i zmylenia\u2026\u201d&nbsp;<\/em><\/p>\n<\/blockquote>\n\n\n\n<blockquote class=\"wp-block-quote is-layout-flow wp-block-quote-is-layout-flow\">\n<p>&nbsp;&nbsp;&nbsp;&nbsp;&nbsp;&nbsp;&nbsp;&nbsp;&nbsp;&nbsp;<em>&nbsp;\u201eMaja, Pani Wi\u0119zienia Dualno\u015bci\u2026\u201d&nbsp;<\/em><\/p>\n<\/blockquote>\n\n\n\n<p>&nbsp;&nbsp;&nbsp;&nbsp;&nbsp;&nbsp;&nbsp;&nbsp;&nbsp;&nbsp;&nbsp;Jed cz\u0119sto m\u00f3wi o walce z Maj\u0105 na drodze do stania si\u0119 motylem&#8230;&nbsp;<\/p>\n\n\n\n<blockquote class=\"wp-block-quote is-layout-flow wp-block-quote-is-layout-flow\">\n<p>&nbsp;&nbsp;&nbsp;&nbsp;&nbsp;&nbsp;&nbsp;&nbsp;&nbsp;<em>&nbsp;&nbsp;\u201eMaja, bogini iluzji, wykonuje swoj\u0105 prac\u0119 z najwy\u017cszym mistrzostwem od pierwszej iskry samo\u015bwiadomo\u015bci, kt\u00f3ra zab\u0142ys\u0142a w m\u00f3zgu ma\u0142py\u2026\u201d&nbsp;<\/em><\/p>\n<\/blockquote>\n\n\n\n<blockquote class=\"wp-block-quote is-layout-flow wp-block-quote-is-layout-flow\">\n<p>&nbsp;&nbsp;&nbsp;&nbsp;&nbsp;&nbsp;&nbsp;&nbsp;&nbsp;&nbsp;&nbsp;<em>\u201eTo jest dom Maji. Ona kontroluje wszystko. Ma wszystkie przewagi. Jeste\u015bmy pacjentami w azylu Maji\u2026\u201d&nbsp;<\/em><\/p>\n<\/blockquote>\n\n\n\n<blockquote class=\"wp-block-quote is-layout-flow wp-block-quote-is-layout-flow\">\n<p>&nbsp;&nbsp;&nbsp;&nbsp;&nbsp;&nbsp;&nbsp;<em>&nbsp;&nbsp;&nbsp;&nbsp;\u201ePrzewertuj dowolny magazyn, prze\u0142\u0105cz kana\u0142y w telewizji, id\u017a tam, gdzie s\u0105 ludzie, a zobaczysz tylko chorobliwie niedojrza\u0142\u0105, przestraszon\u0105, skar\u0142owacia\u0142\u0105 ras\u0119, nad kt\u00f3r\u0105 Maja panuje niepodzielnie\u2026\u201d&nbsp;<\/em><\/p>\n<\/blockquote>\n\n\n\n<p>&nbsp;&nbsp;&nbsp;&nbsp;&nbsp;&nbsp;&nbsp;&nbsp;&nbsp;&nbsp;&nbsp;&#8230;i Jed wydaje si\u0119 s\u0105dzi\u0107, \u017ce Maja wygra wiele razy&#8230;&nbsp;<\/p>\n\n\n\n<blockquote class=\"wp-block-quote is-layout-flow wp-block-quote-is-layout-flow\">\n<p>&nbsp;&nbsp;&nbsp;&nbsp;&nbsp;&nbsp;&nbsp;&nbsp;<em>&nbsp;&nbsp;&nbsp;\u201eMy\u015blisz, \u017ce co\u015b opanowa\u0142e\u015b, ale jedyn\u0105 rzecz\u0105 kt\u00f3ra panuje nad czymkolwiek jest Maja, a ona jest na Tobie jak dom na myszy\u2026\u201d&nbsp;<\/em><\/p>\n<\/blockquote>\n\n\n\n<blockquote class=\"wp-block-quote is-layout-flow wp-block-quote-is-layout-flow\">\n<p><em>&nbsp;&nbsp;&nbsp;&nbsp;&nbsp;&nbsp;&nbsp;&nbsp;&nbsp;&nbsp;&nbsp;\u201eTo jest jedyna prawdziwa wojna, kt\u00f3rej wszystkie inne s\u0105 tylko cieniami, a dla kt\u00f3rej ca\u0142y inny konflikt jest tylko metafor\u0105. Kr\u00f3tkoterminowo, Maja prawie zawsze mia\u017cd\u017cy bunt. Wed\u0142ug moich szacunk\u00f3w, jej wska\u017anik wygranych do przegranych to ponad 100 000 000:1.\u201d<\/em><\/p>\n<\/blockquote>\n\n\n\n<p><em>&nbsp;&nbsp;&nbsp;&nbsp;&nbsp;&nbsp;&nbsp;&nbsp;&nbsp;&nbsp;&nbsp;<\/em>Nikogo nie powinno dziwi\u0107, \u017ce kiedy zaczynasz demontowa\u0107 ego w kokonie, b\u0119dzie ono&nbsp; walczy\u0107. Wie, \u017ce dos\u0142ownie walczy o swoje \u017cycie, poniewa\u017c je\u015bli doko\u0144czysz Proces i Duchow\u0105 Autoliz\u0119, ko\u0144cowym wynikiem b\u0119dzie jego niemal ca\u0142kowita anihilacja. (Nigdy nie wyeliminujemy ego ca\u0142kowicie, dop\u00f3ki mamy cia\u0142o i gramy w Ludzk\u0105 Gr\u0119.)&nbsp;<\/p>\n\n\n\n<p>&nbsp;&nbsp;&nbsp;&nbsp;&nbsp;&nbsp;&nbsp;&nbsp;&nbsp;&nbsp;&nbsp;Ale nie powinni\u015bmy pope\u0142nia\u0107 b\u0142\u0119du os\u0105dzania lub obwiniania ego, ani postrzega\u0107 transformacji w motyla jako totalnej wojny z ego. W ko\u0144cu ego jest po prostu kolejnym elementem hologramu, kt\u00f3ry nie jest prawdziwy, ale tylko wygl\u0105da i wydaje si\u0119 prawdziwy i odegra\u0142o swoj\u0105 rol\u0119 doskonale w naszych holograficznych do\u015bwiadczeniach, tak jak wszystko i wszyscy, kt\u00f3rych napotkali\u015bmy podczas Ludzkiej Gry. Ka\u017cde inne podej\u015bcie b\u0119dzie nadal przypisywa\u0107 ego moc, kt\u00f3rej ono samo nie posiada.&nbsp;<\/p>\n\n\n\n<blockquote class=\"wp-block-quote is-layout-flow wp-block-quote-is-layout-flow\">\n<p>&nbsp;&nbsp;&nbsp;&nbsp;&nbsp;&nbsp;&nbsp;&nbsp;&nbsp;<em>&nbsp;&nbsp;\u201eStrach przed prawd\u0105 jest fundamentem, na kt\u00f3rym wznosi si\u0119 Pa\u0142ac Iluzji Maji. Nie ma ona \u017cadnej mocy poza t\u0105, kt\u00f3r\u0105 jej dajemy.\u201d&nbsp;<\/em><\/p>\n<\/blockquote>\n\n\n\n<blockquote class=\"wp-block-quote is-layout-flow wp-block-quote-is-layout-flow\">\n<p><em>&nbsp;&nbsp;&nbsp;&nbsp;&nbsp;&nbsp;&nbsp;&nbsp;&nbsp;&nbsp;&nbsp;\u201eW ten spos\u00f3b, pomys\u0142, \u017ce Maja jest z\u0142a, \u017ce iluzja jest negatywna, \u017ce stan snu jest wi\u0119zieniem, lub \u017ce dualistyczny wszech\u015bwiat jest czymkolwiek innym ni\u017c najwspanialszym i najcudowniejszym z b\u0142ogos\u0142awie\u0144stw, jest \u015bmiesznie absurdalny. Dlaczego nienawidzi\u0107 Mai? Gdzie by\u015b by\u0142 bez niej?\u201d<\/em><\/p>\n<\/blockquote>\n\n\n\n<p><strong>\u00a0\u00a0\u00a0\u00a0\u00a0\u00a0\u00a0\u00a0\u00a0\u00a0\u00a0\u00a0\u00a0\u00a0\u00a0\u00a0\u00a0\u00a0\u00a0\u00a0\u00a0\u00a0\u00a0\u00a0\u00a0\u00a0\u00a0\u00a0\u00a0\u00a0\u00a0\u00a0\u00a0\u00a0\u00a0\u00a0\u00a0\u00a0\u00a0\u00a0\u00a0\u00a0\u00a0\u00a0\u00a0\u00a0\u00a0\u00a0\u00a0\u00a0                    \u00a0\u00a0* * *\u00a0<\/strong><\/p>\n\n\n\n<p>&nbsp;&nbsp;&nbsp;&nbsp;&nbsp;&nbsp;&nbsp;&nbsp;&nbsp;&nbsp;&nbsp;Gdyby\u015b zaplanowa\u0142 piesz\u0105 w\u0119dr\u00f3wk\u0119 z Maine do Florydy, zaczynaj\u0105c w styczniu, pierwsz\u0105 rzecz\u0105, jak\u0105 by\u015b zrobi\u0142, by\u0142oby za\u0142o\u017cenie ciep\u0142ych ubra\u0144. Podczas marszu, gdyby temperatura obni\u017cy\u0142a by sie jeszcze bardziej, doda\u0142by\u015b kolejne warstwy ubra\u0144, \u017ceby by\u0142o Ci ciep\u0142o. Ale kiedy docierasz do Karoliny Po\u0142udniowej w kwietniu, zaczynasz zdejmowa\u0107 te warstwy, jedna po drugiej, bo ju\u017c nie potrzebujesz, \u017ceby chroni\u0142y Ci\u0119 przed pogod\u0105. Kiedy docierasz do Florydy, odrzucasz prawie ka\u017cd\u0105 cz\u0119\u015b\u0107 ubrania, kt\u00f3re mia\u0142e\u015b na sobie.&nbsp;<\/p>\n\n\n\n<p>&nbsp;&nbsp;&nbsp;&nbsp;&nbsp;&nbsp;&nbsp;&nbsp;&nbsp;&nbsp;&nbsp;W\u0105tpi\u0119, \u017ceby\u015b przeklina\u0142 te ubrania lub uwa\u017ca\u0142 je za \u201ez\u0142e\u201d. Bardziej prawdopodobne jest, \u017ce doceni\u0142by\u015b ciep\u0142o, jakie Ci zapewni\u0142y, by\u0142by\u015b wdzi\u0119czny, \u017ce je mia\u0142e\u015b, i podzi\u0119kowa\u0142 ka\u017cdej cz\u0119\u015bci ubrania, gdyby\u015b j\u0105 wyrzuca\u0142, za rol\u0119, jak\u0105 odegra\u0142a w Twojej udanej podr\u00f3\u017cy.<\/p>\n\n\n\n<p><strong>\u00a0\u00a0\u00a0\u00a0\u00a0\u00a0\u00a0\u00a0\u00a0\u00a0\u00a0\u00a0\u00a0\u00a0\u00a0\u00a0\u00a0\u00a0\u00a0\u00a0\u00a0\u00a0\u00a0\u00a0\u00a0\u00a0\u00a0\u00a0\u00a0\u00a0\u00a0\u00a0\u00a0\u00a0\u00a0\u00a0\u00a0\u00a0\u00a0\u00a0\u00a0\u00a0\u00a0\u00a0\u00a0\u00a0\u00a0\u00a0                    \u00a0\u00a0\u00a0* * *\u00a0<\/strong><\/p>\n\n\n\n<p><strong>&nbsp;&nbsp;&nbsp;&nbsp;&nbsp;&nbsp;&nbsp;&nbsp;&nbsp;&nbsp;&nbsp;<\/strong>W szesnastym rozdziale wspomnia\u0142em o dobrym przyjacielu, kt\u00f3ry by\u0142 w swoim kokonie przez oko\u0142o p\u00f3\u0142tora roku, robi\u0105c pewne post\u0119py, kiedy jego ego \u2013 Maia \u2013 zacz\u0119\u0142o walczy\u0107 z pe\u0142n\u0105 si\u0142\u0105. Jak wszyscy, do\u015bwiadcza\u0142 hologram\u00f3w, kt\u00f3re o\u017cywia\u0142y trudniejsze oceny, wierzenia, opinie i l\u0119ki, kt\u00f3re ukszta\u0142towa\u0142 w pierwszej po\u0142owie swojego \u017cycia. Kiedy zrobi\u0142o si\u0119 trudniej, przesta\u0142 mu si\u0119 podoba\u0107 spos\u00f3b, w jaki si\u0119 czu\u0142. Najwyra\u017aniej my\u015bla\u0142, \u017ce ju\u017c zrobi\u0142 wystarczaj\u0105co du\u017co pracy i powinien do\u015bwiadcza\u0107 tylko hologram\u00f3w drugiej po\u0142owy, wi\u0119c zacz\u0105\u0142 obwinia\u0107 swoje <em>Niesko\u0144czone Ja<\/em> za to, \u017ce \u201ezn\u00f3w go oszuka\u0142o\u201d. Przesta\u0142 stosowa\u0107 Proces oraz Duchow\u0105 Autoliz\u0119 i zacz\u0105\u0142 usprawiedliwia\u0107 swoje os\u0105dy, utrzymywa\u0107 swoje wierzenia i wzmacnia\u0107 swoje opinie.<\/p>\n\n\n\n<p>&nbsp;&nbsp;&nbsp;&nbsp;&nbsp;&nbsp;&nbsp;&nbsp;&nbsp;&nbsp;&nbsp;Ka\u017cdy Gracz ma woln\u0105 wol\u0119, aby zdecydowa\u0107, jak chce reagowa\u0107 i odpowiada\u0107 na holograficzne do\u015bwiadczenia, z kt\u00f3rymi si\u0119 spotyka i to by\u0142a jego decyzja \u2013 pozwoli\u0107 Mai wygra\u0107, przynajmniej na razie, nawet je\u015bli nie zdawa\u0142 sobie sprawy, \u017ce to w\u0142a\u015bnie robi. Nie by\u0142 \u201ez\u0142y\u201d za podj\u0119cie tej decyzji, poniewa\u017c to r\u00f3wnie\u017c musi by\u0107 doskona\u0142e. Ale m\u00f3j przyjaciel \u2013 kt\u00f3ry w wielu kwestiach by\u0142 dla mnie ogromnym wsparciem w pisaniu tej ksi\u0105\u017cki \u2013 pom\u00f3g\u0142 mi zobaczy\u0107, jak sprytna mo\u017ce by\u0107 Maia i da\u0142 mi mo\u017cliwo\u015b\u0107 podkre\u015blenia kolejnego wa\u017cnego punktu\u2026.&nbsp;<\/p>\n\n\n\n<p>&nbsp;&nbsp;&nbsp;&nbsp;&nbsp;&nbsp;&nbsp;&nbsp;&nbsp;&nbsp;&nbsp;W przedmowie do drugiej cz\u0119\u015bci m\u00f3wi\u0142em o przedstawieniu modeli, a nie system\u00f3w wierze\u0144, i \u017ce \u201emodel jest zaprojektowany do testowania i kwestionowania, aby zobaczy\u0107, jak dzia\u0142a\u201d. W tym przypadku Maia przekona\u0142a mojego przyjaciela, \u017ce przeprowadza uzasadniony test lub wyzwanie dla modelu, podczas gdy tak naprawde unika dyskomfortu \u017ceby zostawi\u0142 j\u0105 w spokoju i aby mog\u0142a przetrwa\u0107, sk\u0142aniaj\u0105c go do zadawania pyta\u0144 dotycz\u0105cych teorii modelu \u2013 pyta\u0144 zaczynaj\u0105cych si\u0119 od \u201eDlaczego\u201d lub \u201eA co je\u015bli\u201d oraz \u201eNie jestem do ko\u0144ca przekonany, czy si\u0119 zgadzam, \u017ce\u2026\u201d.&nbsp;<\/p>\n\n\n\n<p>&nbsp;&nbsp;&nbsp;&nbsp;&nbsp;&nbsp;&nbsp;&nbsp;&nbsp;&nbsp;&nbsp;Jednak jedyny wa\u017cny i uzasadniony test lub wyzwanie dla modelu to sprawdzenie, jak dzia\u0142a w praktyce, a nie w teorii. W sytuacji mojego przyjaciela model dzia\u0142a\u0142 doskonale, produkuj\u0105c dok\u0142adnie takie wyniki, jakie mia\u0142 produkowa\u0107. Po prostu nie podoba\u0142o mu si\u0119, jak si\u0119 czu\u0142 w tym momencie. Ale nikt nie powiedzia\u0142, \u017ce przez ca\u0142y proces kokonu b\u0119dzie si\u0119 czu\u0142 tylko dobrze, zw\u0142aszcza je\u015bli zderzasz si\u0119 z czym\u015b takim jak \u201eciemna noc duszy\u201d. Wi\u0119c je\u015bli nadal odczuwasz dyskomfort, kontynuuj Proces. To tylko ego m\u00f3wi, kiedy pojawia si\u0119 my\u015bl, aby wyj\u015b\u0107 z tego, co czujesz i wr\u00f3ci\u0107 do swojej g\u0142owy; a Maia m\u00f3wi w bardzo wyrafinowany, kusz\u0105cy i sprytny spos\u00f3b.&nbsp;<\/p>\n\n\n\n<p>&nbsp;&nbsp;&nbsp;&nbsp;&nbsp;&nbsp;&nbsp;&nbsp;&nbsp;&nbsp;&nbsp;Wi\u0119c wiedz to o ego: nie nale\u017cy go lekcewa\u017cy\u0107, nie przechytrzysz go i nie mo\u017cesz mu si\u0119 oprze\u0107.<\/p>\n\n\n\n<p><strong>\u00a0\u00a0\u00a0\u00a0\u00a0\u00a0\u00a0\u00a0\u00a0\u00a0\u00a0\u00a0\u00a0\u00a0\u00a0\u00a0\u00a0\u00a0\u00a0\u00a0\u00a0\u00a0\u00a0\u00a0\u00a0\u00a0\u00a0\u00a0\u00a0\u00a0\u00a0\u00a0\u00a0\u00a0\u00a0\u00a0\u00a0\u00a0                              \u00a0\u00a0\u00a0\u00a0* * *\u00a0<\/strong><\/p>\n\n\n\n<p><strong>&nbsp;&nbsp;&nbsp;&nbsp;&nbsp;&nbsp;&nbsp;&nbsp;&nbsp;&nbsp;&nbsp;<\/strong>Jest taka stara opowie\u015b\u0107 o gotowaniu \u017caby. Nie gotujesz garnka z wod\u0105 na kuchence i nie wrzucasz \u017caby do wrz\u0105tku, bo po prostu wyskoczy, \u017ceby uciec przed gor\u0105cem. Zamiast tego wk\u0142adasz \u017cab\u0119 do garnka, gdy woda jest ch\u0142odna i powoli podgrzewasz wod\u0119, a\u017c \u017caba si\u0119 ugotuje.<\/p>\n\n\n\n<p>&nbsp;&nbsp;&nbsp;&nbsp;&nbsp;&nbsp;&nbsp;&nbsp;&nbsp;&nbsp;&nbsp;Podobnie nie bierzesz du\u017cego k\u0119sa cebuli, bo Ci\u0119 przyt\u0142oczy. Jesz cebul\u0119 po plasterku, a\u017c zniknie.&nbsp;<\/p>\n\n\n\n<p>&nbsp;&nbsp;&nbsp;&nbsp;&nbsp;&nbsp;&nbsp;&nbsp;&nbsp;&nbsp;&nbsp;Niszczenie ego to podobny proces \u2013 warstwa po warstwie, gdy Twoje <em>Niesko\u0144czone Ja<\/em> dostarcza odpowiednich holograficznych do\u015bwiadcze\u0144. Jak m\u00f3wi\u0142em o \u015bmierci, musisz stan\u0105\u0107 twarz\u0105 w twarz z ego, zrozumie\u0107 je, zaakceptowa\u0107, obj\u0105\u0107, doceni\u0107 za to, czym jest i za us\u0142ug\u0119, kt\u00f3r\u0105 Ci \u015bwiadczy\u0142o, a potem cicho i systematycznie demontowa\u0107 je warstwa po warstwie, a\u017c nie zostanie nic \u2013 spodziewaj\u0105c si\u0119, \u017ce ka\u017cda nowa warstwa b\u0119dzie trudniejsza od poprzedniej i nie przestawa\u0107, dop\u00f3ki nie sko\u0144czysz.<\/p>\n\n\n\n<p><em><a href=\"https:\/\/wolnemotyle.pl\/?page_id=9\">Powr\u00f3t do spisu tre\u015bci<\/a><\/em><\/p>\n","protected":false},"excerpt":{"rendered":"<p>&nbsp;&nbsp;&nbsp;&nbsp;&nbsp;&nbsp;&nbsp;&nbsp;&nbsp;&nbsp;Pytanie: By\u0142e\u015b do\u015b\u0107 krytyczny wobec ego w ca\u0142ej tej ksi\u0105\u017cce. Czy to nie jest os\u0105d sam w sobie?&nbsp; &nbsp;&nbsp;&nbsp;&nbsp;&nbsp;&nbsp;&nbsp;&nbsp;&nbsp;&nbsp;&nbsp;Odpowied\u017a: Doskona\u0142y punkt i ciesz\u0119 si\u0119, \u017ce mam okazj\u0119 to wyja\u015bni\u0107.&nbsp; &nbsp;&nbsp;&nbsp;&nbsp;&nbsp;&nbsp;&nbsp;&nbsp;&nbsp;&nbsp;&nbsp;Najpierw upewnijmy si\u0119, \u017ce zgadzamy si\u0119 co do tego, co rozumiemy przez &#8220;ego&#8221;, poniewa\u017c to s\u0142owo by\u0142o u\u017cywane wielokrotnie i znaczy r\u00f3\u017cne rzeczy dla r\u00f3\u017cnych ludzi.&nbsp;&#8230;<\/p>\n","protected":false},"author":1,"featured_media":0,"parent":0,"menu_order":0,"comment_status":"closed","ping_status":"closed","template":"","meta":{"_kad_post_transparent":"","_kad_post_title":"","_kad_post_layout":"narrow","_kad_post_sidebar_id":"","_kad_post_content_style":"","_kad_post_vertical_padding":"","_kad_post_feature":"","_kad_post_feature_position":"","_kad_post_header":false,"_kad_post_footer":false,"_kad_post_classname":"","footnotes":""},"class_list":["post-229","page","type-page","status-publish","hentry"],"_links":{"self":[{"href":"https:\/\/wolnemotyle.pl\/index.php?rest_route=\/wp\/v2\/pages\/229","targetHints":{"allow":["GET"]}}],"collection":[{"href":"https:\/\/wolnemotyle.pl\/index.php?rest_route=\/wp\/v2\/pages"}],"about":[{"href":"https:\/\/wolnemotyle.pl\/index.php?rest_route=\/wp\/v2\/types\/page"}],"author":[{"embeddable":true,"href":"https:\/\/wolnemotyle.pl\/index.php?rest_route=\/wp\/v2\/users\/1"}],"replies":[{"embeddable":true,"href":"https:\/\/wolnemotyle.pl\/index.php?rest_route=%2Fwp%2Fv2%2Fcomments&post=229"}],"version-history":[{"count":1,"href":"https:\/\/wolnemotyle.pl\/index.php?rest_route=\/wp\/v2\/pages\/229\/revisions"}],"predecessor-version":[{"id":230,"href":"https:\/\/wolnemotyle.pl\/index.php?rest_route=\/wp\/v2\/pages\/229\/revisions\/230"}],"wp:attachment":[{"href":"https:\/\/wolnemotyle.pl\/index.php?rest_route=%2Fwp%2Fv2%2Fmedia&parent=229"}],"curies":[{"name":"wp","href":"https:\/\/api.w.org\/{rel}","templated":true}]}}