{"id":237,"date":"2026-01-04T23:34:29","date_gmt":"2026-01-04T22:34:29","guid":{"rendered":"https:\/\/wolnemotyle.pl\/?page_id=237"},"modified":"2026-01-04T23:34:29","modified_gmt":"2026-01-04T22:34:29","slug":"rozdzial-33-robert-scheinfeld","status":"publish","type":"page","link":"https:\/\/wolnemotyle.pl\/?page_id=237","title":{"rendered":"ROZDZIA\u0141 33 &#8211; Robert Scheinfeld"},"content":{"rendered":"\n<p><strong>&nbsp;&nbsp;&nbsp;&nbsp;&nbsp;&nbsp;&nbsp;&nbsp;&nbsp;&nbsp;<\/strong><em>Pytanie<\/em>: Cz\u0119sto wspominasz Roberta Scheinfelda, ale rzadko go cytujesz; nie jest te\u017c jasne, co dok\u0142adnie my\u015blisz o jego pracy.&nbsp;<\/p>\n\n\n\n<p>&nbsp;&nbsp;&nbsp;&nbsp;&nbsp;&nbsp;&nbsp;&nbsp;&nbsp;&nbsp;&nbsp;<em>Odpowied\u017a<\/em>: Nie mog\u0119 wyrazi\u0107, jak bardzo doceniam Roberta Scheinfelda i rol\u0119, jak\u0105 odegra\u0142 w mojej transformacji.&nbsp;<\/p>\n\n\n\n<p>&nbsp;&nbsp;&nbsp;&nbsp;&nbsp;&nbsp;&nbsp;&nbsp;&nbsp;&nbsp;&nbsp;To Robert, dzi\u0119ki swojemu kursowi domowemu &#8220;Busting Loose from the Money Game DVD&#8221; (kt\u00f3ry nie jest ju\u017c dost\u0119pny), wprowadzi\u0142 mnie przez tylne drzwi do kina i do mojego kokonu.&nbsp;<\/p>\n\n\n\n<p>&nbsp;&nbsp;&nbsp;&nbsp;&nbsp;&nbsp;&nbsp;&nbsp;&nbsp;&nbsp;&nbsp;To Robert wprowadzi\u0142 mnie w koncepcj\u0119 Gry Ludzkiej, a zw\u0142aszcza w dwie oddzielne i przeciwstawne po\u0142owy, co wyja\u015bni\u0142o tak wiele o mnie i moim \u017cyciu.&nbsp;<\/p>\n\n\n\n<p>&nbsp;&nbsp;&nbsp;&nbsp;&nbsp;&nbsp;&nbsp;&nbsp;&nbsp;&nbsp;&nbsp;To Robert dostarczy\u0142 podstawowy Proces, kt\u00f3rego u\u017cywa\u0142em z sukcesem przez pierwszy rok w moim kokonie, rezygnuj\u0105c z os\u0105d\u00f3w, przekona\u0144 i opinii na temat tego, co jest &#8220;na zewn\u0105trz&#8221; i odzyskuj\u0105c moc, kt\u00f3r\u0105 przypisa\u0142em do uczynienia moich hologram\u00f3w rzeczywisto\u015bci\u0105.&nbsp;<\/p>\n\n\n\n<p>&nbsp;&nbsp;&nbsp;&nbsp;&nbsp;&nbsp;&nbsp;&nbsp;&nbsp;&nbsp;&nbsp;To Robert wprowadzi\u0142 mnie do &#8220;Trylogii O\u015bwiecenia&#8221; Jeda McKenny, co by\u0142o kolejnym krokiem, kt\u00f3rego potrzebowa\u0142em w mojej transformacji w kokonie.&nbsp;<\/p>\n\n\n\n<p>&nbsp;&nbsp;&nbsp;&nbsp;&nbsp;&nbsp;&nbsp;&nbsp;&nbsp;&nbsp;&nbsp;Na szcz\u0119\u015bcie mia\u0142em okazj\u0119 spotka\u0107 si\u0119 i porozmawia\u0107 z Robertem oraz wyrazi\u0107 swoje uznanie. Uczestniczy\u0142em w jednym z jego warsztat\u00f3w na \u017cywo i przeszed\u0142em przez jego trzy &#8220;systemy transformacyjne w domu&#8221;, a tak\u017ce \u015bledzi\u0142em go na Facebooku i s\u0142ucha\u0142em jego &#8220;dyskurs\u00f3w graczy fazy 2&#8221;.&nbsp;<\/p>\n\n\n\n<p>&nbsp;&nbsp;&nbsp;&nbsp;&nbsp;&nbsp;&nbsp;&nbsp;&nbsp;&nbsp;&nbsp;Uwa\u017cam Roberta za &#8220;skauta zwiadowc\u0119&#8221;. Ale po pierwszym roku w moim kokonie, spotka\u0142em Roberta na drodze i zabi\u0142em go.&nbsp;<\/p>\n\n\n\n<p>&nbsp;&nbsp;&nbsp;&nbsp;&nbsp;&nbsp;&nbsp;&nbsp;&nbsp;&nbsp;&nbsp;Oczywi\u015bcie, nie dos\u0142ownie. Je\u015bli nie rozpoznajesz odniesienia\u2026&nbsp;<\/p>\n\n\n\n<blockquote class=\"wp-block-quote is-layout-flow wp-block-quote-is-layout-flow\">\n<p>&nbsp;&nbsp;&nbsp;&nbsp;&nbsp;&nbsp;&nbsp;&nbsp;&nbsp;&nbsp;<em>&nbsp;&#8220;Mistrz Zen Lin Chi powiedzia\u0142:<\/em> &#8216;<em>Je\u015bli spotkasz Budd\u0119, zabij Budd\u0119. Je\u015bli spotkasz Patriarch\u0119, zabij Patriarch\u0119.&#8217;<\/em> <em>Lin Chi nie pochwala morderstwa, u\u017cywa metafory, aby wyja\u015bni\u0107 natur\u0119 buddyzmu. Nie wierz w to, co kto\u015b m\u00f3wi, niezale\u017cnie od tego, jak \u015bwi\u0119ty jest, tylko dlatego, \u017ce to m\u00f3wi. S\u0142uchaj ich s\u0142\u00f3w, a potem sam je eksploruj&#8230;&#8221;<\/em>&nbsp;<\/p>\n<\/blockquote>\n\n\n\n<p class=\"has-text-align-right\" style=\"font-size:14px\">Dae Kwang. Kill the Buddha<\/p>\n\n\n\n<p>&nbsp;&nbsp;&nbsp;&nbsp;&nbsp;&nbsp;&nbsp;&nbsp;&nbsp;&nbsp;&nbsp;(Na tej podstawie Sheldon Kopp napisa\u0142 bestsellerow\u0105 ksi\u0105\u017ck\u0119 &#8220;<em>If You Meet The Buddha on the Road, Kill Him.&#8221;<\/em>)&nbsp;<\/p>\n\n\n\n<p>&nbsp;&nbsp;&nbsp;&nbsp;&nbsp;&nbsp;&nbsp;&nbsp;&nbsp;&nbsp;&nbsp;By\u0142o dla mnie jasne, kiedy spotka\u0142em Roberta na drodze, \u017ce zatrzyma\u0142 si\u0119 na swojej \u015bcie\u017cce jako zwiadowca i ca\u0142kowicie zanurzy\u0142 si\u0119 w pisaniu swoich ksi\u0105\u017cek, tworzeniu swoich &#8220;system\u00f3w transformacyjnych w domu&#8221; i oferowaniu swoich warsztat\u00f3w.&nbsp;<\/p>\n\n\n\n<p>&nbsp;&nbsp;&nbsp;&nbsp;&nbsp;&nbsp;&nbsp;&nbsp;&nbsp;&nbsp;&nbsp;Ale poniewa\u017c si\u0119 zatrzyma\u0142, nie poszed\u0142 wystarczaj\u0105co daleko, aby zobaczy\u0107, \u017ce jego praca zawiera\u0142a pewne istotne b\u0142\u0119dy, kt\u00f3re jestem pewien, \u017ce m\u00f3g\u0142by zrozumie\u0107, gdyby poszed\u0142 dalej. (Robert og\u0142osi\u0142, \u017ce opuszcza teraz gr\u0119 &#8220;zwiadowcy&#8221;, aby skupi\u0107 si\u0119 na innych rzeczach. Mam nadziej\u0119, \u017ce cz\u0119\u015b\u0107 tych &#8220;innych rzeczy&#8221; b\u0119dzie obejmowa\u0107 dalsz\u0105 podr\u00f3\u017c w jego kokonie i poprawienie jego b\u0142\u0119d\u00f3w \u2013 dla jego w\u0142asnego dobra.)<\/p>\n\n\n\n<p>&nbsp;&nbsp;&nbsp;&nbsp;&nbsp;&nbsp;&nbsp;&nbsp;&nbsp;&nbsp;&nbsp;To dziwne, \u017ce najwi\u0119ksze b\u0142\u0119dy dotycz\u0105 jego sformu\u0142owa\u0144, a jednym z &#8220;narz\u0119dzi&#8221;, kt\u00f3re Robert sugeruje u\u017cywa\u0107 w drugiej po\u0142owie Gry Ludzkiej, jest &#8220;transformational vocabulary&#8221; czyli &#8220;transformacyjna terminologia&#8221;. Innymi s\u0142owy, Robert wyra\u017anie dostrzega znaczenie j\u0119zyka, kt\u00f3rego u\u017cywamy; wi\u0119c musz\u0119 zak\u0142ada\u0107, \u017ce po prostu nie zrozumia\u0142 tego konceptu od samego pocz\u0105tku.<\/p>\n\n\n\n<p>&nbsp;&nbsp;&nbsp;&nbsp;&nbsp;&nbsp;&nbsp;&nbsp;&nbsp;&nbsp;&nbsp;Na przyk\u0142ad to, co ja nazywam <em>Niesko\u0144czonym Ja<\/em>, \u015bwiadomo\u015b\u0107 po drugiej stronie Pola, Robert nazywa &#8220;Rozszerzonym Ja&#8221;. Bez przynudzania, &#8220;rozszerzony&#8221; to ocena tak samo jak &#8220;lepszy&#8221; czy &#8220;wy\u017cszy&#8221;, a rozszerzanie &#8220;ja&#8221; to kierowanie si\u0119 dok\u0142adnie w przeciwnym kierunku, kt\u00f3rym chcemy pod\u0105\u017ca\u0107 w kokonie \u2013 w kierunku &#8220;bez-ja&#8221;.&nbsp;<\/p>\n\n\n\n<p>&nbsp;&nbsp;&nbsp;&nbsp;&nbsp;&nbsp;&nbsp;&nbsp;&nbsp;&nbsp;&nbsp;Robert tak\u017ce m\u00f3wi o &#8220;odzyskiwaniu mocy&#8221; jako cz\u0119\u015bci swojego Procesu. Ale my, jako Gracze, nigdy nie mieli\u015bmy \u017cadnej mocy na pocz\u0105tku, wi\u0119c jak mogliby\u015bmy j\u0105 &#8220;odzyska\u0107&#8221;?&nbsp;<\/p>\n\n\n\n<p>&nbsp;&nbsp;&nbsp;&nbsp;&nbsp;&nbsp;&nbsp;&nbsp;&nbsp;&nbsp;&nbsp;Ale mo\u017ce najwa\u017cniejszym b\u0142\u0119dem jest fraza, kt\u00f3ra brzmi bardzo chwytliwie i fajnie, i bardzo podoba si\u0119 ludziom \u201cnew age\u201d: &#8220;The sun of who you really are&#8221;. Robert u\u017cywa tego w swojej &#8220;metaforze chmur&#8221;, wyja\u015bniaj\u0105c, \u017ce to, co robimy w kokonie, to wiercimy dziury w chmurze, aby &#8220;s\u0142o\u0144ce tego, kim naprawd\u0119 jeste\u015bmy&#8221;, mog\u0142o przebi\u0107 si\u0119 przez pokryw\u0119 chmur.&nbsp;<\/p>\n\n\n\n<p>&nbsp;&nbsp;&nbsp;&nbsp;&nbsp;&nbsp;&nbsp;&nbsp;&nbsp;&nbsp;&nbsp;Ludzie to uwielbiaj\u0105, bo bardzo dobrze karmi ego. Ka\u017cdy lubi my\u015ble\u0107, \u017ce jest czym\u015b wi\u0119cej ni\u017c tylko Graczem, \u017ce naprawd\u0119 jest swoj\u0105 niesko\u0144czon\u0105 \u015bwiadomo\u015bci\u0105, kt\u00f3ra prowadzi przedstawienie.&nbsp;<\/p>\n\n\n\n<p>&nbsp;&nbsp;&nbsp;&nbsp;&nbsp;&nbsp;&nbsp;&nbsp;&nbsp;&nbsp;&nbsp;Teraz&#8230; prawd\u0105 jest, \u017ce ca\u0142y punkt kokonu polega na odkrywaniu &#8220;kim nie jestem&#8221; w drodze do odkrywania &#8220;kim jestem&#8221;. Ale sugerowanie, \u017ce ostatecznym rezultatem jest pozwolenie &#8220;s\u0142o\u0144cu tego, kim naprawd\u0119 jeste\u015bmy&#8221; przebi\u0107 si\u0119 przez pokryw\u0119 chmur, po prostu kontynuuje iluzj\u0119, \u017ce jeste\u015bmy czym\u015b wi\u0119cej ni\u017c tylko Graczem reprezentuj\u0105cym nasze <em>Niesko\u0144czone Ja<\/em> w Grze Ludzkiej. To podtrzymuje fa\u0142szyw\u0105 wiedz\u0119 i warstwy ego, kt\u00f3re m\u00f3wi\u0105, \u017ce naprawd\u0119 jeste\u015bmy naszym <em>Niesko\u0144czonym Ja.&nbsp;<\/em><\/p>\n\n\n\n<p>&nbsp;&nbsp;&nbsp;&nbsp;&nbsp;&nbsp;&nbsp;&nbsp;&nbsp;&nbsp;&nbsp;&nbsp;&nbsp;&nbsp;&nbsp;Na koniec, jak ju\u017c wcze\u015bniej wspomnia\u0142em, Proces Roberta doskonale radzi sobie z ocenami, przekonaniami i strachami, kt\u00f3re stworzyli\u015bmy b\u0119d\u0105c w pierwszej po\u0142owie Gry Ludzkiej, o ile zajmujemy si\u0119 tym, co my\u015blimy, \u017ce jest &#8220;tam na zewn\u0105trz&#8221;. Ale po prostu nie jest zaprojektowany, ani bardzo skuteczny, w odnajdywaniu strach\u00f3w, kt\u00f3re le\u017c\u0105 pod spodem lub od\u0142\u0105czaniu si\u0119 od warstw fa\u0142szywych to\u017csamo\u015bci, kt\u00f3re tworz\u0105 ego.<\/p>\n\n\n\n<p class=\"has-text-align-center\"><strong>&nbsp;&nbsp;&nbsp;&nbsp;&nbsp;&nbsp;&nbsp;&nbsp;&nbsp;&nbsp;&nbsp;&nbsp;&nbsp;&nbsp;&nbsp;&nbsp;&nbsp;&nbsp;&nbsp;&nbsp;&nbsp;&nbsp;&nbsp;&nbsp;&nbsp;&nbsp;&nbsp;&nbsp;&nbsp;* * *&nbsp;<\/strong><\/p>\n\n\n\n<p>&nbsp;&nbsp;&nbsp;&nbsp;&nbsp;&nbsp;&nbsp;&nbsp;&nbsp;&nbsp;&nbsp;Ch\u0119tnie polecam prac\u0119 Roberta, poniewa\u017c mia\u0142a dla mnie tak du\u017ce znaczenie; mo\u017cesz j\u0105 przeczyta\u0107 i obejrze\u0107 z krytycznym okiem, szukaj\u0105c b\u0142\u0119d\u00f3w, mo\u017ce to r\u00f3wnie\u017c by\u0107 dla ciebie pomocne. Mo\u017cesz zacz\u0105\u0107 na stronie <a href=\"http:\/\/robertscheinfeld.com\">RobertScheinfeld.com.&nbsp;<\/a><\/p>\n\n\n\n<p>&nbsp;&nbsp;&nbsp;&nbsp;&nbsp;&nbsp;&nbsp;&nbsp;&nbsp;&nbsp;&nbsp;Jednak znam zbyt wielu ludzi, kt\u00f3rzy pod\u0105\u017cyli za Robertem i nazywaj\u0105 si\u0119 &#8220;Graczami Fazy 2&#8221;, a nie maj\u0105 poj\u0119cia o g\u0142\u0119bokich l\u0119kach i warstwach ego, kt\u00f3rych praca Roberta nie adresuje. Chodz\u0105 wok\u00f3\u0142 i m\u00f3wi\u0105 o rzeczywisto\u015bci, kt\u00f3r\u0105 tworz\u0105 i rado\u015bci z ponownego po\u0142\u0105czenia si\u0119 z &#8220;s\u0142o\u0144cem tego, kim naprawd\u0119 s\u0105&#8221;.&nbsp;<\/p>\n\n\n\n<p>&nbsp;&nbsp;&nbsp;&nbsp;&nbsp;&nbsp;&nbsp;&nbsp;&nbsp;&nbsp;&nbsp;Mimo to chcia\u0142bym podkre\u015bli\u0107, \u017ce Robert zrobi\u0142 wspania\u0142\u0105 robot\u0119, udost\u0119pniaj\u0105c t\u0119 wiedz\u0119 z ty\u0142u kina i prezentuj\u0105c j\u0105 w taki spos\u00f3b, \u017ce coraz wi\u0119cej Ludzi Doros\u0142ych wchodzi do swoich kokon\u00f3w. Jest geniuszem marketingu, bez w\u0105tpienia; i oczywi\u015bcie nawet jego &#8220;b\u0142\u0119dy&#8221; s\u0105 doskona\u0142e.&nbsp;<\/p>\n\n\n\n<p>&nbsp;&nbsp;&nbsp;&nbsp;&nbsp;&nbsp;&nbsp;&nbsp;&nbsp;&nbsp;&nbsp;Chcia\u0142bym tak\u017ce zaznaczy\u0107, \u017ce jak Robert, ja tak\u017ce zatrzyma\u0142em si\u0119 w kokonie, aby napisa\u0107 t\u0119 ksi\u0105\u017ck\u0119 (i by\u0107 mo\u017ce inne; zobaczymy). Poszed\u0142em dalej ni\u017c Robert, ale i ja si\u0119 zatrzyma\u0142em. Mam tylko nadziej\u0119, \u017ce nie pope\u0142ni\u0142em takich powa\u017cnych b\u0142\u0119d\u00f3w jak Robert.<\/p>\n\n\n\n<p><em><a href=\"https:\/\/wolnemotyle.pl\/?page_id=9\">Powr\u00f3t do spisu tre\u015bci<\/a><\/em><\/p>\n\n\n\n<p><\/p>\n","protected":false},"excerpt":{"rendered":"<p>&nbsp;&nbsp;&nbsp;&nbsp;&nbsp;&nbsp;&nbsp;&nbsp;&nbsp;&nbsp;Pytanie: Cz\u0119sto wspominasz Roberta Scheinfelda, ale rzadko go cytujesz; nie jest te\u017c jasne, co dok\u0142adnie my\u015blisz o jego pracy.&nbsp; &nbsp;&nbsp;&nbsp;&nbsp;&nbsp;&nbsp;&nbsp;&nbsp;&nbsp;&nbsp;&nbsp;Odpowied\u017a: Nie mog\u0119 wyrazi\u0107, jak bardzo doceniam Roberta Scheinfelda i rol\u0119, jak\u0105 odegra\u0142 w mojej transformacji.&nbsp; &nbsp;&nbsp;&nbsp;&nbsp;&nbsp;&nbsp;&nbsp;&nbsp;&nbsp;&nbsp;&nbsp;To Robert, dzi\u0119ki swojemu kursowi domowemu &#8220;Busting Loose from the Money Game DVD&#8221; (kt\u00f3ry nie jest ju\u017c dost\u0119pny), wprowadzi\u0142 mnie&#8230;<\/p>\n","protected":false},"author":1,"featured_media":0,"parent":0,"menu_order":0,"comment_status":"closed","ping_status":"closed","template":"","meta":{"_kad_post_transparent":"","_kad_post_title":"","_kad_post_layout":"narrow","_kad_post_sidebar_id":"","_kad_post_content_style":"","_kad_post_vertical_padding":"","_kad_post_feature":"","_kad_post_feature_position":"","_kad_post_header":false,"_kad_post_footer":false,"_kad_post_classname":"","footnotes":""},"class_list":["post-237","page","type-page","status-publish","hentry"],"_links":{"self":[{"href":"https:\/\/wolnemotyle.pl\/index.php?rest_route=\/wp\/v2\/pages\/237","targetHints":{"allow":["GET"]}}],"collection":[{"href":"https:\/\/wolnemotyle.pl\/index.php?rest_route=\/wp\/v2\/pages"}],"about":[{"href":"https:\/\/wolnemotyle.pl\/index.php?rest_route=\/wp\/v2\/types\/page"}],"author":[{"embeddable":true,"href":"https:\/\/wolnemotyle.pl\/index.php?rest_route=\/wp\/v2\/users\/1"}],"replies":[{"embeddable":true,"href":"https:\/\/wolnemotyle.pl\/index.php?rest_route=%2Fwp%2Fv2%2Fcomments&post=237"}],"version-history":[{"count":1,"href":"https:\/\/wolnemotyle.pl\/index.php?rest_route=\/wp\/v2\/pages\/237\/revisions"}],"predecessor-version":[{"id":238,"href":"https:\/\/wolnemotyle.pl\/index.php?rest_route=\/wp\/v2\/pages\/237\/revisions\/238"}],"wp:attachment":[{"href":"https:\/\/wolnemotyle.pl\/index.php?rest_route=%2Fwp%2Fv2%2Fmedia&parent=237"}],"curies":[{"name":"wp","href":"https:\/\/api.w.org\/{rel}","templated":true}]}}