{"id":258,"date":"2026-01-05T17:21:09","date_gmt":"2026-01-05T16:21:09","guid":{"rendered":"https:\/\/wolnemotyle.pl\/?page_id=258"},"modified":"2026-01-05T19:18:09","modified_gmt":"2026-01-05T18:18:09","slug":"zakonczenie","status":"publish","type":"page","link":"https:\/\/wolnemotyle.pl\/?page_id=258","title":{"rendered":"Zako\u0144czenie"},"content":{"rendered":"\n<p>Je\u015bli dotar\u0142e\u015b \/ dotar\u0142a\u015b a\u017c tutaj, dzi\u0119kuj\u0119 Ci za czas, uwag\u0119 i gotowo\u015b\u0107, by zajrze\u0107 g\u0142\u0119biej \u2014 nie tylko w tre\u015b\u0107 tej ksi\u0105\u017cki, ale by\u0107 mo\u017ce tak\u017ce w siebie.<\/p>\n\n\n\n<p>\u201eButterflies Are Free to Fly\u201d to nie jest ksi\u0105\u017cka, kt\u00f3r\u0105 trzeba \u201ezrozumie\u0107\u201d intelektem. Bardziej przypomina zaproszenie \u2014 do obserwowania, odpuszczania i odkrywania wolno\u015bci, kt\u00f3ra nie wymaga walki ani naprawiania siebie.<\/p>\n\n\n\n<p>Ta polska wersja jest t\u0142umaczeniem oryginalnej ksi\u0105\u017cki autorstwa <strong>Steven\u2019a Davisa<\/strong>, udost\u0119pnionym za jego zgod\u0105, z intencj\u0105 podzielenia si\u0119 tym przes\u0142aniem z polskoj\u0119zycznymi czytelnikami.<\/p>\n\n\n\n<p>Ksi\u0105\u017cka jest dost\u0119pna <strong>bezp\u0142atnie<\/strong>. Je\u015bli jednak poczujesz, \u017ce tre\u015b\u0107 by\u0142a dla Ciebie warto\u015bciowa lub w jaki\u015b spos\u00f3b Ci pomog\u0142a, mo\u017cesz symbolicznie postawi\u0107 kaw\u0119 jako form\u0119 wsparcia dalszego udost\u0119pniania tej strony.<\/p>\n\n\n\n<p>Niezale\u017cnie od tego \u2014 najwa\u017cniejsze jest samo do\u015bwiadczenie czytania i to, co z niego dla Ciebie zostanie.<\/p>\n\n\n\n<p>\u017bycz\u0119 Ci lekko\u015bci, uwa\u017cno\u015bci i odwagi, by pozwoli\u0107 sobie by\u0107 wolnym motylem.<\/p>\n\n\n\n<p><\/p>\n\n\n\n<p><em><a href=\"https:\/\/wolnemotyle.pl\/?page_id=9\">Powr\u00f3t do spisu tre\u015bci<\/a><\/em><\/p>\n\n\n\n<div class=\"wp-block-buttons is-layout-flex wp-block-buttons-is-layout-flex\">\n<div class=\"wp-block-button\"><a class=\"wp-block-button__link wp-element-button\" href=\"https:\/\/www.paypal.com\/donate\/?hosted_button_id=BRZW3G7SBJ3Y8\">Wesprzyj<\/a><\/div>\n<\/div>\n\n\n\n<p><\/p>\n","protected":false},"excerpt":{"rendered":"<p>Je\u015bli dotar\u0142e\u015b \/ dotar\u0142a\u015b a\u017c tutaj, dzi\u0119kuj\u0119 Ci za czas, uwag\u0119 i gotowo\u015b\u0107, by zajrze\u0107 g\u0142\u0119biej \u2014 nie tylko w tre\u015b\u0107 tej ksi\u0105\u017cki, ale by\u0107 mo\u017ce tak\u017ce w siebie. \u201eButterflies Are Free to Fly\u201d to nie jest ksi\u0105\u017cka, kt\u00f3r\u0105 trzeba \u201ezrozumie\u0107\u201d intelektem. Bardziej przypomina zaproszenie \u2014 do obserwowania, odpuszczania i odkrywania wolno\u015bci, kt\u00f3ra nie wymaga&#8230;<\/p>\n","protected":false},"author":1,"featured_media":0,"parent":0,"menu_order":0,"comment_status":"closed","ping_status":"closed","template":"","meta":{"_kad_post_transparent":"","_kad_post_title":"","_kad_post_layout":"narrow","_kad_post_sidebar_id":"","_kad_post_content_style":"","_kad_post_vertical_padding":"","_kad_post_feature":"","_kad_post_feature_position":"","_kad_post_header":false,"_kad_post_footer":false,"_kad_post_classname":"","footnotes":""},"class_list":["post-258","page","type-page","status-publish","hentry"],"_links":{"self":[{"href":"https:\/\/wolnemotyle.pl\/index.php?rest_route=\/wp\/v2\/pages\/258","targetHints":{"allow":["GET"]}}],"collection":[{"href":"https:\/\/wolnemotyle.pl\/index.php?rest_route=\/wp\/v2\/pages"}],"about":[{"href":"https:\/\/wolnemotyle.pl\/index.php?rest_route=\/wp\/v2\/types\/page"}],"author":[{"embeddable":true,"href":"https:\/\/wolnemotyle.pl\/index.php?rest_route=\/wp\/v2\/users\/1"}],"replies":[{"embeddable":true,"href":"https:\/\/wolnemotyle.pl\/index.php?rest_route=%2Fwp%2Fv2%2Fcomments&post=258"}],"version-history":[{"count":4,"href":"https:\/\/wolnemotyle.pl\/index.php?rest_route=\/wp\/v2\/pages\/258\/revisions"}],"predecessor-version":[{"id":262,"href":"https:\/\/wolnemotyle.pl\/index.php?rest_route=\/wp\/v2\/pages\/258\/revisions\/262"}],"wp:attachment":[{"href":"https:\/\/wolnemotyle.pl\/index.php?rest_route=%2Fwp%2Fv2%2Fmedia&parent=258"}],"curies":[{"name":"wp","href":"https:\/\/api.w.org\/{rel}","templated":true}]}}