{"id":328,"date":"2026-01-07T00:21:51","date_gmt":"2026-01-06T23:21:51","guid":{"rendered":"https:\/\/wolnemotyle.pl\/?page_id=328"},"modified":"2026-01-07T00:32:05","modified_gmt":"2026-01-06T23:32:05","slug":"kontakt-o-mnie","status":"publish","type":"page","link":"https:\/\/wolnemotyle.pl\/?page_id=328","title":{"rendered":"Kontakt \/ O mnie"},"content":{"rendered":"\n<p>Nazywam si\u0119 Sebastian Kusztal&#8230; i przewa\u017cnie tutaj si\u0119 zatrzymuj\u0119, poniewa\u017c to kim jestem, nie jest tak naprawd\u0119 wa\u017cne. <\/p>\n\n\n\n<p>Je\u015bli jednak masz pytanie&#8230; (wolnemotylepl@gmail.com)&#8230; ju\u017c wiesz co robi\u0107.<\/p>\n\n\n\n<p><\/p>\n","protected":false},"excerpt":{"rendered":"<p>Nazywam si\u0119 Sebastian Kusztal&#8230; i przewa\u017cnie tutaj si\u0119 zatrzymuj\u0119, poniewa\u017c to kim jestem, nie jest tak naprawd\u0119 wa\u017cne. Je\u015bli jednak masz pytanie&#8230; (wolnemotylepl@gmail.com)&#8230; ju\u017c wiesz co robi\u0107.<\/p>\n","protected":false},"author":1,"featured_media":0,"parent":0,"menu_order":0,"comment_status":"closed","ping_status":"closed","template":"","meta":{"_kad_post_transparent":"","_kad_post_title":"","_kad_post_layout":"narrow","_kad_post_sidebar_id":"","_kad_post_content_style":"","_kad_post_vertical_padding":"","_kad_post_feature":"","_kad_post_feature_position":"","_kad_post_header":false,"_kad_post_footer":false,"_kad_post_classname":"","footnotes":""},"class_list":["post-328","page","type-page","status-publish","hentry"],"_links":{"self":[{"href":"https:\/\/wolnemotyle.pl\/index.php?rest_route=\/wp\/v2\/pages\/328","targetHints":{"allow":["GET"]}}],"collection":[{"href":"https:\/\/wolnemotyle.pl\/index.php?rest_route=\/wp\/v2\/pages"}],"about":[{"href":"https:\/\/wolnemotyle.pl\/index.php?rest_route=\/wp\/v2\/types\/page"}],"author":[{"embeddable":true,"href":"https:\/\/wolnemotyle.pl\/index.php?rest_route=\/wp\/v2\/users\/1"}],"replies":[{"embeddable":true,"href":"https:\/\/wolnemotyle.pl\/index.php?rest_route=%2Fwp%2Fv2%2Fcomments&post=328"}],"version-history":[{"count":3,"href":"https:\/\/wolnemotyle.pl\/index.php?rest_route=\/wp\/v2\/pages\/328\/revisions"}],"predecessor-version":[{"id":335,"href":"https:\/\/wolnemotyle.pl\/index.php?rest_route=\/wp\/v2\/pages\/328\/revisions\/335"}],"wp:attachment":[{"href":"https:\/\/wolnemotyle.pl\/index.php?rest_route=%2Fwp%2Fv2%2Fmedia&parent=328"}],"curies":[{"name":"wp","href":"https:\/\/api.w.org\/{rel}","templated":true}]}}