{"id":331,"date":"2026-01-07T00:26:36","date_gmt":"2026-01-06T23:26:36","guid":{"rendered":"https:\/\/wolnemotyle.pl\/?page_id=331"},"modified":"2026-01-07T00:26:36","modified_gmt":"2026-01-06T23:26:36","slug":"o-autorze","status":"publish","type":"page","link":"https:\/\/wolnemotyle.pl\/?page_id=331","title":{"rendered":"O Autorze"},"content":{"rendered":"\n<p><strong>Stephen Davis<\/strong> prowadzi\u0142 niezwyk\u0142e \u017cycie, kt\u00f3re wymyka si\u0119 prostym etykietom \u2014 po cz\u0119\u015bci naukowiec, po cz\u0119\u015bci poszukiwacz, a zawsze kto\u015b, kto kwestionuje dominuj\u0105ce narracje. Przez lata Stephen pe\u0142ni\u0142 wiele r\u00f3l: by\u0142 muzykiem, \u017co\u0142nierzem, pilotem, senatorem stanowym, programist\u0105, a nawet mened\u017cerem rancza z ko\u0144mi. Pod tymi wszystkimi rolami kryje si\u0119 jednak trwaj\u0105ca ca\u0142e \u017cycie podr\u00f3\u017c duchowych i naukowych poszukiwa\u0144.<\/p>\n\n\n\n<p>Jego g\u0142\u0119bsza droga rozpocz\u0119\u0142a si\u0119 w wieku 19 lat, po przeczytaniu ksi\u0105\u017cki <em>There Is a River<\/em>, biografii Edgara Cayce\u2019a. Ta lektura zapocz\u0105tkowa\u0142a dekady poszukiwa\u0144 g\u0142\u0119bszych prawd \u2014 poprzez wsp\u00f3\u0142prac\u0119 z rodzin\u0105 Cayce\u2019a, czas sp\u0119dzony w kierownictwie scjentologii, badania nad AIDS, kt\u00f3re podwa\u017ca\u0142y medyczn\u0105 ortodoksj\u0119, oraz lata prowadzenia warsztat\u00f3w na ca\u0142ym \u015bwiecie na temat Holograficznego Wszech\u015bwiata.<\/p>\n\n\n\n<p>Powa\u017cny wypadek samochodowy w 2003 roku doprowadzi\u0142 do dramatycznej zmiany w jego \u017cyciu, co umo\u017cliwi\u0142o mu p\u00f3\u017aniej napisanie pierwszej ksi\u0105\u017cki o fizyce kwantowej i holograficznej naturze wszech\u015bwiata \u2014 <em>Butterflies Are Free to Fly: A New and Radical Approach to Spiritual Evolution<\/em>, pobranej przez ponad 100 000 czytelnik\u00f3w. W ci\u0105gu ostatnich dw\u00f3ch dekad Stephen pod\u0105\u017ca\u0142 za t\u0105 pasj\u0105, kontynuuj\u0105c badania nad wy\u0142aniaj\u0105c\u0105 si\u0119 nauk\u0105 stoj\u0105c\u0105 za holograficznym modelem rzeczywisto\u015bci.<\/p>\n\n\n\n<p>Obecnie, b\u0119d\u0105c po siedemdziesi\u0105tce, Stephen nadal podwa\u017ca stare paradygmaty i zaprasza czytelnik\u00f3w do spojrzenia na rzeczywisto\u015b\u0107 w zupe\u0142nie nowy spos\u00f3b. Jego najnowsza ksi\u0105\u017cka to <em>Hacking the Hologram: Challenging Age-Old Beliefs &amp; Behaviors on a Journey Through the Illusions of Reality<\/em>, dost\u0119pna obecnie na Amazonie w wersji Kindle oraz jako audiobook.<\/p>\n\n\n\n<p><\/p>\n","protected":false},"excerpt":{"rendered":"<p>Stephen Davis prowadzi\u0142 niezwyk\u0142e \u017cycie, kt\u00f3re wymyka si\u0119 prostym etykietom \u2014 po cz\u0119\u015bci naukowiec, po cz\u0119\u015bci poszukiwacz, a zawsze kto\u015b, kto kwestionuje dominuj\u0105ce narracje. Przez lata Stephen pe\u0142ni\u0142 wiele r\u00f3l: by\u0142 muzykiem, \u017co\u0142nierzem, pilotem, senatorem stanowym, programist\u0105, a nawet mened\u017cerem rancza z ko\u0144mi. Pod tymi wszystkimi rolami kryje si\u0119 jednak trwaj\u0105ca ca\u0142e \u017cycie podr\u00f3\u017c duchowych&#8230;<\/p>\n","protected":false},"author":1,"featured_media":0,"parent":0,"menu_order":0,"comment_status":"closed","ping_status":"closed","template":"","meta":{"_kad_post_transparent":"","_kad_post_title":"","_kad_post_layout":"narrow","_kad_post_sidebar_id":"","_kad_post_content_style":"","_kad_post_vertical_padding":"","_kad_post_feature":"","_kad_post_feature_position":"","_kad_post_header":false,"_kad_post_footer":false,"_kad_post_classname":"","footnotes":""},"class_list":["post-331","page","type-page","status-publish","hentry"],"_links":{"self":[{"href":"https:\/\/wolnemotyle.pl\/index.php?rest_route=\/wp\/v2\/pages\/331","targetHints":{"allow":["GET"]}}],"collection":[{"href":"https:\/\/wolnemotyle.pl\/index.php?rest_route=\/wp\/v2\/pages"}],"about":[{"href":"https:\/\/wolnemotyle.pl\/index.php?rest_route=\/wp\/v2\/types\/page"}],"author":[{"embeddable":true,"href":"https:\/\/wolnemotyle.pl\/index.php?rest_route=\/wp\/v2\/users\/1"}],"replies":[{"embeddable":true,"href":"https:\/\/wolnemotyle.pl\/index.php?rest_route=%2Fwp%2Fv2%2Fcomments&post=331"}],"version-history":[{"count":1,"href":"https:\/\/wolnemotyle.pl\/index.php?rest_route=\/wp\/v2\/pages\/331\/revisions"}],"predecessor-version":[{"id":332,"href":"https:\/\/wolnemotyle.pl\/index.php?rest_route=\/wp\/v2\/pages\/331\/revisions\/332"}],"wp:attachment":[{"href":"https:\/\/wolnemotyle.pl\/index.php?rest_route=%2Fwp%2Fv2%2Fmedia&parent=331"}],"curies":[{"name":"wp","href":"https:\/\/api.w.org\/{rel}","templated":true}]}}