{"id":39,"date":"2025-12-27T19:11:24","date_gmt":"2025-12-27T18:11:24","guid":{"rendered":"https:\/\/wolnemotyle.pl\/?page_id=39"},"modified":"2026-01-05T22:14:36","modified_gmt":"2026-01-05T21:14:36","slug":"rozdzial-5-pole","status":"publish","type":"page","link":"https:\/\/wolnemotyle.pl\/?page_id=39","title":{"rendered":"ROZDZIA\u0141 5 &#8211; Pole"},"content":{"rendered":"\n<p>       Elektrony s\u0105 zar\u00f3wno falami, jak i cz\u0105stkami? W jednej minucie zachowuj\u0105 si\u0119 jak cz\u0105steczka, a w nast\u0119pnej jak fala?<\/p>\n\n\n\n<p>&nbsp;&nbsp;&nbsp;&nbsp;&nbsp;&nbsp;&nbsp;W tamtym czasie nikt nie m\u00f3g\u0142 naprawd\u0119 uwierzy\u0107, \u017ce cokolwiek z tego by\u0142o rzeczywi\u015bcie prawd\u0105. Co\u015b musi by\u0107 nie tak, my\u015bleli\u2026.<\/p>\n\n\n\n<p>&nbsp;&nbsp;&nbsp;&nbsp;&nbsp;&nbsp;&nbsp;Dlatego naukowcy zmodyfikowali eksperyment, aby \u201eobserwowa\u0107\u201d (za pomoc\u0105 urz\u0105dzenia pomiarowego) pojedynczy elektron przechodz\u0105cy przez podw\u00f3jne szczeliny, aby sprawdzi\u0107, czy naprawd\u0119 zachowuje si\u0119 jak fala, a nie jak cz\u0105stka.&nbsp;<\/p>\n\n\n\n<figure class=\"wp-block-image size-full\"><img loading=\"lazy\" decoding=\"async\" width=\"556\" height=\"344\" src=\"https:\/\/wolnemotyle.pl\/wp-content\/uploads\/2025\/12\/image-13.png\" alt=\"\" class=\"wp-image-40\" srcset=\"https:\/\/wolnemotyle.pl\/wp-content\/uploads\/2025\/12\/image-13.png 556w, https:\/\/wolnemotyle.pl\/wp-content\/uploads\/2025\/12\/image-13-300x186.png 300w\" sizes=\"auto, (max-width: 556px) 100vw, 556px\" \/><\/figure>\n\n\n\n<p><strong>&nbsp;&nbsp;&nbsp;&nbsp;&nbsp;&nbsp;<\/strong>&nbsp;Jednak w chwili, gdy obserwowali elektron, wydarzy\u0142a si\u0119 jeszcze dziwniejsza rzecz. Na ekranie pojawi\u0142 si\u0119 standardowy wz\u00f3r \u201ecz\u0105stek\u201d, kt\u00f3ry wygl\u0105da\u0142 dok\u0142adnie tak, jakby wystrzelili kulki przez dwie szczeliny.&nbsp;<\/p>\n\n\n\n<figure class=\"wp-block-image size-full\"><img loading=\"lazy\" decoding=\"async\" width=\"555\" height=\"332\" src=\"https:\/\/wolnemotyle.pl\/wp-content\/uploads\/2025\/12\/image-14.png\" alt=\"\" class=\"wp-image-41\" srcset=\"https:\/\/wolnemotyle.pl\/wp-content\/uploads\/2025\/12\/image-14.png 555w, https:\/\/wolnemotyle.pl\/wp-content\/uploads\/2025\/12\/image-14-300x179.png 300w\" sizes=\"auto, (max-width: 555px) 100vw, 555px\" \/><\/figure>\n\n\n\n<p>&nbsp;&nbsp;&nbsp;&nbsp;&nbsp;&nbsp;&nbsp;Prosta czynno\u015b\u0107 \u201eobserwowania\u201d elektronu oznacza\u0142a, \u017ce powr\u00f3ci\u0142 on do zachowywania si\u0119 jak cz\u0105stka zamiast jak fala, a zatem przeszed\u0142 tylko przez jedn\u0105 szczelin\u0119, a nie obie, i utworzy\u0142 wz\u00f3r podobny do wzoru jakie tworzy\u0142y kulki.<\/p>\n\n\n\n<p>&nbsp;&nbsp;&nbsp;&nbsp;&nbsp;&nbsp;&nbsp;Tak wi\u0119c\u2026 ostateczny wniosek jest taki: w swoim naturalnym stanie elektron jest raczej fal\u0105 ni\u017c cz\u0105steczk\u0105, dop\u00f3ki nie zostanie zaobserwowany. Wtedy staje si\u0119 cz\u0105stk\u0105 o ustalonej pozycji w przestrzeni i czasie.&nbsp;<\/p>\n\n\n\n<p>&nbsp;&nbsp;&nbsp;&nbsp;&nbsp;&nbsp;&nbsp;<em>&nbsp;\u201eElektron jest bardzo osobliwy w tym sensie, \u017ce kiedy nie patrzysz, elektron mo\u017ce by\u0107 tutaj, mo\u017ce by\u0107 tam lub mo\u017ce by\u0107 tam\u2026. Mo\u017ce by\u0107 w ca\u0142ym pokoju, \u017ce tak powiem. Ale za ka\u017cdym razem, gdy patrzymy \u2013 to jest dziwna rzecz w tym elektronie \u2013 zawsze znajdujemy je w jednym konkretnym liczniku Geigera, chocia\u017c mamy pok\u00f3j pe\u0142en licznik\u00f3w Geigera. To jest fundamentalnie wa\u017cna rzecz dotycz\u0105ca <\/em><a href=\"https:\/\/www.amazon.com\/What-Bleep-QUANTUM-Three-Disc-Special\/dp\/B000FKO3JO\/ref=sr_1_1?ie=UTF8&amp;s=dvd&amp;qid=1283114847&amp;sr=8-1\"><em>elektron\u00f3w<\/em><\/a><em>\u201d<\/em><\/p>\n\n\n\n<p><em>&nbsp;&nbsp;&nbsp;&nbsp;&nbsp;&nbsp;&nbsp;&nbsp;&nbsp;\u201eIstniej\u0105 przekonuj\u0105ce dowody na to, \u017ce jedyne kwanty czasu*, jakie kiedykolwiek pojawiaj\u0105 si\u0119 w postaci cz\u0105stek, to kiedy na nie patrzymy. Kiedy nie patrzy si\u0119 na elektron, zawsze jest <\/em><a href=\"https:\/\/www.amazon.com\/Holographic-Universe-Michael-Talbot\/dp\/0060922583\/ref=sr_1_1?ie=UTF8&amp;s=books&amp;qid=1283161280&amp;sr=8-1\"><em>fal\u0105\u201d.<\/em><\/a><em>&nbsp;<\/em><\/p>\n\n\n\n<p><em>&nbsp;&nbsp;&nbsp;&nbsp;&nbsp;&nbsp;&nbsp;&nbsp;&nbsp;(*<\/em>We wczesnych latach 90-tych, naukowcy zacz\u0119li u\u017cywa\u0107 poj\u0119cia \u201ckwantowy\u201d odnosz\u0105c si\u0119 do energii powi\u0105zanej z elektronem&nbsp; poruszaj\u0105cym si\u0119 wok\u00f3\u0142 atomu, co skutkuje stabilno\u015bci\u0105 atom\u00f3w i materii w og\u00f3le. Czyli \u201cmechanika kwantowa\u201d a teraz bardziej znana jako \u201cfizyka kwantowa\u201d , zajmuje si\u0119 badaniem elektron\u00f3w i ich energii.&nbsp;<\/p>\n\n\n\n<p><em>\u201cS\u0142owo \u201ckwantowy\u201d jest r\u00f3wnie\u017c synonimem z \u201c fala\/cz\u0105steczka,\u201d&nbsp; zwrotem, kt\u00f3ry jest u\u017cywany odno\u015bnie czego\u015b co ma w\u0142a\u015bciwo\u015bci zar\u00f3wno&nbsp; fali jak i <\/em><a href=\"https:\/\/www.amazon.com\/Holographic-Universe-Michael-Talbot\/dp\/0060922583\/ref=sr_1_1?ie=UTF8&amp;s=books&amp;qid=1283161280&amp;sr=8-1\"><em>cz\u0105steczki.&nbsp;<\/em><\/a><\/p>\n\n\n\n<p>&nbsp;&nbsp;&nbsp;&nbsp;&nbsp;&nbsp;&nbsp;&nbsp;&nbsp;To jest naprawd\u0119 radykalne &#8211; elektron jest fal\u0105 i kiedy zaczyna by\u0107 obserwowany, zamienia si\u0119 w cz\u0105steczk\u0119!&nbsp;<\/p>\n\n\n\n<p>&nbsp;&nbsp;&nbsp;&nbsp;&nbsp;&nbsp;&nbsp;&nbsp;&nbsp;Konsekwencje tego s\u0105 ogromne. Oznacza to, \u017ce rzeczywisto\u015b\u0107 &#8211; fizyczny wszech\u015bwiat o kt\u00f3rym zawsze my\u015bleli\u015bmy \u017ce jest \u201csolidny i przewidywalny\u201d &#8211; nie jest wcale solidny ani&nbsp; przewidywalny, poniewaz podstawowymi budulcami tego wszechswiata nie s\u0105 cz\u0105stki materii, ale fale prawdopodobie\u0144stwa&nbsp; &#8211; fale potencjalnych lokalizacji gdzie elektron mo\u017ce pojawi\u0107 si\u0119 wtedy, kiedy jest obserwowany.<\/p>\n\n\n\n<p>&nbsp;&nbsp;&nbsp;&nbsp;&nbsp;&nbsp;&nbsp;&nbsp;&nbsp;Ale kim jest ten, kt\u00f3ry obserwuje? I w jaki spos\u00f3b obserwator zmienia elektron z fali w cz\u0105stk\u0119?&nbsp;<\/p>\n\n\n\n<p>&nbsp;&nbsp;&nbsp;&nbsp;&nbsp;&nbsp;&nbsp;&nbsp;&nbsp;W tym momencie nie jest \u0142atwo dok\u0142adnie odpowiedzie\u0107 na pierwsze pytanie. Obserwatorem mo\u017ce by\u0107 cz\u0142owiek patrz\u0105cy na cos; moze byc to maszyna albo urz\u0105dzenie ustawione na obserwowanie, nagrywanie, albo na mierzenie czegos; moze to byc doslownie wszystko, co pr\u00f3buje \u201ezobaczy\u0107\u201dco\u015b \u201etam\u201d w fizycznym wszech\u015bwiecie. Ale jest inny poziom odpowiedzi kt\u00f3ry potrzebuje wi\u0119cej informacji, zanim b\u0119dzie mia\u0142o sens; wi\u0119c b\u0119dziemy musieli poczeka\u0107.&nbsp;<\/p>\n\n\n\n<p>&nbsp;&nbsp;&nbsp;&nbsp;&nbsp;&nbsp;&nbsp;&nbsp;W tej chwili warto powt\u00f3rzy\u0107 nieuniknione wnioski z eksperymentu \u201cPodw\u00f3jnej Szczeliny\u201d: Zgodnie z fizyk\u0105 kwantow\u0105, atomy (j\u0105dro i elektrony), kt\u00f3re tworz\u0105 wszech\u015bwiat fizyczny, kt\u00f3ry uwa\u017camy za tak solidny i tak rzeczywisty, tylko wydaje si\u0119, \u017ce jest solidny i rzeczywisty, gdy jest obserwowany. Kiedy nie jest obserwowany, wraca do stanu fali niesko\u0144czonych mo\u017cliwych lokalizacji.<\/p>\n\n\n\n<p>&nbsp;&nbsp;&nbsp;&nbsp;&nbsp;&nbsp;&nbsp;&nbsp;(\u017beby zobaczy\u0107 kr\u00f3tkie i bardzo dobrze zrobione video o tym jak \u201cobserwator\u201d ma wp\u0142yw na eksperyment z podw\u00f3jn\u0105 szczelin\u0105, kliknij <a href=\"https:\/\/drive.google.com\/file\/d\/0By9X7CaHqt8NX083aGliUzFIcmc\/view?resourcekey=0-gQOvwAFOjLwm6JFOLwHlPQ\">tutaj<\/a>. )<\/p>\n\n\n\n<p>&nbsp;&nbsp;&nbsp;&nbsp;&nbsp;&nbsp;&nbsp;&nbsp;A wi\u0119c teraz porozmawiajmy jak obserwator zmienia elektron z fali w cz\u0105steczk\u0119\u2026<\/p>\n\n\n\n<p>&nbsp;&nbsp;&nbsp;&nbsp;&nbsp;&nbsp;&nbsp;&nbsp;Chwila! Nikt tak naprawde nie zna odpowiedz na pytanie jak &#8211; albo dlaczego &#8211; obserwator zmienia elektron z fali w cz\u0105steczk\u0119. Eksperci mog\u0105 tylko spekulowa\u0107\u2026<\/p>\n\n\n\n<p><em>&nbsp;&nbsp;&nbsp;&nbsp;&nbsp;&nbsp;&nbsp;&nbsp;&nbsp;\u201eCz\u0105stki naprawd\u0119 nie s\u0105 tym, czym wydaj\u0105 si\u0119 by\u0107. S\u0105 chwilowymi przejawami,<\/em> <em>chwilowymi \u201ewyskokami\u201d tej kwantowej funkcji falowej, w kt\u00f3rej nie ma cz\u0105stki \u2013<\/em> <em>jest tylko ta falisto\u015b\u0107, kt\u00f3ra mo\u017ce spontanicznie wyskoczy\u0107 jako cz\u0105stki.\u201d<\/em><\/p>\n\n\n\n<p class=\"has-text-align-right\" style=\"font-size:14px\">Wolf, Fred Alan, Ph.D., theoretical physicist.<a href=\"https:\/\/www.amazon.com\/What-Bleep-QUANTUM-Three-Disc-Special\/dp\/B000FKO3JO\/ref=sr_1_1?ie=UTF8&amp;s=dvd&amp;qid=1283114847&amp;sr=8-1\"> What the Bleep!? \u2013 Down the Rabbit Hole<\/a><\/p>\n\n\n\n<p>&nbsp;&nbsp;&nbsp;&nbsp;&nbsp;&nbsp;&nbsp;&nbsp;Innymi s\u0142owy, gdy elektron jest ogl\u0105dany przez obserwatora, te fale mo\u017cliwo\u015bci \u201ewyskakuj\u0105\u201d i obieraj\u0105 okre\u015blone po\u0142o\u017cenie w czasie i przestrzeni, co my postrzegamy&nbsp; jako \u201erzeczywisto\u015b\u0107\u201d. Nazywa si\u0119 to \u201eza\u0142amaniem funkcji falowej\u201d.<\/p>\n\n\n\n<p>&nbsp;&nbsp;&nbsp;&nbsp;&nbsp;&nbsp;\u201eZa\u0142amanie si\u0119 funkcji falowej\u201d mo\u017cna bardzo skutecznie wyja\u015bni\u0107 i przewidzie\u0107 matematycznie, u\u017cywaj\u0105c z\u0142o\u017conej matematyki kwantowej; ale bardzo trudno to opisa\u0107 w \u0142atwym polskim lub angielskim. Zasadniczo oznacza to, \u017ce elektron normalnie \u017cyje w stanie fali (funkcja falowa ), kt\u00f3ra zawiera wiele mo\u017cliwo\u015bci, gdzie mo\u017ce znale\u017a\u0107 si\u0119 jako cz\u0105stka; i kiedy obserwuje si\u0119 elektron, te wielokrotne stany falowe s\u0105 \u201eza\u0142amywane\u201d do jednego stanu,&nbsp;stanu bycia cz\u0105stk\u0105 w okre\u015blonej lokalizacji.<\/p>\n\n\n\n<p>&nbsp;&nbsp;&nbsp;&nbsp;&nbsp;&nbsp;&nbsp;Fizyk Nick Herbert m\u00f3wi, \u017ce to czasami sprawia, \u017ce \u200b\u200bwyobra\u017ca sobie, \u017ce za naszymi plecami, \u015bwiat (na kt\u00f3ry nie patrzymy i nie mo\u017cemy obserwowa\u0107) jest zawsze \u201eradykaln\u0105 niejednoznaczn\u0105 i nieustannie p\u0142yn\u0105c\u0105 zup\u0105 kwantow\u0105\u2026<\/p>\n\n\n\n<p class=\"has-text-align-right\" style=\"font-size:14px\">Herbert, Nick. \u201cHow Large is Starlight: A Brief Look at Quantum Reality,\u201d Revision 10, no. 1 (Summer 1987), pp. 31-35<\/p>\n\n\n\n<p>\u2026Ale kiedy tylko pr\u00f3bujemy odwr\u00f3ci\u0107 si\u0119 aby zobaczy\u0107 zup\u0119, nasze spojrzenie natychmiast j\u0105 zamra\u017ca i zamienia z powrotem w \u201erzeczywisto\u015b\u0107\u201d. Herbert wierzy, \u017ce dzi\u0119ki temu wszyscy jeste\u015bmy troch\u0119 podobni do Midasa, legendarnego kr\u00f3la, kt\u00f3ry nigdy nie zna\u0142 uczucia jedwabiu lub pieszczoty ludzkiej d\u0142oni, poniewa\u017c wszystko, czego dotkn\u0105\u0142, zamienia\u0142o si\u0119 w z\u0142oto.\u201ePodobnie ludzie nigdy nie mog\u0105 do\u015bwiadczy\u0107 prawdziwej tekstury rzeczywisto\u015bci kwantowej, poniewa\u017c wszystko, czego dotykamy, zamienia si\u0119 w materie\u201d.&nbsp;<\/p>\n\n\n\n<p>&nbsp;&nbsp;&nbsp;&nbsp;&nbsp;&nbsp;&nbsp;Wi\u0119c gdzie s\u0105 te wszystkie elektrony \u017cyj\u0105ce jako fale mo\u017cliwo\u015bci, kiedy nikt ich nie obserwuje i za\u0142amuje ich funkcj\u0119 falow\u0105 w cz\u0105stk\u0119?<\/p>\n\n\n\n<p>&nbsp;&nbsp;&nbsp;&nbsp;&nbsp;&nbsp;&nbsp;Odpowied\u017a na to pytanie przesz\u0142a wiele zmian przez te wszystkie lata i w miar\u0119 post\u0119pu bada\u0144 odpowiedzi by\u0142o wiele:<\/p>\n\n\n\n<p>~ \u201eSkala Plancka\u201d (opracowana przez fizyka Maxa Plancka)<\/p>\n\n\n\n<p>~ \u201eukryty porz\u0105dek\u201d (opracowany przez fizyka Davida Bohma)<\/p>\n\n\n\n<p>~ \u201estan pr\u00f3\u017cni\u201d<\/p>\n\n\n\n<p>~ \u201efunkcja fal kwantowych\u201d<\/p>\n\n\n\n<p>~ \u201epole punktu zerowego\u201d<\/p>\n\n\n\n<p>~ \u201epole super strunowe\u201d<\/p>\n\n\n\n<p>~ pole \u201eM\u201d<\/p>\n\n\n\n<p>~ \u201eujednolicone pole\u201d<\/p>\n\n\n\n<p>&nbsp;&nbsp;&nbsp;&nbsp;&nbsp;&nbsp;Dzi\u015b nazywa si\u0119 to g\u0142\u00f3wnie po prostu \u201ePolem\u201d. W swojej ksi\u0105\u017cce \u201cThe Field\u201d Lynn McTaggert definiuje je po prostu jako \u201epole wszelkich mo\u017cliwo\u015bci\u201d<\/p>\n\n\n\n<p class=\"has-text-align-right\" style=\"font-size:14px\">McTaggert, Lynne. <a href=\"https:\/\/www.amazon.com\/Field-Quest-Secret-Force-Universe\/dp\/006143518X\/ref=sr_1_1?ie=UTF8&amp;s=books&amp;qid=1283166473&amp;sr=8-1\">The Field: The Quest for the Secret Force of the Universe<\/a>, p. xxi.<\/p>\n\n\n\n<p>&nbsp;&nbsp;&nbsp;&nbsp;&nbsp;Wszystko, o czym mo\u017cesz pomy\u015ble\u0107 i wszystko, o czym nie mo\u017cesz pomy\u015ble\u0107, i wszystko o czym nikt nie mo\u017ce pomy\u015ble\u0107,&nbsp; ju\u017c istnieje w&nbsp; tym Polu jako fale mo\u017cliwo\u015bci.<\/p>\n\n\n\n<p>&nbsp;&nbsp;&nbsp;&nbsp;&nbsp;Dr John Hagelin wyja\u015bnia\u2026<\/p>\n\n\n\n<blockquote class=\"wp-block-quote is-layout-flow wp-block-quote-is-layout-flow\">\n<p>&nbsp;&nbsp;<em>&nbsp;&nbsp;&nbsp;\u201ePost\u0119p w naszym zrozumieniu wszech\u015bwiata poprzez fizyk\u0119 w ci\u0105gu ostatniego \u0107wier\u0107wiecza,&nbsp; bada\u0142 g\u0142\u0119bsze poziomy prawa naturalnego, od makroskopowego, do mikroskopowego, od molekularnego do atomowego, od j\u0105drowego do subj\u0105drowego poziomu funkcjonowania natury\u2026. i to, co odkryli\u015bmy u podstaw wszech\u015bwiata, fundamentem wszech\u015bwiata jest to jedno uniwersalne pole inteligencji\u2026. Wi\u0119c wszystkie si\u0142y natury i wszystkie tak zwane \u201ecz\u0105stki\u201d natury\u2026 s\u0105 teraz rozumiane jako\u2026r\u00f3\u017cne fale na jednym oceanie istnienia\u2026. Nazywa si\u0119 to \u201ezunifikowanym polem\u201d lub \u201epolem superstrun\u201d, u podstaw wszystkiego \u2013 umys\u0142u i materii\u2026. To pole jest polem niematerialnym. Planety, drzewa, ludzie, zwierz\u0119ta to tylko fale wibracji tego podstawowego zunifikowanego pola superstrunowego\u2026. Jest \u017ar\u00f3d\u0142em wszystkich praw natury; Wszystkie podstawowe si\u0142y, wszystkie fundamentalne cz\u0105stki, wszystkie prawa rz\u0105dz\u0105ce \u017cyciem na ka\u017cdym poziomie wszech\u015bwiata ma swoje zunifikowane \u017ar\u00f3d\u0142o w zunifikowanym polu\u2026. To czysty abstrakcyjny potencja\u0142, kt\u00f3ry wznosi si\u0119 w falach wibracji, aby da\u0107 pocz\u0105tek cz\u0105steczkom, ludziom, wszystkiemu, co widzimy w rozleg\u0142ym wszech\u015bwiecie\u2026. To nie jest \u015bwiat elektron\u00f3w; to jest \u015bwiat potencjalnych elektron\u00f3w\u2026. I w\u0142a\u015bnie z tego jeste\u015bmy stworzeni.<\/em><\/p>\n<\/blockquote>\n\n\n\n<p class=\"has-text-align-right\" style=\"font-size:14px\">Hagelin, John, Ph.D., Physics Professor, Maharishi University. What the Bleep!? \u2013 Down the Rabbit Hole<\/p>\n\n\n\n<p>&nbsp;&nbsp;&nbsp;&nbsp;&nbsp;&nbsp;\u2026a Dr. Fred Alan Wolf uj\u0105\u0142 to w ten spos\u00f3b:<\/p>\n\n\n\n<blockquote class=\"wp-block-quote is-layout-flow wp-block-quote-is-layout-flow\">\n<p><em>&nbsp;&nbsp;&nbsp;&nbsp;&nbsp;&nbsp;\u201eFizycy nadaj\u0105 temu nazw\u0119; nazywaj\u0105 to \u201e kwantow\u0105 funkcj\u0105 fali\u201d, poniewa\u017c wydaje si\u0119<\/em> <em>\u201efalista\u201d. Jednak ta funkcja falowa nie jest tylko fal\u0105 materii, tak\u0105 jak fala oceaniczna lub<\/em> <em>fala d\u017awi\u0119kowa lub jakakolwiek fala materii. To fala mo\u017cliwo\u015bci; jest to rodzaj \u201efali my\u015bli\u201d. A poniewa\u017c jest to fala my\u015bli, albo mo\u017cliwo\u015bci, albo \u201enie materii\u201d, jest to&nbsp; niewidoczne dla nas. Nie mo\u017cemy jednak wyja\u015bni\u0107, co widzimy jako materi\u0119\u2026 chyba \u017ce sobie wyobrazimy te cz\u0105stki materii, \u017ce&nbsp; w jaki\u015b spos\u00f3b wychodz\u0105 lub wy\u0142aniaj\u0105 si\u0119 z tych wzor\u00f3w fal my\u015blowych.\u201d<\/em><\/p>\n<\/blockquote>\n\n\n\n<p class=\"has-text-align-right\" style=\"font-size:14px\"><em>Wolf, Fred Alan<\/em><\/p>\n\n\n\n<p>&nbsp;&nbsp;&nbsp;&nbsp;&nbsp;&nbsp;&nbsp;(Mo\u017cesz obejrze\u0107 wywiad o \u201cPolu\u201d z Dr. Hagelinem i Wolfem <a href=\"https:\/\/drive.google.com\/file\/d\/0By9X7CaHqt8NM29Ka19nUEs5VDg\/view?resourcekey=0-8tYMRbvG8dLzH638yh0jeA\">tutaj<\/a>.&nbsp;)<\/p>\n\n\n\n<p>&nbsp;&nbsp;&nbsp;&nbsp;&nbsp;&nbsp;Problem w tym, \u017ce nikt nie jest w stanie udowodni\u0107, \u017ce Pole istnieje. Nie mo\u017cesz tego zobaczy\u0107; nie mo\u017cesz tego sfotografowa\u0107, nie mo\u017cesz tego zmierzy\u0107; nie mo\u017cesz trzyma\u0107 go w d\u0142oni. Ale kiedy fizycy kwantowi zak\u0142adaj\u0105, \u017ce istnieje Pole, mog\u0105 tworzy\u0107 niewiarygodnie dok\u0142adne przewidywania\/obliczenia matematyczne dotycz\u0105ce fizycznego wszech\u015bwiata i jego zachowania, czego nie mog\u0105 zrobi\u0107 bez wzi\u0119cia pod uwag\u0119 \u017ce Pole istnieje. Jak powiedzia\u0142 Fred Alan Wolf: \u201e<em>Nie mo\u017cemy wyja\u015bni\u0107 tego, co widzimy jako materi\u0119\u2026 chyba \u017ce wyobra\u017camy sobie, \u017ce te cz\u0105stki materii w jaki\u015b spos\u00f3b wychodz\u0105 z lub wy\u0142aniaj\u0105 si\u0119 z tych wzorc\u00f3w fal my\u015blowych\u201d.<\/em><\/p>\n\n\n\n<p>&nbsp;&nbsp;&nbsp;&nbsp;&nbsp;&nbsp;&nbsp;Pomy\u015bl o tym jak o elektryczno\u015bci. Samej elektryczno\u015bci nie wida\u0107; mo\u017cesz tylko zobaczy\u0107 to co elektryczno\u015b\u0107 wytwarza. Pewien ameryka\u0144ski komik za\u017cartowa\u0142, \u017ce nie zap\u0142aci rachunku za pr\u0105d dop\u00f3ki firma nie poka\u017ce mu pr\u0105du, za kt\u00f3ry p\u0142aci.<\/p>\n\n\n\n<p>&nbsp;&nbsp;&nbsp;&nbsp;&nbsp;&nbsp;&nbsp;Ale mo\u017cemy zobaczy\u0107 \u015bwiat\u0142o jakie wytwarza elektryczno\u015b\u0107 i pr\u0105d i inne efekty, na kt\u00f3rych polegamy ka\u017cdego dnia i uwa\u017camy je za pewnik, a kiedy widzimy te efekty, wiemy, \u017ce elektryczno\u015b\u0107 musi istnie\u0107.<\/p>\n\n\n\n<p>&nbsp;&nbsp;&nbsp;&nbsp;&nbsp;&nbsp;&nbsp;To samo dotyczy \u201cPola\u201d. Nawet je\u015bli nie mo\u017cemy naukowo udowodni\u0107&nbsp; \u017ce istnieje, nic nie ma sensu bez tego w \u015bwietle wynik\u00f3w najnowszych eksperyment\u00f3w.&nbsp;<\/p>\n\n\n\n<p>&nbsp;&nbsp;&nbsp;&nbsp;&nbsp;&nbsp;&nbsp;Inny przyk\u0142ad mo\u017ce pom\u00f3c w wyja\u015bnieniu tego\u2026.<\/p>\n\n\n\n<p>&nbsp;&nbsp;&nbsp;&nbsp;&nbsp;&nbsp;Je\u015bli by\u0142by\u015b Aborygenem mieszkaj\u0105cym na odludziu Australii bez kontaktu ze \u015bwiatem zewn\u0119trznym, i kto\u015b przyni\u00f3s\u0142by Ci radio, m\u00f3g\u0142by\u015b si\u0119 zastanawia\u0107, jak to dzia\u0142a kiedy s\u0142yszysz muzyk\u0119 wychodz\u0105c\u0105 z pude\u0142ka. M\u00f3glbys go nawet rozebra\u0107 na cz\u0119\u015bci, szukaj\u0105c orkiestry bardzo ma\u0142ych ludzi w \u015brodku graj\u0105cych muzyk\u0119 kt\u00f3r\u0105 s\u0142yszysz. Ale po jakim\u015b czasie zda\u0142by\u015b sobie spraw\u0119, \u017ce jedynym sposobem na wyja\u015bnienie tego, jest za\u0142o\u017cenie, \u017ce w powietrzu s\u0105 niewidzialne fale radiowe, a to pude\u0142ko po prostu wychwytuje te fale i przek\u0142ada je na d\u017awi\u0119k \u2013 nawet je\u015bli nie m\u00f3g\u0142by\u015b tego udowodni\u0107.&nbsp;<\/p>\n\n\n\n<p>&nbsp;&nbsp;&nbsp;&nbsp;&nbsp;&nbsp;W ko\u0144cu osi\u0105gn\u0119li\u015bmy punkt ludzkiego zrozumienia \u2013 teraz wspierany przez dowody naukowe \u2013 \u017ce wok\u00f3\u0142 nas s\u0105 fale. Ale tym razem nie s\u0105 radiowe fale, to nie s\u0105 fale oceanu; s\u0105 to fale Pola. To fale mo\u017cliwo\u015b\u0107; a kiedy s\u0105 one \u201eobserwowane\u201d, zamieniaj\u0105 si\u0119 w fizyczny wszech\u015bwiat, kt\u00f3ry widzimy.<\/p>\n\n\n\n<p>&nbsp;&nbsp;&nbsp;&nbsp;&nbsp;&nbsp;Du\u017co wi\u0119cej o tej koncepcji opowiem w dalszych rozdzia\u0142ach. Na razie wystarczy wiedzie\u0107 \u017ce Pole musi istnie\u0107, jest poza przestrzeni\u0105 i czasem i zawiera niesko\u0144czon\u0105 liczb\u0119 mo\u017cliwo\u015bci, ale tylko w formie fali. To pole nie zawiera cz\u0105stek; to nie jest materia; nie jest cz\u0119\u015bci\u0105 fizycznego wszech\u015bwiata. Zamiast tego jest tym, z czego zbudowany jest ca\u0142y wszech\u015bwiat \u2013 z tych fal mo\u017cliwo\u015bci.<\/p>\n\n\n\n<p>&nbsp;&nbsp;&nbsp;&nbsp;&nbsp;&nbsp;&nbsp;Ale jak powsta\u0142o to Pole? Kto to zrobi\u0142? Sk\u0105d to si\u0119 wzi\u0119\u0142o?<\/p>\n\n\n\n<p>&nbsp;&nbsp;&nbsp;&nbsp;&nbsp;&nbsp;&nbsp;Nauka nie ma odpowiedzi na te pytania. Wiedz\u0105 tylko, \u017ce Pole musi istnie\u0107. Wi\u0119c nie b\u0119d\u0119 spekulowa\u0107, jak powsta\u0142o Pole, kto m\u00f3g\u0142 je stworzy\u0107, lub jak zawiera wszystkie mo\u017cliwo\u015bci, bo\u2026 no po prostu dlatego, \u017ce jest to absolutnie niemo\u017cliwe, \u017ce&nbsp; Doros\u0142y Cz\u0142owiek mo\u017ce zrozumie\u0107 lub bezpo\u015brednio do\u015bwiadczy\u0107 czegokolwiek, co dzieje si\u0119 po drugiej stronie Pola. To r\u00f3wnie\u017c stanie si\u0119 ja\u015bniejsze w p\u00f3\u017aniejszych rozdzia\u0142ach.&nbsp;<\/p>\n\n\n\n<p>&nbsp;&nbsp;&nbsp;&nbsp;&nbsp;&nbsp;Kolejne pytanie, kt\u00f3re mo\u017cemy jednak zada\u0107, brzmi: Jak z tego Pola powstaje \u201erzeczywisto\u015b\u0107 fizyczna\u201d?<\/p>\n\n\n\n<p><\/p>\n\n\n\n<p><em><a href=\"https:\/\/wolnemotyle.pl\/?page_id=9\" data-type=\"page\" data-id=\"9\">Powr\u00f3t do spisu tre\u015bci<\/a><\/em><\/p>\n\n\n\n<p><\/p>\n","protected":false},"excerpt":{"rendered":"<p>Elektrony s\u0105 zar\u00f3wno falami, jak i cz\u0105stkami? W jednej minucie zachowuj\u0105 si\u0119 jak cz\u0105steczka, a w nast\u0119pnej jak fala? &nbsp;&nbsp;&nbsp;&nbsp;&nbsp;&nbsp;&nbsp;W tamtym czasie nikt nie m\u00f3g\u0142 naprawd\u0119 uwierzy\u0107, \u017ce cokolwiek z tego by\u0142o rzeczywi\u015bcie prawd\u0105. Co\u015b musi by\u0107 nie tak, my\u015bleli\u2026. &nbsp;&nbsp;&nbsp;&nbsp;&nbsp;&nbsp;&nbsp;Dlatego naukowcy zmodyfikowali eksperyment, aby \u201eobserwowa\u0107\u201d (za pomoc\u0105 urz\u0105dzenia pomiarowego) pojedynczy elektron przechodz\u0105cy przez podw\u00f3jne&#8230;<\/p>\n","protected":false},"author":1,"featured_media":0,"parent":0,"menu_order":0,"comment_status":"closed","ping_status":"closed","template":"","meta":{"_kad_post_transparent":"","_kad_post_title":"","_kad_post_layout":"narrow","_kad_post_sidebar_id":"","_kad_post_content_style":"","_kad_post_vertical_padding":"","_kad_post_feature":"","_kad_post_feature_position":"","_kad_post_header":false,"_kad_post_footer":false,"_kad_post_classname":"","footnotes":""},"class_list":["post-39","page","type-page","status-publish","hentry"],"_links":{"self":[{"href":"https:\/\/wolnemotyle.pl\/index.php?rest_route=\/wp\/v2\/pages\/39","targetHints":{"allow":["GET"]}}],"collection":[{"href":"https:\/\/wolnemotyle.pl\/index.php?rest_route=\/wp\/v2\/pages"}],"about":[{"href":"https:\/\/wolnemotyle.pl\/index.php?rest_route=\/wp\/v2\/types\/page"}],"author":[{"embeddable":true,"href":"https:\/\/wolnemotyle.pl\/index.php?rest_route=\/wp\/v2\/users\/1"}],"replies":[{"embeddable":true,"href":"https:\/\/wolnemotyle.pl\/index.php?rest_route=%2Fwp%2Fv2%2Fcomments&post=39"}],"version-history":[{"count":5,"href":"https:\/\/wolnemotyle.pl\/index.php?rest_route=\/wp\/v2\/pages\/39\/revisions"}],"predecessor-version":[{"id":295,"href":"https:\/\/wolnemotyle.pl\/index.php?rest_route=\/wp\/v2\/pages\/39\/revisions\/295"}],"wp:attachment":[{"href":"https:\/\/wolnemotyle.pl\/index.php?rest_route=%2Fwp%2Fv2%2Fmedia&parent=39"}],"curies":[{"name":"wp","href":"https:\/\/api.w.org\/{rel}","templated":true}]}}