{"id":6,"date":"2025-12-27T17:09:13","date_gmt":"2025-12-27T16:09:13","guid":{"rendered":"https:\/\/wolnemotyle.pl\/?page_id=6"},"modified":"2026-01-14T00:26:23","modified_gmt":"2026-01-13T23:26:23","slug":"wolne-motyle","status":"publish","type":"page","link":"https:\/\/wolnemotyle.pl\/","title":{"rendered":"Wolne Motyle"},"content":{"rendered":"\n<p class=\"has-text-align-center\"><em>Polskie t\u0142umaczenie ksi\u0105\u017cki Stevena Davisa, udost\u0119pnione za zgod\u0105 autora.<\/em><\/p>\n\n\n\n<p class=\"has-text-align-center\"><strong>\u201eButterflies Are Free to Fly: A New and Radical Approach to Spiritual Evolution\u201d<\/strong> to bezp\u0142atna ksi\u0105\u017cka, kt\u00f3ra bada, w jaki spos\u00f3b fizyka kwantowa oraz najnowsze eksperymenty naukowe radykalnie zmieniaj\u0105 nasze rozumienie \u017cycia, rzeczywisto\u015bci i duchowo\u015bci \u2014 oraz oferuj\u0105 nowy <a href=\"https:\/\/wolnemotyle.pl\/?page_id=323\">model<\/a> tego, jak dzia\u0142a wszech\u015bwiat, a tak\u017ce praktyczne wskaz\u00f3wki prowadz\u0105ce ku prawdziwej rado\u015bci, ekscytacji i wewn\u0119trznemu spokojowi.<\/p>\n\n\n\n<p class=\"has-text-align-center\">Ta ksi\u0105\u017cka jest zaproszeniem do spojrzenia na siebie i \u017cycie z innej perspektywy.<br>Nie oferuje gotowych odpowiedzi ani sztywnych zasad.<br>Zamiast tego delikatnie prowadzi ku wolno\u015bci, kt\u00f3ra nie pochodzi z zewn\u0105trz, lecz rodzi si\u0119 w nas samych.<\/p>\n\n\n\n<p class=\"has-text-align-center\">To tekst o:<\/p>\n\n\n\n<ul class=\"wp-block-list\">\n<li>wewn\u0119trznej wolno\u015bci<\/li>\n\n\n\n<li>uwa\u017cno\u015bci<\/li>\n\n\n\n<li>odpuszczaniu tego, co nas ogranicza<\/li>\n\n\n\n<li>powrocie do naturalnej lekko\u015bci bycia<\/li>\n<\/ul>\n\n\n\n<p class=\"has-text-align-center\">Ksi\u0105\u017cka zosta\u0142a udost\u0119pniona <strong>bezp\u0142atnie<\/strong> dla wszystkich polskoj\u0119zycznych czytelnik\u00f3w.<\/p>\n\n\n\n<p class=\"has-text-align-center\">Je\u015bli poczujesz, \u017ce tre\u015b\u0107 by\u0142a dla Ciebie warto\u015bciowa, mo\u017cesz symbolicznie postawi\u0107 kaw\u0119 \u2014<br>ale najwa\u017cniejsze jest samo do\u015bwiadczenie czytania.<\/p>\n\n\n\n<div class=\"wp-block-buttons is-layout-flex wp-block-buttons-is-layout-flex\">\n<div class=\"wp-block-button\" id=\"https:\/\/wolnemotyle.pl\/spis-tresci\"><a class=\"wp-block-button__link wp-element-button\" href=\"https:\/\/wolnemotyle.pl\/?page_id=9\">Czytaj ksi\u0105\u017ck\u0119<\/a><\/div>\n<\/div>\n","protected":false},"excerpt":{"rendered":"<p>Polskie t\u0142umaczenie ksi\u0105\u017cki Stevena Davisa, udost\u0119pnione za zgod\u0105 autora. \u201eButterflies Are Free to Fly: A New and Radical Approach to Spiritual Evolution\u201d to bezp\u0142atna ksi\u0105\u017cka, kt\u00f3ra bada, w jaki spos\u00f3b fizyka kwantowa oraz najnowsze eksperymenty naukowe radykalnie zmieniaj\u0105 nasze rozumienie \u017cycia, rzeczywisto\u015bci i duchowo\u015bci \u2014 oraz oferuj\u0105 nowy model tego, jak dzia\u0142a wszech\u015bwiat, a tak\u017ce&#8230;<\/p>\n","protected":false},"author":1,"featured_media":0,"parent":0,"menu_order":0,"comment_status":"closed","ping_status":"closed","template":"","meta":{"_kad_post_transparent":"","_kad_post_title":"","_kad_post_layout":"narrow","_kad_post_sidebar_id":"","_kad_post_content_style":"","_kad_post_vertical_padding":"","_kad_post_feature":"","_kad_post_feature_position":"","_kad_post_header":false,"_kad_post_footer":false,"_kad_post_classname":"","footnotes":""},"class_list":["post-6","page","type-page","status-publish","hentry"],"_links":{"self":[{"href":"https:\/\/wolnemotyle.pl\/index.php?rest_route=\/wp\/v2\/pages\/6","targetHints":{"allow":["GET"]}}],"collection":[{"href":"https:\/\/wolnemotyle.pl\/index.php?rest_route=\/wp\/v2\/pages"}],"about":[{"href":"https:\/\/wolnemotyle.pl\/index.php?rest_route=\/wp\/v2\/types\/page"}],"author":[{"embeddable":true,"href":"https:\/\/wolnemotyle.pl\/index.php?rest_route=\/wp\/v2\/users\/1"}],"replies":[{"embeddable":true,"href":"https:\/\/wolnemotyle.pl\/index.php?rest_route=%2Fwp%2Fv2%2Fcomments&post=6"}],"version-history":[{"count":7,"href":"https:\/\/wolnemotyle.pl\/index.php?rest_route=\/wp\/v2\/pages\/6\/revisions"}],"predecessor-version":[{"id":377,"href":"https:\/\/wolnemotyle.pl\/index.php?rest_route=\/wp\/v2\/pages\/6\/revisions\/377"}],"wp:attachment":[{"href":"https:\/\/wolnemotyle.pl\/index.php?rest_route=%2Fwp%2Fv2%2Fmedia&parent=6"}],"curies":[{"name":"wp","href":"https:\/\/api.w.org\/{rel}","templated":true}]}}