{"id":78,"date":"2025-12-28T00:09:19","date_gmt":"2025-12-27T23:09:19","guid":{"rendered":"https:\/\/wolnemotyle.pl\/?page_id=78"},"modified":"2026-01-07T23:49:40","modified_gmt":"2026-01-07T22:49:40","slug":"rozdzial-6-hologram","status":"publish","type":"page","link":"https:\/\/wolnemotyle.pl\/?page_id=78","title":{"rendered":"ROZDZIA\u0141 6 &#8211; Hologram"},"content":{"rendered":"\n<p>     W jaki spos\u00f3b z \u201cPola\u201d, tworzona jest \u201c rzeczywisto\u015b\u0107\u201d?<\/p>\n\n\n\n<p>&nbsp;&nbsp;&nbsp;&nbsp;&nbsp;Wi\u0119kszo\u015b\u0107 fizyk\u00f3w kwantowych zgadza si\u0119, \u017ce jest to proces podobny do tworzenia hologramu. Innymi s\u0142owy, wszech\u015bwiat kt\u00f3ry widzimy, jest \u201cholograficznym wszech\u015bwiatem.\u201d<\/p>\n\n\n\n<blockquote class=\"wp-block-quote is-layout-flow wp-block-quote-is-layout-flow\">\n<p>&nbsp;&nbsp;<em>&nbsp;&nbsp;&nbsp;\u201eKiedy patrzymy na niekt\u00f3re naukowe pogl\u0105dy na \u201erzeczywisto\u015b\u0107\u201d, kt\u00f3re pr\u00f3bowa\u0142y zej\u015b\u0107,<\/em> <em>w d\u00f3\u0142, a\u017c do sedna, widzimy na jego ostatecznym poziomie\u2026 \u017ce rzeczywisto\u015b\u0107 nie jest solidna \u2013 to jest w wi\u0119kszo\u015bci pusta przestrze\u0144 \u2013 a jakakolwiek jej solidno\u015b\u0107 wydaje si\u0119 bardziej przypomina\u0107 holograficzny obraz, a nie materialna, surowa, solidna rzeczywisto\u015b\u0107.\u201d<\/em><\/p>\n<\/blockquote>\n\n\n\n<p class=\"has-text-align-right\" style=\"font-size:11px\">Ledwith, Miceal, Ph.D., Professor of Systematic Theology, Maynooth College, Ireland. What the Bleep!? \u2013 <a href=\"https:\/\/www.cda.pl\/video\/205422326\">Down the Rabbit Hole<\/a><\/p>\n\n\n\n<blockquote class=\"wp-block-quote is-layout-flow wp-block-quote-is-layout-flow\">\n<p><em>&nbsp;&nbsp;&nbsp;&nbsp;&nbsp;\u201eFizyk z Uniwersytetu Londy\u0144skiego, David Bohm, na przyk\u0142ad wierzy\u2026 \u017ce pomimo swojej&nbsp;<\/em> <em>pozornej solidno\u015bci, wszech\u015bwiat jest w samym sercu iluzj<\/em>\u0105<em>, gigantycznym i wspaniale szczeg\u00f3\u0142owym hologramem\u201d.<\/em><\/p>\n<\/blockquote>\n\n\n\n<p class=\"has-text-align-right\" style=\"font-size:14px\">Talbot, Michael. An essay also entitled <a href=\"https:\/\/www.crystalinks.com\/SimulationTheory.html\">The Holographic Universe<\/a><\/p>\n\n\n\n<p><em>&nbsp;&nbsp;&nbsp;&nbsp;&nbsp;<\/em>Zr\u00f3bmy krok w ty\u0142 \u2026.<\/p>\n\n\n\n<p>&nbsp;&nbsp;&nbsp;&nbsp;&nbsp;Fizyka kwantowa jest tak naprawde nauk\u0105 matematyczn\u0105 i jest na chwile obecn\u0105 najdok\u0142adniejsz\u0105 nauk\u0105 matematyczn\u0105, kt\u00f3ra opisuje co widzimy w naszej \u201crzeczywisto\u015bci.\u201d<\/p>\n\n\n\n<blockquote class=\"wp-block-quote is-layout-flow wp-block-quote-is-layout-flow\">\n<p>&nbsp;&nbsp;&nbsp;<em>&nbsp;&nbsp;<\/em><em>\u201eMatematyka kwantowa \u2013 kt\u00f3ra w naszym przekonaniu jest najbardziej podstawow\u0105 matematyk\u0105, najdok\u0142adniejszym matematycznym opisem przyrody, jaki odkryli\u015bmy \u2013 ta matematyka pokazuje nam wyra\u017anie, \u017ce ruchy obiekt\u00f3w mo\u017cna opisa\u0107 tylko w terminach mo\u017cliwo\u015bci, a nie rzeczywistych wydarze\u0144, kt\u00f3re maj\u0105 miejsce w naszym do\u015bwiadczeniu\u201d.<\/em><\/p>\n<\/blockquote>\n\n\n\n<p class=\"has-text-align-right\" style=\"font-size:14px\">Goswami, Amit, <a href=\"https:\/\/www.cda.pl\/video\/205422326\">What the Bleep!? \u2013 Down the Rabbit Hole<\/a><\/p>\n\n\n\n<p>&nbsp;&nbsp;&nbsp;&nbsp;&nbsp;Matematyka stosowana w fizyce kwantowej do \u201eopisywania przyrody\u201d i wyja\u015bniania zachowania, kt\u00f3re widzimy w naszej \u201erzeczywisto\u015bci\u201d, jest r\u00f3wnie\u017c t\u0105 sam\u0105 matematyk\u0105, kt\u00f3rej u\u017cyto do stworzenia hologramu. To dlatego fizycy kwantowi twierdz\u0105, \u017ce wszech\u015bwiat wydaje si\u0119 bardziej przypomina\u0107 hologram ni\u017c solidna rzeczywisto\u015b\u0107.<\/p>\n\n\n\n<p>&nbsp;&nbsp;&nbsp;&nbsp;&nbsp;Tak wi\u0119c, aby zrozumie\u0107 \u201eholograficzny wszech\u015bwiat\u201d, musimy zrozumie\u0107, w jaki spos\u00f3b tworzony jest hologram. Ale najpierw bardzo kr\u00f3tkie podstawy&#8230;<\/p>\n\n\n\n<p>&nbsp;&nbsp;&nbsp;&nbsp;&nbsp;Holografi\u0119 wynalaz\u0142 W\u0119gierski fizyk Dennis Gabor, kt\u00f3ry otrzyma\u0142 Nagrod\u0119 Nobla w dziedzinie fizyki w 1971 roku. Ale dopiero wtedy, gdy laser zosta\u0142 wynaleziony w 1960, holografia sta\u0142a si\u0119 wykonalna. Dzi\u015b jest u\u017cywana do wielu rzeczy, w tym karty kredytowe i opakowania produkt\u00f3w.<\/p>\n\n\n\n<p>&nbsp;&nbsp;&nbsp;&nbsp;&nbsp;W rzeczywisto\u015bci istniej\u0105 trzy r\u00f3\u017cne rodzaje hologram\u00f3w, niekt\u00f3re wykorzystuj\u0105ce lasery, a inne bia\u0142e \u015bwiat\u0142o. Ale porozmawiajmy o podstawowym procesie laserowym tworzenia hologramu, w uproszczonej formie.<\/p>\n\n\n\n<p>&nbsp;&nbsp;&nbsp;&nbsp;&nbsp;Pierwsz\u0105 rzecz\u0105, kt\u00f3r\u0105 nale\u017cy zrozumie\u0107 przy tworzeniu hologramu, jest to, \u017ce jest to dwuetapowy proces.<\/p>\n\n\n\n<p>&nbsp;&nbsp;&nbsp;&nbsp;&nbsp;Pierwszym krokiem jest wystrzelenie wi\u0105zki laserowej, a nast\u0119pnie natychmiastowe rozszczepienie jej na dwa promienie. Jedna po\u0142owa pierwotnej wi\u0105zki (zwanej \u201ewi\u0105zk\u0105 odniesienia\u201d) kierowana jest w kierunku specjalnej folii holograficznej (lub p\u0142yty). Druga po\u0142owa oryginalnej wi\u0105zki trafia i odbija si\u0119 od przedmiotu, a nast\u0119pnie trafia do tego samego kawa\u0142ka holograficznego filmu.<\/p>\n\n\n\n<figure class=\"wp-block-image size-full\"><img loading=\"lazy\" decoding=\"async\" width=\"486\" height=\"484\" src=\"https:\/\/wolnemotyle.pl\/wp-content\/uploads\/2025\/12\/image-15.png\" alt=\"\" class=\"wp-image-79\" srcset=\"https:\/\/wolnemotyle.pl\/wp-content\/uploads\/2025\/12\/image-15.png 486w, https:\/\/wolnemotyle.pl\/wp-content\/uploads\/2025\/12\/image-15-300x300.png 300w, https:\/\/wolnemotyle.pl\/wp-content\/uploads\/2025\/12\/image-15-150x150.png 150w\" sizes=\"auto, (max-width: 486px) 100vw, 486px\" \/><\/figure>\n\n\n\n<p>&nbsp;&nbsp;&nbsp;&nbsp;&nbsp;W tym momencie masz obraz holograficzny (wz\u00f3r) na holograficznej folii ; ale nie mo\u017cesz zobaczy\u0107 obrazu obiektu. Je\u015bli spojrzysz na film, zobaczysz tylko: du\u017co niczego \u2013 niezauwa\u017calne fale.<\/p>\n\n\n\n<p>&nbsp;&nbsp;&nbsp;&nbsp;&nbsp;By\u0107 mo\u017ce pami\u0119tasz szale\u0144stwo lat 90. na temat tak zwanych \u201ezdj\u0119\u0107 3D\u201d. To by\u0142y zdj\u0119cia, na kt\u00f3rych, patrz\u0105c na nie normalnie, widzia\u0142e\u015b \u2026 nic, naprawd\u0119.<\/p>\n\n\n\n<p>Tylko kilka falistych linii.<\/p>\n\n\n\n<figure class=\"wp-block-image size-full\"><img loading=\"lazy\" decoding=\"async\" width=\"527\" height=\"370\" src=\"https:\/\/wolnemotyle.pl\/wp-content\/uploads\/2025\/12\/image-17.png\" alt=\"\" class=\"wp-image-81\" srcset=\"https:\/\/wolnemotyle.pl\/wp-content\/uploads\/2025\/12\/image-17.png 527w, https:\/\/wolnemotyle.pl\/wp-content\/uploads\/2025\/12\/image-17-300x211.png 300w\" sizes=\"auto, (max-width: 527px) 100vw, 527px\" \/><\/figure>\n\n\n\n<p>&nbsp;&nbsp;&nbsp;&nbsp;&nbsp;Patrzenie na oryginalny obraz na kliszy holograficznej po kroku 1 jest bardzo podobny. Naprawd\u0119 nic nie widzisz.<\/p>\n\n\n\n<p>&nbsp;&nbsp;&nbsp;&nbsp;&nbsp;Ale teraz zr\u00f3bmy krok 2. Je\u015bli we\u017amiesz wi\u0105zk\u0119 lasera z kroku 1 i po\u015bwiecisz ni\u0105 na film holograficzny ponownie\u2026.<\/p>\n\n\n\n<figure class=\"wp-block-image size-full\"><img loading=\"lazy\" decoding=\"async\" width=\"494\" height=\"348\" src=\"https:\/\/wolnemotyle.pl\/wp-content\/uploads\/2025\/12\/image-16.png\" alt=\"\" class=\"wp-image-80\" srcset=\"https:\/\/wolnemotyle.pl\/wp-content\/uploads\/2025\/12\/image-16.png 494w, https:\/\/wolnemotyle.pl\/wp-content\/uploads\/2025\/12\/image-16-300x211.png 300w\" sizes=\"auto, (max-width: 494px) 100vw, 494px\" \/><\/figure>\n\n\n\n<p>&nbsp;&nbsp;&nbsp;&nbsp;&nbsp;\u2026wyskakuje obiekt z kroku 1. By\u0142by to ekwiwalent zmiany Twojej koncentracji, aby obraz 3D wyskoczy\u0142 jako dostrzegalny obraz.<\/p>\n\n\n\n<p>&nbsp;&nbsp;&nbsp;&nbsp;&nbsp;Teraz najciekawsza rzecz w tym holograficznym obrazie jab\u0142ka, kt\u00f3re wyskakuje w kroku 2 jest to, \u017ce wygl\u0105da bardzo realistycznie i bardzo solidnie \u2013 tak realistycznie, \u017ce chcesz je podnie\u015b\u0107 i ugry\u017a\u0107. Ale je\u015bli spr\u00f3bujesz je podnie\u015b\u0107, Twoja r\u0119ka przejdzie na wylot, poniewa\u017c nic tam nie ma.<\/p>\n\n\n\n<blockquote class=\"wp-block-quote is-layout-flow wp-block-quote-is-layout-flow\">\n<p><em>&nbsp;&nbsp;&nbsp;&nbsp;&nbsp;\u201eStworzenie iluzji, \u017ce rzeczy znajduj\u0105 si\u0119 tam, gdzie ich NIE ma, jest kwintesencja hologramu\u2026. Je\u015bli spojrzysz na hologram, wydaje si\u0119 on mie\u0107 rozszerzenie w przestrzeni, ale je\u015bli prze\u0142o\u017cysz przez niego r\u0119k\u0119, przekonasz si\u0119, \u017ce nic tam nie ma\u2026.<\/em><\/p>\n\n\n\n<p><em>&nbsp;&nbsp;&nbsp;&nbsp;Wbrew temu, co m\u00f3wi\u0105 Twoje zmys\u0142y, \u017caden instrument nie odczyta energii ani substancji, w kt\u00f3rej unosi si\u0119 hologram. To dlatego, \u017ce hologram jest wirtualnym obrazem, obrazem, kt\u00f3ry wydaje si\u0119 by\u0107 tam, gdzie go nie ma\u201d.<\/em><\/p>\n<\/blockquote>\n\n\n\n<p class=\"has-text-align-right\" style=\"font-size:14px\"><em>Talbot, Michael. <\/em><a href=\"https:\/\/www.amazon.com\/Holographic-Universe-Michael-Talbot\/dp\/0060922583\/ref=sr_1_1?ie=UTF8&amp;s=books&amp;qid=1283161280&amp;sr=8-1\"><em>The Holographic Universe<\/em><\/a><em>, p. 25<\/em><\/p>\n\n\n\n<p><em>&nbsp;&nbsp;<\/em>&nbsp;&nbsp;&nbsp;Jak wi\u0119c fizyka kwantowa mo\u017ce powiedzie\u0107, \u017ce \u017cyjemy w holograficznym wszech\u015bwiecie? To nie ma sensu. To, co widzimy i dotykamy, wygl\u0105da bardzo realnie i bardzo solidnie. Mo\u017cemy chwyci\u0107 i zje\u015b\u0107 jab\u0142ko, kt\u00f3re widzimy przed nami; wi\u0119c jak mo\u017ce to by\u0107 hologram? My te\u017c nie spadamy przez pod\u0142og\u0119; nie mo\u017cemy te\u017c przechodzi\u0107 przez \u015bciany (no c\u00f3\u017c\u2026ogromna wi\u0119kszo\u015b\u0107 z nas nie mo\u017ce).<\/p>\n\n\n\n<p>&nbsp;&nbsp;&nbsp;&nbsp;&nbsp;Pierwsz\u0105 odpowiedzi\u0105 jest stwierdzenie, \u017ce wielu fizyk\u00f3w kwantowych w rzeczywisto\u015bci nie m\u00f3wi, \u017ce\u2026rzeczywisto\u015b\u0107 fizyczna jest hologramem; m\u00f3wi\u0105, \u017ce dzia\u0142a jak hologram, poniewa\u017c matematyka u\u017cywana do wyja\u015bnienia obu jest taka sama.<\/p>\n\n\n\n<p>&nbsp;&nbsp;&nbsp;&nbsp;&nbsp;Ale coraz wi\u0119cej naukowc\u00f3w idzie teraz dalej i sugeruje, \u017ce rzeczywi\u015bcie, \u017cyjemy w hologramie. Na przyk\u0142ad w 2008 Craig Hogan, dyrektor Centrum Astrofizyki Cz\u0105stek Fermilab, powiedzia\u0142: <\/p>\n\n\n\n<blockquote class=\"wp-block-quote is-layout-flow wp-block-quote-is-layout-flow\">\n<p>\u201e<em>Je\u015bli GEO600 wynik jest taki, jak podejrzewam, oznacza to, \u017ce wszyscy \u017cyjemy w gigantycznym kosmicznym hologramie.\u201d<\/em><\/p>\n<\/blockquote>\n\n\n\n<p class=\"has-text-align-right\" style=\"font-size:14px\">&nbsp;&nbsp;&nbsp;&nbsp;&nbsp;&nbsp;&nbsp;&nbsp;&nbsp;&nbsp;Chown, Marcus.<a href=\"https:\/\/www.newscientist.com\/article\/mg20126911-300-our-world-may-be-a-giant-hologram\/?ignored=irrelevant\"> Our world may be a giant hologram<\/a>, New Scientist, January 15, 2009&nbsp;<\/p>\n\n\n\n<blockquote class=\"wp-block-quote is-layout-flow wp-block-quote-is-layout-flow\">\n<p><em>\u00a0\u00a0\u00a0\u00a0\u00a0\u00a0\u201ePomys\u0142, \u017ce \u017cyjemy w hologramie, prawdopodobnie brzmi absurdalnie, ale jest to naturalne<\/em> <em>rozszerzenie naszego najlepszego zrozumienia czarnych dziur i czym\u015b z do\u015b\u0107 stanowcz<\/em>\u0105 <em>podstaw<\/em>\u0105 <em>teoretyczn<\/em>\u0105<em>. Jest r\u00f3wnie\u017c zaskakuj\u0105co pomocny dla fizyk\u00f3w zmagaj\u0105cych si\u0119 z<\/em> <em>teoriami funkcjonowania wszech\u015bwiata na najbardziej podstawowym poziomie. &#8220;<\/em><\/p>\n<\/blockquote>\n\n\n\n<p class=\"has-text-align-right\" style=\"font-size:14px\">&nbsp;&nbsp;&nbsp;&nbsp;Chown, Marcus.<a href=\"https:\/\/www.newscientist.com\/article\/mg20126911-300-our-world-may-be-a-giant-hologram\/?ignored=irrelevant\"> Our world may be a giant hologram<\/a>, New Scientist, January 15, 2009<\/p>\n\n\n\n<p>&nbsp;&nbsp;&nbsp;A wed\u0142ug dr. Jacoba Bekensteina, profesora fizyki teoretycznej na Uniwersytecie Hebrajskim w Jerozolimie,<\/p>\n\n\n\n<blockquote class=\"wp-block-quote is-layout-flow wp-block-quote-is-layout-flow\">\n<p><em>\u201eZdumiewaj\u0105ca teoria zwana zasad\u0105 holograficzn\u0105\u201d utrzymuje, \u017ce wszech\u015bwiat jest jak hologram\u2026. Fizyka czarnych dziur \u2013 ogromnie g\u0119ste skupiska masy \u2013 daje wskaz\u00f3wk\u0119, \u017ce zasada mo\u017ce by\u0107 prawdziwa.\u201d<\/em><\/p>\n<\/blockquote>\n\n\n\n<p style=\"font-size:11px\">Bekenstein, Jacob D., Ph.D., Professor of Theoretical Physics at the Hebrew University of Jerusalem.<a href=\"https:\/\/www.scientificamerican.com\/article\/information-in-the-hologr-2003-08\/\">Information in the Holographic Universe,<\/a> Scientific American, August 2003&nbsp;<\/p>\n\n\n\n<p>&nbsp;&nbsp;&nbsp;&nbsp;&nbsp;Wi\u0119c w tym momencie po prostu poprosze Ci\u0119 o zawieszenie wszelkich os\u0105d\u00f3w i rozwa\u017cenie mo\u017cliwo\u015b\u0107, \u017ce \u017cyjemy w holograficznym wszech\u015bwiecie, jak sugeruj\u0105 naukowe wyniki fizyki kwantowej. Nie musisz wiecznie w to wierzy\u0107; po prostu wypr\u00f3buj to jako eksperyment. Przyznaj\u0119, to radykalny spos\u00f3b my\u015blenia; ale po tym wszystkim, co przeszli\u015bmy, pr\u00f3buj\u0105c znale\u017a\u0107 \u201eprawd\u0119\u201d\u2013 z kt\u00f3rych wi\u0119kszo\u015b\u0107 nie dzia\u0142a\u0142a zbyt dobrze \u2013 mo\u017ce czas pomy\u015ble\u0107 troch\u0119 bardziej radykalnie.<\/p>\n\n\n\n<blockquote class=\"wp-block-quote is-layout-flow wp-block-quote-is-layout-flow\">\n<p>&nbsp;&nbsp;&nbsp;<em>&nbsp;&nbsp;\u201cStosunkowo \u0142atwo jest zrozumie\u0107 ide\u0119 holizmu na przyk\u0142adzie czego\u015b zewn\u0119trznego wobec nas, jak jab\u0142ko w hologramie. To, co sprawia, \u017ce jest to trudne, to fakt, \u017ce nie patrzymy na hologram; my&nbsp; jeste\u015bmy cz\u0119\u015bci\u0105 hologramu.\u201d<\/em><\/p>\n<\/blockquote>\n\n\n\n<p class=\"has-text-align-right\" style=\"font-size:14px\"><em>Talbot, Michael. <\/em><a href=\"https:\/\/www.amazon.com\/Holographic-Universe-Michael-Talbot\/dp\/0060922583\/ref=sr_1_1?ie=UTF8&amp;s=books&amp;qid=1283161280&amp;sr=8-1\"><em>The Holographic Universe<\/em><\/a><em>, p. 46<\/em><\/p>\n\n\n\n<p><em>&nbsp;&nbsp;&nbsp;&nbsp;&nbsp;&nbsp;&nbsp;&nbsp;&nbsp;&nbsp;&nbsp;&nbsp;&nbsp;&nbsp;&nbsp;&nbsp;&nbsp;&nbsp;&nbsp;&nbsp;&nbsp;&nbsp;&nbsp;&nbsp;&nbsp;&nbsp;&nbsp;&nbsp;&nbsp;&nbsp;&nbsp;&nbsp;&nbsp;&nbsp;&nbsp;<\/em>                                     &nbsp;&nbsp;&nbsp;* * *<\/p>\n\n\n\n<p>&nbsp;&nbsp;&nbsp;&nbsp;&nbsp;Je\u015bli rozejrzymy si\u0119 uwa\u017cnie i zwr\u00f3cimy uwag\u0119, zobaczymy, \u017ce wsz\u0119dzie s\u0105 \u201cwskaz\u00f3wki\u201d i podpowiedzi jak naprawd\u0119 dzia\u0142a nasz wszech\u015bwiat. Wspomn\u0119 o kilku z tych wskaz\u00f3wek w trakcie tej ksi\u0105\u017cki i zamierzam zasugerowa\u0107 kilka Hollywoodzkich film\u00f3w do wypo\u017cyczenia i obejrzenia. M\u00f3g\u0142by\u015b teraz powiedzie\u0107: \u201eTo wszystko tylko fikcja; to tylko film;\u201d i mia\u0142by\u015b racj\u0119. Ale fikcja i filmy r\u00f3wnie\u017c mog\u0105 da\u0107 nam wskaz\u00f3wki na temat tego, co si\u0119 naprawd\u0119 dzieje.<\/p>\n\n\n\n<p>&nbsp;&nbsp;&nbsp;&nbsp;&nbsp;Zw\u0142aszcza science fiction. Kiedy by\u0142em m\u0142ody, widzia\u0142em komiks zatytu\u0142owany Dick Tracy. Dick mia\u0142 naprawd\u0119 niesamowity zegarek na r\u0119k\u0119 z dwukierunkowym radiem. m\u00f3wi\u0119 \u201eniesamowity\u201d, bo w latach pi\u0119\u0107dziesi\u0105tych by\u0142a to czysta fantastyka naukowa. <a href=\"http:\/\/edition.cnn.com\/2010\/TECH\/innovation\/06\/03\/plastic.military.watch.hp\/index.html?section=cnn_latest\">Dzi\u015b to ju\u017c rzeczywisto\u015b\u0107.&nbsp;<\/a><\/p>\n\n\n\n<p>M\u00f3glbym \u2013 i Ty m\u00f3g\u0142by\u015b \u2013 wymieni\u0107 setki rzeczy z dziedziny technologii, o kt\u00f3rych po raz pierwszy wspomniano w jakim\u015b medium artystycznym, kt\u00f3re spe\u0142ni\u0142o si\u0119 w ci\u0105gu ostatnich kilkudziesi\u0119ciu lat, s\u0105 w\u015br\u00f3d nich mi\u0119dzy innymi \u201c1984\u201d George&#8217;a Orwella i \u201cAtlas Shrugged\u201d Ayn Rand \u2013 niestety.<\/p>\n\n\n\n<p>&nbsp;&nbsp;&nbsp;&nbsp;&nbsp;Na YouTube s\u0105 dwa kr\u00f3tkie filmy, kt\u00f3re chc\u0119, \u017ceby\u015b obejrza\u0142, aby uzyska\u0107 lepszy pomys\u0142 na czym polega ta ca\u0142a koncepcja holograficzna i jak prawdziwy mo\u017ce by\u0107 hologram.<\/p>\n\n\n\n<p>&nbsp;&nbsp;&nbsp;&nbsp;&nbsp;Jedna to scena z filmu <a href=\"https:\/\/www.amazon.com\/Thirteenth-Floor-Craig-Bierko\/dp\/0767821629\/ref=sr_1_1?s=dvd&amp;ie=UTF8&amp;qid=1284033598&amp;sr=1-1%20chc%C4%99,%20%C5%BCeby%C5%9B%20obejrza%C5%82,%20aby%20uzyska%C4%87%20lepszy%20pomys%C5%82%20na%20czym%20polega%20ta%20ca%C5%82a%20koncepcja%20holograficzna%20i%20jak%20prawdziwy%20mo%C5%BCe%20wydawa%C4%87%20si%C4%99%20hologram.%20Jedna%20to%20scena%20z%20filmu%20Trzynaste%20pi%C4%99tro.%20W%20tym%20filmie%20Niemiec%20naukowiec%20odkry%C5%82,%20jak%20stworzy%C4%87%20pe%C5%82nowymiarowy%20hologram,%20kt%C3%B3rego%20mo%C5%BCna%20sta%C4%87%20si%C4%99%20cz%C4%99%C5%9Bci%C4%85,%20jak%20film%20totalnej%20immersyjno%C5%9Bci.%20Ale%20naukowiec%20zostaje%20zamordowany,%20a%20jego%20przyjaciel%20i%20partner%E2%80%A6%20(Douglas%20Hall)%20chce%20si%C4%99%20dowiedzie%C4%87,%20kto%20to%20zrobi%C5%82.%20Wi%C4%99c%20Douglas%20wsiada%20do%20%E2%80%9Emaszyny%20do%20hologram%C3%B3w%E2%80%9D%20i%20wchodzi%20do%20hologramu%20Los%20Angeles%20w%201937,%20gdzie%20naukowiec%20zostawi%C5%82%20mu%20wskaz%C3%B3wk%C4%99%20o%20jego%20morderstwie.%20Scena,%20kt%C3%B3r%C4%85%20obejrzysz,%20to%20Douglas%E2%80%9F%20pierwszy%20raz%20w%20hologramie.%20Prosz%C4%99%20zanotowa%C4%87%20jak%20reaguje%20na%20bycie%20w%20hologramie%20i%20jego%20zdziwienie,%20jak%20realnie%20wygl%C4%85da%20i%20czuje%20do%20niego.%20Kliknij%20tutaj,%20aby%20obejrze%C4%87%20wideo.%20Drugi%20klip%20wideo%20pochodzi%20ze%20Star%20Trek:%20The%20Next%20Generation%20(odcinek%2016,%2011001001).%20Poniewa%C5%BC%20statek%20kosmiczny%20Enterprise%20przez%20ca%C5%82y%20czas%20podr%C3%B3%C5%BCowa%C5%82%20po%20wszech%C5%9Bwiecie,%20musieli%20wymy%C5%9Bli%C4%87,%20jak%20umo%C5%BCliwi%C4%87%20za%C5%82odze%20wakacje.%20Wi%C4%99c%20oni%20stworzy%C5%82%20Holodeck%20%E2%80%93%20pomieszczenie,%20w%20kt%C3%B3rym%20mo%C5%BCna%20by%C5%82o%20zam%C3%B3wi%C4%87%20i%20stworzy%C4%87%20dowolny%20hologram%20ich%20relaks%20i%20rado%C5%9B%C4%87.%20Scena,%20kt%C3%B3r%C4%85%20obejrzysz,%20to%20dow%C3%B3dca%20Riker%20z%20pro%C5%9Bb%C4%85%20o%20sp%C4%99dzenie%20czasu%20w%20Nowym%20Orleanie%20granie%20jazzu,%20z%20bardzo%20ciekaw%C4%85%20publiczno%C5%9Bci%C4%85.%20Znowu%20zauwa%C5%BC,%20jak%20bardzo%20jest%20zaskoczony%20%C5%BCe%20kobieta%20wygl%C4%85da,%20czuje%20si%C4%99%20i%20pachnie%20tak%20realnie.%20Kliknij%20tutaj,%20aby%20obejrze%C4%87%20wideo.%20Ale%20je%C5%9Bli%20to%20wszystko%20jest%20mo%C5%BCliwe,%20pojawia%20si%C4%99%20pytanie:%20Jaka%20jest%20nasza%20holograficzna?%20wszech%C5%9Bwiat%20stworzony%20dla%20nas,%20aby%C5%9Bmy%20do%C5%9Bwiadczali%20jako%20wszech%C5%9Bwiata%20fizycznego?\">Trzynaste pi\u0119tro<\/a>. W tym filmie Niemiecki naukowiec odkry\u0142, jak stworzy\u0107 pe\u0142nowymiarowy hologram, kt\u00f3rego ka\u017cdy mo\u017ce sta\u0107 si\u0119 cz\u0119\u015bci\u0105. Ale naukowiec zostaje zamordowany, a jego przyjaciel i partner\u2026 (Douglas Hall) chce si\u0119 dowiedzie\u0107, kto to zrobi\u0142. Wi\u0119c Douglas wchodzi do \u201emaszyny do hologram\u00f3w\u201d i przenosi si\u0119 do Los Angeles w 1937, gdzie naukowiec zostawi\u0142 mu wskaz\u00f3wk\u0119 o jego morderstwie.<\/p>\n\n\n\n<p>&nbsp;&nbsp;&nbsp;&nbsp;&nbsp;Scena, kt\u00f3r\u0105 obejrzysz, to Douglas pierwszy raz w hologramie. Prosz\u0119 spojrze\u0107 jak reaguje na bycie w hologramie i jego zdziwienie, jak realnie hologram wygl\u0105da dla niego.<\/p>\n\n\n\n<p>&nbsp;&nbsp;&nbsp;&nbsp;&nbsp;Kliknij <a href=\"https:\/\/drive.google.com\/file\/d\/0By9X7CaHqt8NLWh2MWN2Zk1mcjg\/view?resourcekey=0-U1StqSiq6VHokXbEWTbthw\">tutaj<\/a>, aby obejrze\u0107 wideo.<\/p>\n\n\n\n<p>&nbsp;&nbsp;&nbsp;&nbsp;&nbsp;Drugi klip wideo pochodzi ze Star Trek: The Next Generation (odcinek 16, 11001001). Poniewa\u017c statek kosmiczny Enterprise przez ca\u0142y czas podr\u00f3\u017cowa\u0142 po wszech\u015bwiecie, musieli wymy\u015bli\u0107, jak umo\u017cliwi\u0107 za\u0142odze wakacje. Wi\u0119c stworzyli Holodeck \u2013 pomieszczenie, w kt\u00f3rym mo\u017cna by\u0142o zam\u00f3wi\u0107 i stworzy\u0107 dowolny hologram dla ich relaksu i rado\u015bci.<\/p>\n\n\n\n<p>&nbsp;&nbsp;&nbsp;&nbsp;&nbsp;Scena, kt\u00f3r\u0105 obejrzysz, to dow\u00f3dca Riker z pro\u015bb\u0105 o sp\u0119dzenie czasu w Nowym Orleanie graj\u0105c jazz, z bardzo ciekaw\u0105 publiczno\u015bci\u0105. Znowu zauwa\u017c, jak bardzo jest zaskoczony \u017ce kobieta wygl\u0105da, czuje si\u0119 i pachnie tak realnie.<\/p>\n\n\n\n<p>&nbsp;&nbsp;&nbsp;&nbsp;&nbsp;Kliknij <a href=\"https:\/\/drive.google.com\/file\/d\/0By9X7CaHqt8Nb3M3SlNJd0lzc2s\/view?resourcekey=0-R_KCstBuFiedA4wM2YXALQ\">tutaj<\/a>, aby obejrze\u0107 wideo.<\/p>\n\n\n\n<p>&nbsp;&nbsp;&nbsp;&nbsp;&nbsp;Ale je\u015bli to wszystko jest mo\u017cliwe, pojawia si\u0119 pytanie: <em>Jak <\/em>nasz holograficzny wszech\u015bwiat jest stworzony dla nas, aby\u015bmy do\u015bwiadczali go jako wszech\u015bwiata fizycznego?<\/p>\n\n\n\n<p><em><a href=\"https:\/\/wolnemotyle.pl\/?page_id=9\">Powr\u00f3t do spisu tre\u015bci<\/a><\/em><\/p>\n\n\n\n<p><\/p>\n","protected":false},"excerpt":{"rendered":"<p>W jaki spos\u00f3b z \u201cPola\u201d, tworzona jest \u201c rzeczywisto\u015b\u0107\u201d? &nbsp;&nbsp;&nbsp;&nbsp;&nbsp;Wi\u0119kszo\u015b\u0107 fizyk\u00f3w kwantowych zgadza si\u0119, \u017ce jest to proces podobny do tworzenia hologramu. Innymi s\u0142owy, wszech\u015bwiat kt\u00f3ry widzimy, jest \u201cholograficznym wszech\u015bwiatem.\u201d &nbsp;&nbsp;&nbsp;&nbsp;&nbsp;\u201eKiedy patrzymy na niekt\u00f3re naukowe pogl\u0105dy na \u201erzeczywisto\u015b\u0107\u201d, kt\u00f3re pr\u00f3bowa\u0142y zej\u015b\u0107, w d\u00f3\u0142, a\u017c do sedna, widzimy na jego ostatecznym poziomie\u2026 \u017ce rzeczywisto\u015b\u0107 nie jest&#8230;<\/p>\n","protected":false},"author":1,"featured_media":0,"parent":0,"menu_order":0,"comment_status":"closed","ping_status":"closed","template":"","meta":{"_kad_post_transparent":"","_kad_post_title":"","_kad_post_layout":"narrow","_kad_post_sidebar_id":"","_kad_post_content_style":"","_kad_post_vertical_padding":"","_kad_post_feature":"","_kad_post_feature_position":"","_kad_post_header":false,"_kad_post_footer":false,"_kad_post_classname":"","footnotes":""},"class_list":["post-78","page","type-page","status-publish","hentry"],"_links":{"self":[{"href":"https:\/\/wolnemotyle.pl\/index.php?rest_route=\/wp\/v2\/pages\/78","targetHints":{"allow":["GET"]}}],"collection":[{"href":"https:\/\/wolnemotyle.pl\/index.php?rest_route=\/wp\/v2\/pages"}],"about":[{"href":"https:\/\/wolnemotyle.pl\/index.php?rest_route=\/wp\/v2\/types\/page"}],"author":[{"embeddable":true,"href":"https:\/\/wolnemotyle.pl\/index.php?rest_route=\/wp\/v2\/users\/1"}],"replies":[{"embeddable":true,"href":"https:\/\/wolnemotyle.pl\/index.php?rest_route=%2Fwp%2Fv2%2Fcomments&post=78"}],"version-history":[{"count":6,"href":"https:\/\/wolnemotyle.pl\/index.php?rest_route=\/wp\/v2\/pages\/78\/revisions"}],"predecessor-version":[{"id":338,"href":"https:\/\/wolnemotyle.pl\/index.php?rest_route=\/wp\/v2\/pages\/78\/revisions\/338"}],"wp:attachment":[{"href":"https:\/\/wolnemotyle.pl\/index.php?rest_route=%2Fwp%2Fv2%2Fmedia&parent=78"}],"curies":[{"name":"wp","href":"https:\/\/api.w.org\/{rel}","templated":true}]}}