{"id":9,"date":"2025-12-27T17:24:32","date_gmt":"2025-12-27T16:24:32","guid":{"rendered":"https:\/\/wolnemotyle.pl\/?page_id=9"},"modified":"2026-01-05T22:33:45","modified_gmt":"2026-01-05T21:33:45","slug":"spis-tresci","status":"publish","type":"page","link":"https:\/\/wolnemotyle.pl\/?page_id=9","title":{"rendered":"Spis tre\u015bci"},"content":{"rendered":"\n<p><strong><a href=\"https:\/\/wolnemotyle.pl\/?page_id=11\">Rozdzia\u0142 0 &#8211; Wprowadzenie<\/a><\/strong><\/p>\n\n\n\n<p><a href=\"https:\/\/wolnemotyle.pl\/?page_id=13\"><strong>CZ\u0118\u015a\u0106 PIERWSZA &#8211; Metafora kina<\/strong>. <strong>Przedmowa do cz\u0119\u015bci pierwszej<\/strong><\/a><\/p>\n\n\n\n<p><strong><a href=\"https:\/\/wolnemotyle.pl\/?page_id=15\">Rozdzia\u0142 1 &#8211; Jaskinia Platona<\/a><\/strong><\/p>\n\n\n\n<p><strong><a href=\"https:\/\/wolnemotyle.pl\/?page_id=19\">Rozdzia\u0142 2 &#8211; \u0141\u0105czenie si\u0119<\/a><\/strong><\/p>\n\n\n\n<p><strong><a href=\"https:\/\/wolnemotyle.pl\/?page_id=21\">Rozdzia\u0142 3 &#8211; Co jest nie tak z tym obrazem?<\/a><\/strong><\/p>\n\n\n\n<p><strong><a href=\"https:\/\/wolnemotyle.pl\/?page_id=23\">Rozdzia\u0142 4 &#8211; Biblioteka<\/a><\/strong><\/p>\n\n\n\n<p><strong><a href=\"https:\/\/wolnemotyle.pl\/?page_id=39\">Rozdzia\u0142 5 &#8211; Pole<\/a><\/strong><\/p>\n\n\n\n<p><strong><a href=\"https:\/\/wolnemotyle.pl\/?page_id=78\">Rozdzia\u0142 6 &#8211; Hologram<\/a><\/strong><\/p>\n\n\n\n<p><strong><a href=\"https:\/\/wolnemotyle.pl\/?page_id=84\">Rozdzia\u0142 7 &#8211; Nie ma tam nic<\/a><\/strong><\/p>\n\n\n\n<p><strong><a href=\"https:\/\/wolnemotyle.pl\/?page_id=116\">Rozdzia\u0142 8 &#8211; Ucieczka<\/a><\/strong><\/p>\n\n\n\n<p><strong><a href=\"https:\/\/wolnemotyle.pl\/?page_id=119\">CZ\u0118\u015a\u0106 DRUGA &#8211; Wewn\u0105trz kokonu<\/a><\/strong>. <strong><a href=\"https:\/\/wolnemotyle.pl\/?page_id=119\">Przedmowa do cz\u0119\u015bci drugiej<\/a><\/strong><\/p>\n\n\n\n<p><strong><a href=\"https:\/\/wolnemotyle.pl\/?page_id=121\">Rozdzia\u0142 9 &#8211; Model \u015bwiadomo\u015bci<\/a><\/strong><\/p>\n\n\n\n<p><strong><a href=\"https:\/\/wolnemotyle.pl\/?page_id=128\">Rozdzia\u0142 10 &#8211; Model gracza<\/a><\/strong><\/p>\n\n\n\n<p><strong><a href=\"https:\/\/wolnemotyle.pl\/?page_id=138\">Rozdzia\u0142 11 &#8211; Model Ludzkiej Gry<\/a><\/strong><\/p>\n\n\n\n<p><a href=\"https:\/\/wolnemotyle.pl\/?page_id=142\"><strong>Rozdzia\u0142 12 &#8211; Model Dw<strong>\u00f3<\/strong>ch Po\u0142\u00f3wek<\/strong><\/a><\/p>\n\n\n\n<p><strong><a href=\"https:\/\/wolnemotyle.pl\/?page_id=151\">Rozdzia\u0142 13 &#8211; Proces<\/a><\/strong><\/p>\n\n\n\n<p><strong><a href=\"https:\/\/wolnemotyle.pl\/?page_id=154\">Rozdzia\u0142 14 &#8211; Duchowa autoliza<\/a><\/strong><\/p>\n\n\n\n<p><strong><a href=\"https:\/\/wolnemotyle.pl\/?page_id=157\">Rozdzia\u0142 15 &#8211; Od\u0142\u0105czanie i \u201ebrak pragnie\u0144\u201d<\/a><\/strong><\/p>\n\n\n\n<p><strong><a href=\"https:\/\/wolnemotyle.pl\/?page_id=162\">Rozdzia\u0142 16 &#8211; Os\u0105dzanie<\/a><\/strong><\/p>\n\n\n\n<p><strong><a href=\"https:\/\/wolnemotyle.pl\/?page_id=165\">Rozdzia\u0142 17 &#8211; Wiara i opinie<\/a><\/strong><\/p>\n\n\n\n<p><strong><a href=\"https:\/\/wolnemotyle.pl\/?page_id=174\">Rozdzia\u0142 18 &#8211; Op\u00f3r<\/a><\/strong><\/p>\n\n\n\n<p><strong><a href=\"https:\/\/wolnemotyle.pl\/?page_id=180\">Rozdzia\u0142 19 &#8211; Strach<\/a><\/strong><\/p>\n\n\n\n<p><strong><a href=\"https:\/\/wolnemotyle.pl\/?page_id=182\">Rozdzia\u0142 20 &#8211; Kim jestem?<\/a><\/strong><\/p>\n\n\n\n<p><strong><a href=\"https:\/\/wolnemotyle.pl\/?page_id=186\">Rozdzia\u0142 21 &#8211; O stawaniu si<strong>\u0119<\/strong> motylem<\/a><\/strong><\/p>\n\n\n\n<p><a href=\"https:\/\/wolnemotyle.pl\/?page_id=189\"><strong>CZ\u0118\u015a\u0106 TRZECIA &#8211; Pytania i odpowiedzi<\/strong>. <strong>Przedmowa do cz\u0119\u015bci trzeciej<\/strong><\/a><\/p>\n\n\n\n<p><strong><a href=\"https:\/\/wolnemotyle.pl\/?page_id=192\">Rozdzia\u0142 22 &#8211; Jeden wielki hologram?<\/a><\/strong><\/p>\n\n\n\n<p><strong><a href=\"https:\/\/wolnemotyle.pl\/?page_id=196\">Rozdzia\u0142 23 &#8211; Inni ludzie<\/a><\/strong><\/p>\n\n\n\n<p><strong><a href=\"https:\/\/wolnemotyle.pl\/?page_id=200\">Rozdzia\u0142 24 &#8211; Szablon \u201e\u015arodowiska Ziemi\u201d<\/a><\/strong><\/p>\n\n\n\n<p><strong><a href=\"https:\/\/wolnemotyle.pl\/?page_id=204\">Rozdzia\u0142 25 &#8211; Czy wszyscy jeste\u015bmy jednym?<\/a><\/strong><\/p>\n\n\n\n<p><strong><a href=\"https:\/\/wolnemotyle.pl\/?page_id=209\">Rozdzia\u0142 26 &#8211; Jeden gracz na jedno ,, <em>Niesko\u0144czone Ja<\/em>\u2019\u2019?<\/a><\/strong><\/p>\n\n\n\n<p><strong><a href=\"https:\/\/wolnemotyle.pl\/?page_id=213\">Rozdzia\u0142 27 &#8211; Poprzednie \u017cycia?<\/a><\/strong><\/p>\n\n\n\n<p><strong><a href=\"https:\/\/wolnemotyle.pl\/?page_id=217\">Rozdzia\u0142 28 &#8211; Karma, przyczyna i skutek<\/a><\/strong><\/p>\n\n\n\n<p><strong><a href=\"https:\/\/wolnemotyle.pl\/?page_id=220\">Rozdzia\u0142 29 &#8211; Zaufanie<\/a><\/strong><\/p>\n\n\n\n<p><strong><a href=\"https:\/\/wolnemotyle.pl\/?page_id=223\">Rozdzia\u0142 30 &#8211; Pieni\u0105dze<\/a><\/strong><\/p>\n\n\n\n<p><strong><a href=\"https:\/\/wolnemotyle.pl\/?page_id=229\">Rozdzia\u0142 31 &#8211; Ego<\/a><\/strong><\/p>\n\n\n\n<p><strong><a href=\"https:\/\/wolnemotyle.pl\/?page_id=233\">Rozdzia\u0142 32 &#8211; Wsp\u00f3\u0142czucie<\/a><\/strong><\/p>\n\n\n\n<p><strong><a href=\"https:\/\/wolnemotyle.pl\/?page_id=237\">Rozdzia\u0142 33 &#8211; Robert Scheinfeld<\/a><\/strong><\/p>\n\n\n\n<p><strong><a href=\"https:\/\/wolnemotyle.pl\/?page_id=240\">Rozdzia\u0142 34 &#8211; Jed McKenna<\/a><\/strong><\/p>\n\n\n\n<p><strong><a href=\"https:\/\/wolnemotyle.pl\/?page_id=243\">Rozdzia\u0142 35 &#8211; U J Krishnamurti<\/a><\/strong><\/p>\n\n\n\n<p><strong><a href=\"https:\/\/wolnemotyle.pl\/?page_id=246\">Rozdzia\u0142 36 &#8211; Przysz\u0142o\u015b\u0107<\/a><\/strong><\/p>\n\n\n\n<p><strong><a href=\"https:\/\/wolnemotyle.pl\/?page_id=258\">Zako\u0144czenie<\/a><\/strong><\/p>\n\n\n\n<p><\/p>\n","protected":false},"excerpt":{"rendered":"<p>Rozdzia\u0142 0 &#8211; Wprowadzenie CZ\u0118\u015a\u0106 PIERWSZA &#8211; Metafora kina. Przedmowa do cz\u0119\u015bci pierwszej Rozdzia\u0142 1 &#8211; Jaskinia Platona Rozdzia\u0142 2 &#8211; \u0141\u0105czenie si\u0119 Rozdzia\u0142 3 &#8211; Co jest nie tak z tym obrazem? Rozdzia\u0142 4 &#8211; Biblioteka Rozdzia\u0142 5 &#8211; Pole Rozdzia\u0142 6 &#8211; Hologram Rozdzia\u0142 7 &#8211; Nie ma tam nic Rozdzia\u0142 8 &#8211;&#8230;<\/p>\n","protected":false},"author":1,"featured_media":0,"parent":0,"menu_order":0,"comment_status":"closed","ping_status":"closed","template":"","meta":{"_kad_post_transparent":"","_kad_post_title":"","_kad_post_layout":"","_kad_post_sidebar_id":"","_kad_post_content_style":"","_kad_post_vertical_padding":"","_kad_post_feature":"","_kad_post_feature_position":"","_kad_post_header":false,"_kad_post_footer":false,"_kad_post_classname":"","footnotes":""},"class_list":["post-9","page","type-page","status-publish","hentry"],"_links":{"self":[{"href":"https:\/\/wolnemotyle.pl\/index.php?rest_route=\/wp\/v2\/pages\/9","targetHints":{"allow":["GET"]}}],"collection":[{"href":"https:\/\/wolnemotyle.pl\/index.php?rest_route=\/wp\/v2\/pages"}],"about":[{"href":"https:\/\/wolnemotyle.pl\/index.php?rest_route=\/wp\/v2\/types\/page"}],"author":[{"embeddable":true,"href":"https:\/\/wolnemotyle.pl\/index.php?rest_route=\/wp\/v2\/users\/1"}],"replies":[{"embeddable":true,"href":"https:\/\/wolnemotyle.pl\/index.php?rest_route=%2Fwp%2Fv2%2Fcomments&post=9"}],"version-history":[{"count":66,"href":"https:\/\/wolnemotyle.pl\/index.php?rest_route=\/wp\/v2\/pages\/9\/revisions"}],"predecessor-version":[{"id":306,"href":"https:\/\/wolnemotyle.pl\/index.php?rest_route=\/wp\/v2\/pages\/9\/revisions\/306"}],"wp:attachment":[{"href":"https:\/\/wolnemotyle.pl\/index.php?rest_route=%2Fwp%2Fv2%2Fmedia&parent=9"}],"curies":[{"name":"wp","href":"https:\/\/api.w.org\/{rel}","templated":true}]}}